{"id":5947,"date":"2026-05-06T23:28:48","date_gmt":"2026-05-06T15:28:48","guid":{"rendered":"https:\/\/glasswaremanufacturers.com\/product\/embossed-flower-glass-wine-cup\/"},"modified":"2026-05-06T23:28:48","modified_gmt":"2026-05-06T15:28:48","slug":"copa-de-vino-de-cristal-con-flor-en-relieve","status":"publish","type":"product","link":"https:\/\/glasswaremanufacturers.com\/es\/product\/embossed-flower-glass-wine-cup\/","title":{"rendered":"Copa de vino de cristal con flor en relieve"},"content":{"rendered":"<h2>Productos<\/h2>\n<div class=\"product-table\">\n<div class=\"row\">\n<div class=\"cell label\">tipo de vidrio<\/div>\n<div class=\"cell value\">VIDRIO<\/div>\n<\/div>\n<div class=\"row\">\n<div class=\"cell label\">capacidad<\/div>\n<div class=\"cell value\">260 ml<\/div>\n<\/div>\n<div class=\"row\">\n<div class=\"cell label\">material<\/div>\n<div class=\"cell value\">Vidrio<\/div>\n<\/div>\n<div class=\"row\">\n<div class=\"cell label\">funci\u00f3n<\/div>\n<div class=\"cell value\">Apto para lavavajillas, nuevo dise\u00f1o, en relieve, respetuoso con el medio ambiente, duradero<\/div>\n<\/div>\n<div class=\"row\">\n<div class=\"cell label\">Artesan\u00eda<\/div>\n<div class=\"cell value\">Hecho a mano<\/div>\n<\/div>\n<div class=\"row\">\n<div class=\"cell label\">estilo<\/div>\n<div class=\"cell value\">Flor<\/div>\n<\/div>\n<div class=\"row\">\n<div class=\"cell label\">utilice<\/div>\n<div class=\"cell value\">Vino<\/div>\n<\/div>\n<div class=\"row\">\n<div class=\"cell label\">ocasi\u00f3n<\/div>\n<div class=\"cell value\">Fiesta<\/div>\n<\/div>\n<div class=\"row\">\n<div class=\"cell label\">tipo de metal<\/div>\n<div class=\"cell value\">No Mental<\/div>\n<\/div>\n<div class=\"row\">\n<div class=\"cell label\">tipo de pl\u00e1stico<\/div>\n<div class=\"cell value\">sin pl\u00e1stico<\/div>\n<\/div>\n<div class=\"row\">\n<div class=\"cell label\">tipo cer\u00e1mica<\/div>\n<div class=\"cell value\">No Cer\u00e1mica<\/div>\n<\/div>\n<div class=\"row\">\n<div class=\"cell label\">Material<\/div>\n<div class=\"cell value\">Vidrio<\/div>\n<\/div>\n<div class=\"row\">\n<div class=\"cell label\">Unidades de venta<\/div>\n<div class=\"cell value\">M\u00faltiplo de 100<\/div>\n<\/div>\n<div class=\"row\">\n<div class=\"cell label\">Tama\u00f1o del envase por lote<\/div>\n<div class=\"cell value\">28,1X37,2X40,8 cm<\/div>\n<\/div>\n<div class=\"row\">\n<div class=\"cell label\">Peso bruto por lote<\/div>\n<div class=\"cell value\">9.290 kg<\/div>\n<\/div>\n<\/div>\n<p>\n<img decoding=\"async\" src=\"https:\/\/glasswaremanufacturers.com\/wp-content\/uploads\/Embossed_Flower_Glass_Wine_Cup.webp\" alt=\"Copa de vino de cristal con flor en relieve\" title=\"Copa de vino de cristal con flor en relieve\"><\/p>\n<h2>PREGUNTAS FRECUENTES<\/h2>\n<p><strong>1. \u00bfCu\u00e1l es la capacidad de la copa de vino?<\/strong><br \/>La capacidad var\u00eda, ofreciendo opciones que se adaptan a distintas preferencias.<\/p>\n<p><strong>2. \u00bfSe puede lavar el cristal en el lavavajillas?<\/strong><br \/>S\u00ed, la copa de vino de cristal con flores en relieve se puede lavar en el lavavajillas.<\/p>\n<p><strong>3. \u00bfSe puede personalizar la copa de vino con logotipos?<\/strong><br \/>Existen opciones de personalizaci\u00f3n para la marca corporativa.<\/p>\n<p><strong>4. \u00bfAfecta el dise\u00f1o en relieve al sabor del vino?<\/strong><br \/>El dise\u00f1o realza el aroma sin alterar el sabor del vino.<\/p>\n<p><strong>5. \u00bfCu\u00e1l es el material utilizado para la copa de vino?<\/strong><br \/>Est\u00e1 fabricado con cristal resistente de alta calidad.<\/p>\n<p><strong>6. \u00bfSe pueden hacer pedidos al por mayor?<\/strong><br \/>S\u00ed, se pueden hacer pedidos al por mayor para necesidades corporativas.<\/p>\n<p><strong>7. \u00bfEs la copa apta para vino tinto y blanco?<\/strong><br \/>El dise\u00f1o es vers\u00e1til tanto para vinos tintos como blancos.<\/p>\n<p><strong>8. \u00bfC\u00f3mo beneficia el dise\u00f1o a la presentaci\u00f3n del vino?<\/strong><br \/>Su elegante dise\u00f1o realza el atractivo visual de las porciones de vino.<\/p>\n<p><\/p>\n<h2>Blog reciente<\/h2>","protected":false},"featured_media":5946,"parent":0,"template":"","meta":{"_acf_changed":false,"_seopress_robots_primary_cat":"","_seopress_titles_title":"","_seopress_titles_desc":"","_seopress_robots_index":""},"categories":[12],"class_list":["post-5947","product","type-product","status-publish","has-post-thumbnail","hentry","category-glass-cup-manufacturers"],"acf":{"product_maidian":"<li>Elegant design enhances wine presentation.<\/li>\r\n<li>Embossed flowers add a touch of sophistication.<\/li>\r\n<li>Durable glass ensures long-lasting use.<\/li>\r\n<li>Perfect for corporate events and gatherings.<\/li>\r\n<li>Easy to clean and maintain.<\/li>\r\n<li>Enhances the aroma and taste of wines.<\/li>\r\n<li>Ideal for gifting to clients and partners.<\/li>\r\n<li>Available in various sizes for different needs.<\/li>"},"_links":{"self":[{"href":"https:\/\/glasswaremanufacturers.com\/es\/wp-json\/wp\/v2\/product\/5947","targetHints":{"allow":["GET"]}}],"collection":[{"href":"https:\/\/glasswaremanufacturers.com\/es\/wp-json\/wp\/v2\/product"}],"about":[{"href":"https:\/\/glasswaremanufacturers.com\/es\/wp-json\/wp\/v2\/types\/product"}],"wp:featuredmedia":[{"embeddable":true,"href":"https:\/\/glasswaremanufacturers.com\/es\/wp-json\/wp\/v2\/media\/5946"}],"wp:attachment":[{"href":"https:\/\/glasswaremanufacturers.com\/es\/wp-json\/wp\/v2\/media?parent=5947"}],"wp:term":[{"taxonomy":"category","embeddable":true,"href":"https:\/\/glasswaremanufacturers.com\/es\/wp-json\/wp\/v2\/categories?post=5947"}],"curies":[{"name":"wp","href":"https:\/\/api.w.org\/{rel}","templated":true}]}}