{"id":5995,"date":"2026-05-12T23:16:16","date_gmt":"2026-05-12T15:16:16","guid":{"rendered":"https:\/\/glasswaremanufacturers.com\/product\/glass-cup-with-straw-lid\/"},"modified":"2026-05-12T23:16:16","modified_gmt":"2026-05-12T15:16:16","slug":"vaso-de-cristal-con-tapa-de-paja","status":"publish","type":"product","link":"https:\/\/glasswaremanufacturers.com\/es\/product\/glass-cup-with-straw-lid\/","title":{"rendered":"Vaso de cristal con tapa de pajita"},"content":{"rendered":"<h2>Productos<\/h2>\n<div class=\"product-table\">\n<div class=\"row\">\n<div class=\"cell label\">material<\/div>\n<div class=\"cell value\">Vidrio borosilicato resistente al calor<\/div>\n<\/div>\n<div class=\"row\">\n<div class=\"cell label\">tipo<\/div>\n<div class=\"cell value\">Vaso<\/div>\n<\/div>\n<div class=\"row\">\n<div class=\"cell label\">Construcci\u00f3n de muros<\/div>\n<div class=\"cell value\">Pared simple<\/div>\n<\/div>\n<div class=\"row\">\n<div class=\"cell label\">Apto para microondas<\/div>\n<div class=\"cell value\">S\u00ed<\/div>\n<\/div>\n<div class=\"row\">\n<div class=\"cell label\">apto para lavavajillas<\/div>\n<div class=\"cell value\">S\u00ed<\/div>\n<\/div>\n<div class=\"row\">\n<div class=\"cell label\">Aplicaci\u00f3n<\/div>\n<div class=\"cell value\">Inicio<\/div>\n<\/div>\n<div class=\"row\">\n<div class=\"cell label\">funci\u00f3n<\/div>\n<div class=\"cell value\">Reutilizable, a prueba de fugas<\/div>\n<\/div>\n<div class=\"row\">\n<div class=\"cell label\">estilo<\/div>\n<div class=\"cell value\">Moderno<\/div>\n<\/div>\n<div class=\"row\">\n<div class=\"cell label\">Personas aplicables<\/div>\n<div class=\"cell value\">Unisex<\/div>\n<\/div>\n<div class=\"row\">\n<div class=\"cell label\">ocasi\u00f3n<\/div>\n<div class=\"cell value\">en todas partes<\/div>\n<\/div>\n<div class=\"row\">\n<div class=\"cell label\">Nombre del producto<\/div>\n<div class=\"cell value\">Vaso de cristal sublimado<\/div>\n<\/div>\n<div class=\"row\">\n<div class=\"cell label\">tipo<\/div>\n<div class=\"cell value\">Vaso para bebidas<\/div>\n<\/div>\n<div class=\"row\">\n<div class=\"cell label\">logotipo<\/div>\n<div class=\"cell value\">Logotipo personalizado aceptable<\/div>\n<\/div>\n<div class=\"row\">\n<div class=\"cell label\">paquete<\/div>\n<div class=\"cell value\">1 unidad\/caja interior<\/div>\n<\/div>\n<div class=\"row\">\n<div class=\"cell label\">Material<\/div>\n<div class=\"cell value\">Vidrio de alto contenido en borosilicato<\/div>\n<\/div>\n<div class=\"row\">\n<div class=\"cell label\">Utilizaci\u00f3n<\/div>\n<div class=\"cell value\">Caf\u00e9. T\u00e9. Cerveza. Agua<\/div>\n<\/div>\n<div class=\"row\">\n<div class=\"cell label\">Color<\/div>\n<div class=\"cell value\">Color personalizado<\/div>\n<\/div>\n<div class=\"row\">\n<div class=\"cell label\">Capacidad<\/div>\n<div class=\"cell value\">16 onzas<\/div>\n<\/div>\n<div class=\"row\">\n<div class=\"cell label\">MOQ<\/div>\n<div class=\"cell value\">50 unidades<\/div>\n<\/div>\n<div class=\"row\">\n<div class=\"cell label\">Unidades de venta<\/div>\n<div class=\"cell value\">Art\u00edculo individual<\/div>\n<\/div>\n<div class=\"row\">\n<div class=\"cell label\">Tama\u00f1o de envase individual<\/div>\n<div class=\"cell value\">10X10X17 cm<\/div>\n<\/div>\n<div class=\"row\">\n<div class=\"cell label\">Peso bruto \u00fanico<\/div>\n<div class=\"cell value\">0,260 kg<\/div>\n<\/div>\n<\/div>\n<p>\n<img decoding=\"async\" src=\"https:\/\/glasswaremanufacturers.com\/wp-content\/uploads\/Glass_Cup_with_Straw_Lid.webp\" alt=\"Vaso de cristal con tapa de pajita\" title=\"Vaso de cristal con tapa de pajita\"><\/p>\n<h2>PREGUNTAS FRECUENTES<\/h2>\n<p><strong>1. \u00bfEs el vaso de cristal apto para el lavavajillas?<\/strong><br \/>S\u00ed, el vaso de cristal se puede lavar en el lavavajillas para facilitar su limpieza.<\/p>\n<p><strong>2. \u00bfPuedo utilizar la taza para bebidas calientes?<\/strong><br \/>Por supuesto, el vaso de cristal est\u00e1 dise\u00f1ado tanto para bebidas fr\u00edas como calientes.<\/p>\n<p><strong>3. \u00bfLa tapa con pajita evita los derrames?<\/strong><br \/>S\u00ed, la tapa con pajita est\u00e1 dise\u00f1ada para minimizar los derrames durante su uso.<\/p>\n<p><strong>4. \u00bfQu\u00e9 tallas hay disponibles?<\/strong><br \/>El vaso de cristal est\u00e1 disponible en varios tama\u00f1os para adaptarse a las distintas preferencias.<\/p>\n<p><strong>5. \u00bfEs ecol\u00f3gico el material?<\/strong><br \/>S\u00ed, el vaso de cristal est\u00e1 fabricado con materiales ecol\u00f3gicos.<\/p>\n<p><strong>6. \u00bfQu\u00e9 durabilidad tiene el vaso de cristal?<\/strong><br \/>El vaso de cristal est\u00e1 fabricado para garantizar una larga durabilidad.<\/p>\n<p><strong>7. \u00bfPuedo comprar tapas o pajitas de repuesto?<\/strong><br \/>S\u00ed, se pueden comprar tapas y pajitas de repuesto.<\/p>\n<p><strong>8. \u00bfTiene la taza un dise\u00f1o ergon\u00f3mico?<\/strong><br \/>S\u00ed, el vaso de cristal tiene una forma ergon\u00f3mica para un manejo c\u00f3modo.<\/p>\n<p><\/p>\n<h2>Blog reciente<\/h2>","protected":false},"featured_media":5994,"parent":0,"template":"","meta":{"_acf_changed":false,"_seopress_robots_primary_cat":"","_seopress_titles_title":"","_seopress_titles_desc":"","_seopress_robots_index":"","_seopress_analysis_target_kw":""},"categories":[12],"class_list":["post-5995","product","type-product","status-publish","has-post-thumbnail","hentry","category-glass-cup-manufacturers"],"acf":{"product_maidian":"<li>Durable glass construction ensures longevity.<\/li>\r\n<li>Straw lid design facilitates spill-free sipping.<\/li>\r\n<li>Eco-friendly materials promote sustainable use.<\/li>\r\n<li>Ergonomic shape offers comfortable handling.<\/li>\r\n<li>Easy to clean with dishwasher-safe components.<\/li>\r\n<li>Ideal for both hot and cold beverages.<\/li>\r\n<li>Sleek design enhances drink presentation.<\/li>\r\n<li>Available in various sizes to suit different needs.<\/li>"},"_links":{"self":[{"href":"https:\/\/glasswaremanufacturers.com\/es\/wp-json\/wp\/v2\/product\/5995","targetHints":{"allow":["GET"]}}],"collection":[{"href":"https:\/\/glasswaremanufacturers.com\/es\/wp-json\/wp\/v2\/product"}],"about":[{"href":"https:\/\/glasswaremanufacturers.com\/es\/wp-json\/wp\/v2\/types\/product"}],"wp:featuredmedia":[{"embeddable":true,"href":"https:\/\/glasswaremanufacturers.com\/es\/wp-json\/wp\/v2\/media\/5994"}],"wp:attachment":[{"href":"https:\/\/glasswaremanufacturers.com\/es\/wp-json\/wp\/v2\/media?parent=5995"}],"wp:term":[{"taxonomy":"category","embeddable":true,"href":"https:\/\/glasswaremanufacturers.com\/es\/wp-json\/wp\/v2\/categories?post=5995"}],"curies":[{"name":"wp","href":"https:\/\/api.w.org\/{rel}","templated":true}]}}