{"id":5997,"date":"2026-05-12T23:16:18","date_gmt":"2026-05-12T15:16:18","guid":{"rendered":"https:\/\/glasswaremanufacturers.com\/product\/glass-straw-water-bottle\/"},"modified":"2026-05-12T23:16:18","modified_gmt":"2026-05-12T15:16:18","slug":"botella-de-agua-con-pajita-de-cristal","status":"publish","type":"product","link":"https:\/\/glasswaremanufacturers.com\/es\/product\/glass-straw-water-bottle\/","title":{"rendered":"Botella de agua con pajita"},"content":{"rendered":"<h2>Productos<\/h2>\n<div class=\"product-table\">\n<div class=\"row\">\n<div class=\"cell label\">material<\/div>\n<div class=\"cell value\">Vidrio<\/div>\n<\/div>\n<div class=\"row\">\n<div class=\"cell label\">tipo<\/div>\n<div class=\"cell value\">Tazas de viaje<\/div>\n<\/div>\n<div class=\"row\">\n<div class=\"cell label\">Apto para microondas<\/div>\n<div class=\"cell value\">No<\/div>\n<\/div>\n<div class=\"row\">\n<div class=\"cell label\">apto para lavavajillas<\/div>\n<div class=\"cell value\">No<\/div>\n<\/div>\n<div class=\"row\">\n<div class=\"cell label\">Aplicaci\u00f3n<\/div>\n<div class=\"cell value\">Inicio<\/div>\n<\/div>\n<div class=\"row\">\n<div class=\"cell label\">funci\u00f3n<\/div>\n<div class=\"cell value\">En stock<\/div>\n<\/div>\n<div class=\"row\">\n<div class=\"cell label\">tipos de tapones para botellas de agua<\/div>\n<div class=\"cell value\">Pajita con tapa<\/div>\n<\/div>\n<div class=\"row\">\n<div class=\"cell label\">estilo<\/div>\n<div class=\"cell value\">Bonito<\/div>\n<\/div>\n<div class=\"row\">\n<div class=\"cell label\">Patr\u00f3n<\/div>\n<div class=\"cell value\">logotipo<\/div>\n<\/div>\n<div class=\"row\">\n<div class=\"cell label\">Personas aplicables<\/div>\n<div class=\"cell value\">Unisex<\/div>\n<\/div>\n<div class=\"row\">\n<div class=\"cell label\">ocasi\u00f3n<\/div>\n<div class=\"cell value\">Vuelta al cole<\/div>\n<\/div>\n<div class=\"row\">\n<div class=\"cell label\">Nombre del producto<\/div>\n<div class=\"cell value\">Botella de agua potable<\/div>\n<\/div>\n<div class=\"row\">\n<div class=\"cell label\">Material<\/div>\n<div class=\"cell value\">Vidrio<\/div>\n<\/div>\n<div class=\"row\">\n<div class=\"cell label\">Color<\/div>\n<div class=\"cell value\">Rosa \/ Verde \/ Blanco<\/div>\n<\/div>\n<div class=\"row\">\n<div class=\"cell label\">Capacidad<\/div>\n<div class=\"cell value\">350 ml<\/div>\n<\/div>\n<div class=\"row\">\n<div class=\"cell label\">Utilizaci\u00f3n<\/div>\n<div class=\"cell value\">Art\u00edculos de bebida<\/div>\n<\/div>\n<div class=\"row\">\n<div class=\"cell label\">Tipo<\/div>\n<div class=\"cell value\">botella de agua<\/div>\n<\/div>\n<div class=\"row\">\n<div class=\"cell label\">Embalaje<\/div>\n<div class=\"cell value\">Se acepta el embalaje a medida<\/div>\n<\/div>\n<div class=\"row\">\n<div class=\"cell label\">Palabras clave<\/div>\n<div class=\"cell value\">Botellas de agua<\/div>\n<\/div>\n<div class=\"row\">\n<div class=\"cell label\">Muestra<\/div>\n<div class=\"cell value\">Muestra Proporcionar<\/div>\n<\/div>\n<div class=\"row\">\n<div class=\"cell label\">MOQ<\/div>\n<div class=\"cell value\">10<\/div>\n<\/div>\n<div class=\"row\">\n<div class=\"cell label\">Unidades de venta<\/div>\n<div class=\"cell value\">Art\u00edculo individual<\/div>\n<\/div>\n<div class=\"row\">\n<div class=\"cell label\">Tama\u00f1o de envase individual<\/div>\n<div class=\"cell value\">10X10X28 cm<\/div>\n<\/div>\n<div class=\"row\">\n<div class=\"cell label\">Peso bruto \u00fanico<\/div>\n<div class=\"cell value\">1.500 kg<\/div>\n<\/div>\n<\/div>\n<p>\n<img decoding=\"async\" src=\"https:\/\/glasswaremanufacturers.com\/wp-content\/uploads\/Glass_Straw_Water_Bottle.webp\" alt=\"Botella de agua con pajita\" title=\"Botella de agua con pajita\"><\/p>\n<h2>PREGUNTAS FRECUENTES<\/h2>\n<p><strong>1. \u00bfLa botella de vidrio es apta para microondas?<\/strong><br \/>S\u00ed, el cristal es apto para microondas, pero retira las tapas y la pajita antes de calentar.<\/p>\n<p><strong>2. \u00bfC\u00f3mo se limpia eficazmente la botella?<\/strong><br \/>Utiliza un cepillo para biberones y agua jabonosa templada para una limpieza a fondo.<\/p>\n<p><strong>3. \u00bfPuede sustituirse la pajita?<\/strong><br \/>S\u00ed, se pueden comprar pajitas de repuesto.<\/p>\n<p><strong>4. \u00bfCu\u00e1l es la capacidad de la botella?<\/strong><br \/>La botella contiene 20 onzas de l\u00edquido.<\/p>\n<p><strong>5. \u00bfEs la cantimplora de vidrio apta para bebidas calientes?<\/strong><br \/>S\u00ed, est\u00e1 dise\u00f1ado para manejar tanto bebidas fr\u00edas como calientes.<\/p>\n<p><strong>6. \u00bfCabe la botella en los portavasos est\u00e1ndar?<\/strong><br \/>S\u00ed, su dise\u00f1o compacto se adapta a la mayor\u00eda de portavasos de coches y oficinas.<\/p>\n<p><strong>7. \u00bfCu\u00e1l es el periodo de garant\u00eda de la botella de vidrio con pajita?<\/strong><br \/>El producto tiene un a\u00f1o de garant\u00eda contra defectos de fabricaci\u00f3n.<\/p>\n<p><strong>8. \u00bfExisten opciones de color para la botella?<\/strong><br \/>S\u00ed, hay varias opciones de color disponibles para adaptarse a sus preferencias.<\/p>\n<p><\/p>\n<h2>Blog reciente<\/h2>","protected":false},"featured_media":5996,"parent":0,"template":"","meta":{"_acf_changed":false,"_seopress_robots_primary_cat":"","_seopress_titles_title":"","_seopress_titles_desc":"","_seopress_robots_index":"","_seopress_analysis_target_kw":""},"categories":[12],"class_list":["post-5997","product","type-product","status-publish","has-post-thumbnail","hentry","category-glass-cup-manufacturers"],"acf":{"product_maidian":"<li>Durable glass construction for long-lasting use.<\/li>\r\n<li>Eco-friendly alternative to plastic bottles.<\/li>\r\n<li>Integrated straw for easy sipping.<\/li>\r\n<li>BPA-free material ensuring safe hydration.<\/li>\r\n<li>Elegant design suitable for professional settings.<\/li>\r\n<li>Leak-proof lid for secure transport.<\/li>\r\n<li>Wide mouth for easy cleaning and filling.<\/li>\r\n<li>Perfect for office, travel, and outdoor activities.<\/li>"},"_links":{"self":[{"href":"https:\/\/glasswaremanufacturers.com\/es\/wp-json\/wp\/v2\/product\/5997","targetHints":{"allow":["GET"]}}],"collection":[{"href":"https:\/\/glasswaremanufacturers.com\/es\/wp-json\/wp\/v2\/product"}],"about":[{"href":"https:\/\/glasswaremanufacturers.com\/es\/wp-json\/wp\/v2\/types\/product"}],"wp:featuredmedia":[{"embeddable":true,"href":"https:\/\/glasswaremanufacturers.com\/es\/wp-json\/wp\/v2\/media\/5996"}],"wp:attachment":[{"href":"https:\/\/glasswaremanufacturers.com\/es\/wp-json\/wp\/v2\/media?parent=5997"}],"wp:term":[{"taxonomy":"category","embeddable":true,"href":"https:\/\/glasswaremanufacturers.com\/es\/wp-json\/wp\/v2\/categories?post=5997"}],"curies":[{"name":"wp","href":"https:\/\/api.w.org\/{rel}","templated":true}]}}