{"id":5999,"date":"2026-05-12T23:16:20","date_gmt":"2026-05-12T15:16:20","guid":{"rendered":"https:\/\/glasswaremanufacturers.com\/product\/glass-tea-cup-with-handle\/"},"modified":"2026-05-12T23:16:20","modified_gmt":"2026-05-12T15:16:20","slug":"taza-de-te-de-cristal-con-asa","status":"publish","type":"product","link":"https:\/\/glasswaremanufacturers.com\/es\/product\/glass-tea-cup-with-handle\/","title":{"rendered":"Taza de t\u00e9 de cristal con asa"},"content":{"rendered":"<h2>Productos<\/h2>\n<div class=\"product-table\">\n<div class=\"row\">\n<div class=\"cell label\">volumen<\/div>\n<div class=\"cell value\">420 ml<\/div>\n<\/div>\n<div class=\"row\">\n<div class=\"cell label\">estilo<\/div>\n<div class=\"cell value\">Estilo americano<\/div>\n<\/div>\n<div class=\"row\">\n<div class=\"cell label\">ocasi\u00f3n<\/div>\n<div class=\"cell value\">Regalos de empresa<\/div>\n<\/div>\n<div class=\"row\">\n<div class=\"cell label\">Tipo de vajilla<\/div>\n<div class=\"cell value\">Tazas y platillos<\/div>\n<\/div>\n<div class=\"row\">\n<div class=\"cell label\">Nombre del producto<\/div>\n<div class=\"cell value\">Taza de t\u00e9 de vidrio borosilicato de 14oz con asa para beber<\/div>\n<\/div>\n<div class=\"row\">\n<div class=\"cell label\">Utilizaci\u00f3n<\/div>\n<div class=\"cell value\">beber t\u00e9<\/div>\n<\/div>\n<div class=\"row\">\n<div class=\"cell label\">Material<\/div>\n<div class=\"cell value\">Vidrio borosilicato<\/div>\n<\/div>\n<div class=\"row\">\n<div class=\"cell label\">Capacidad<\/div>\n<div class=\"cell value\">420 ml<\/div>\n<\/div>\n<div class=\"row\">\n<div class=\"cell label\">Forma<\/div>\n<div class=\"cell value\">Redondo con asa<\/div>\n<\/div>\n<div class=\"row\">\n<div class=\"cell label\">Logotipo<\/div>\n<div class=\"cell value\">Aceptar la impresi\u00f3n de logotipos OEM<\/div>\n<\/div>\n<div class=\"row\">\n<div class=\"cell label\">Artesan\u00eda<\/div>\n<div class=\"cell value\">hecho a mano<\/div>\n<\/div>\n<div class=\"row\">\n<div class=\"cell label\">Talla<\/div>\n<div class=\"cell value\">70*150mm<\/div>\n<\/div>\n<div class=\"row\">\n<div class=\"cell label\">MOQ<\/div>\n<div class=\"cell value\">100 unidades<\/div>\n<\/div>\n<div class=\"row\">\n<div class=\"cell label\">Embalaje<\/div>\n<div class=\"cell value\">Caja blanca<\/div>\n<\/div>\n<div class=\"row\">\n<div class=\"cell label\">Unidades de venta<\/div>\n<div class=\"cell value\">Art\u00edculo individual<\/div>\n<\/div>\n<div class=\"row\">\n<div class=\"cell label\">Tama\u00f1o de envase individual<\/div>\n<div class=\"cell value\">8X8X17 cm<\/div>\n<\/div>\n<div class=\"row\">\n<div class=\"cell label\">Peso bruto \u00fanico<\/div>\n<div class=\"cell value\">0,500 kg<\/div>\n<\/div>\n<\/div>\n<p>\n<img decoding=\"async\" src=\"https:\/\/glasswaremanufacturers.com\/wp-content\/uploads\/Glass_Tea_Cup_with_Handle.webp\" alt=\"Taza de t\u00e9 de cristal con asa\" title=\"Taza de t\u00e9 de cristal con asa\"><\/p>\n<h2>PREGUNTAS FRECUENTES<\/h2>\n<p><strong>1. \u00bfEs la taza de t\u00e9 de vidrio apta para microondas?<\/strong><br \/>S\u00ed, nuestra taza de t\u00e9 de cristal es apta para microondas, lo que permite recalentar f\u00e1cilmente las bebidas.<\/p>\n<p><strong>2. \u00bfPuede utilizarse la taza de t\u00e9 de cristal para bebidas fr\u00edas?<\/strong><br \/>Por supuesto, la taza de t\u00e9 de cristal es adecuada tanto para bebidas fr\u00edas como calientes.<\/p>\n<p><strong>3. \u00bfSe calienta el mango cuando se llena de t\u00e9 caliente?<\/strong><br \/>No, el mango est\u00e1 dise\u00f1ado para mantenerse fr\u00edo, garantizando un agarre c\u00f3modo.<\/p>\n<p><strong>4. \u00bfC\u00f3mo debo limpiar la taza de t\u00e9 de cristal?<\/strong><br \/>La taza de t\u00e9 de cristal se puede lavar en el lavavajillas para limpiarla c\u00f3modamente.<\/p>\n<p><strong>5. \u00bfEs adecuada la taza de t\u00e9 de cristal para uso comercial?<\/strong><br \/>S\u00ed, es perfecto para cafeter\u00edas y restaurantes, ya que ofrece durabilidad y estilo.<\/p>\n<p><strong>6. \u00bfCu\u00e1l es la capacidad de la taza de t\u00e9 de cristal?<\/strong><br \/>La taza de t\u00e9 de cristal tiene capacidad para una raci\u00f3n est\u00e1ndar, ideal para uso personal.<\/p>\n<p><strong>7. \u00bfSe puede apilar la taza de t\u00e9 de cristal?<\/strong><br \/>S\u00ed, el dise\u00f1o permite un apilamiento eficaz, ahorrando espacio de almacenamiento.<\/p>\n<p><strong>8. \u00bfTiene la taza de t\u00e9 de cristal una base antideslizante?<\/strong><br \/>S\u00ed, tiene una base estable para evitar derrames y accidentes.<\/p>\n<p><\/p>\n<h2>Blog reciente<\/h2>","protected":false},"featured_media":5998,"parent":0,"template":"","meta":{"_acf_changed":false,"_seopress_robots_primary_cat":"","_seopress_titles_title":"","_seopress_titles_desc":"","_seopress_robots_index":"","_seopress_analysis_target_kw":""},"categories":[12],"class_list":["post-5999","product","type-product","status-publish","has-post-thumbnail","hentry","category-glass-cup-manufacturers"],"acf":{"product_maidian":"<li>Durable glass construction for long-lasting use.<\/li>\r\n<li>Elegant design enhances any beverage experience.<\/li>\r\n<li>Comfortable handle for easy grip and pouring.<\/li>\r\n<li>Temperature-resistant glass suitable for hot beverages.<\/li>\r\n<li>Easy to clean and maintain for busy environments.<\/li>\r\n<li>Perfect size for serving individual tea portions.<\/li>\r\n<li>Crystal-clear glass showcases tea's natural colors.<\/li>\r\n<li>Ideal for cafes, restaurants, and office settings.<\/li>"},"_links":{"self":[{"href":"https:\/\/glasswaremanufacturers.com\/es\/wp-json\/wp\/v2\/product\/5999","targetHints":{"allow":["GET"]}}],"collection":[{"href":"https:\/\/glasswaremanufacturers.com\/es\/wp-json\/wp\/v2\/product"}],"about":[{"href":"https:\/\/glasswaremanufacturers.com\/es\/wp-json\/wp\/v2\/types\/product"}],"wp:featuredmedia":[{"embeddable":true,"href":"https:\/\/glasswaremanufacturers.com\/es\/wp-json\/wp\/v2\/media\/5998"}],"wp:attachment":[{"href":"https:\/\/glasswaremanufacturers.com\/es\/wp-json\/wp\/v2\/media?parent=5999"}],"wp:term":[{"taxonomy":"category","embeddable":true,"href":"https:\/\/glasswaremanufacturers.com\/es\/wp-json\/wp\/v2\/categories?post=5999"}],"curies":[{"name":"wp","href":"https:\/\/api.w.org\/{rel}","templated":true}]}}