{"id":6001,"date":"2026-05-12T23:16:22","date_gmt":"2026-05-12T15:16:22","guid":{"rendered":"https:\/\/glasswaremanufacturers.com\/product\/gradient-glass-mason-cup\/"},"modified":"2026-05-12T23:16:22","modified_gmt":"2026-05-12T15:16:22","slug":"vaso-de-vidrio-degradado","status":"publish","type":"product","link":"https:\/\/glasswaremanufacturers.com\/es\/product\/gradient-glass-mason-cup\/","title":{"rendered":"Vasito de cristal degradado"},"content":{"rendered":"<h2>Productos<\/h2>\n<div class=\"product-table\">\n<div class=\"row\">\n<div class=\"cell label\">material<\/div>\n<div class=\"cell value\">Vidrio<\/div>\n<\/div>\n<div class=\"row\">\n<div class=\"cell label\">volumen<\/div>\n<div class=\"cell value\">420 ml<\/div>\n<\/div>\n<div class=\"row\">\n<div class=\"cell label\">funci\u00f3n<\/div>\n<div class=\"cell value\">En stock<\/div>\n<\/div>\n<div class=\"row\">\n<div class=\"cell label\">estilo<\/div>\n<div class=\"cell value\">Cl\u00e1sico<\/div>\n<\/div>\n<div class=\"row\">\n<div class=\"cell label\">ocasi\u00f3n<\/div>\n<div class=\"cell value\">Regalos de empresa<\/div>\n<\/div>\n<div class=\"row\">\n<div class=\"cell label\">Tipo de vajilla<\/div>\n<div class=\"cell value\">Tazas y platillos<\/div>\n<\/div>\n<div class=\"row\">\n<div class=\"cell label\">Nombre del producto<\/div>\n<div class=\"cell value\">Vaso de cristal<\/div>\n<\/div>\n<div class=\"row\">\n<div class=\"cell label\">Material<\/div>\n<div class=\"cell value\">Vidrio<\/div>\n<\/div>\n<div class=\"row\">\n<div class=\"cell label\">Color<\/div>\n<div class=\"cell value\">Transparente<\/div>\n<\/div>\n<div class=\"row\">\n<div class=\"cell label\">Capacidad<\/div>\n<div class=\"cell value\">480 ml<\/div>\n<\/div>\n<div class=\"row\">\n<div class=\"cell label\">Talla<\/div>\n<div class=\"cell value\">10,6*13,2 cm<\/div>\n<\/div>\n<div class=\"row\">\n<div class=\"cell label\">Contenido<\/div>\n<div class=\"cell value\">taza+tapa+pajita<\/div>\n<\/div>\n<div class=\"row\">\n<div class=\"cell label\">Utilizaci\u00f3n<\/div>\n<div class=\"cell value\">Caf\u00e9. T\u00e9. Cerveza. Agua<\/div>\n<\/div>\n<div class=\"row\">\n<div class=\"cell label\">Palabra clave<\/div>\n<div class=\"cell value\">Taza de caf\u00e9 de porcelana<\/div>\n<\/div>\n<div class=\"row\">\n<div class=\"cell label\">Estilo<\/div>\n<div class=\"cell value\">Juego de tazas de caf\u00e9 espresso<\/div>\n<\/div>\n<div class=\"row\">\n<div class=\"cell label\">Funci\u00f3n<\/div>\n<div class=\"cell value\">Respetuoso con el medio ambiente. Medio ambiente<\/div>\n<\/div>\n<div class=\"row\">\n<div class=\"cell label\">Unidades de venta<\/div>\n<div class=\"cell value\">Art\u00edculo individual<\/div>\n<\/div>\n<div class=\"row\">\n<div class=\"cell label\">Tama\u00f1o de envase individual<\/div>\n<div class=\"cell value\">13X13X15,2 cm<\/div>\n<\/div>\n<div class=\"row\">\n<div class=\"cell label\">Peso bruto \u00fanico<\/div>\n<div class=\"cell value\">0,300 kg<\/div>\n<\/div>\n<\/div>\n<p>\n<img decoding=\"async\" src=\"https:\/\/glasswaremanufacturers.com\/wp-content\/uploads\/Gradient_Glass_Mason_Cup.webp\" alt=\"Vasito de cristal degradado\" title=\"Vasito de cristal degradado\"><\/p>\n<h2>PREGUNTAS FRECUENTES<\/h2>\n<p><strong>1. \u00bfDe qu\u00e9 est\u00e1 hecho el vaso de cristal degradado?<\/strong><br \/>El vaso de cristal degradado est\u00e1 fabricado en cristal de alta calidad para una mayor durabilidad.<\/p>\n<p><strong>2. \u00bfPuede el vaso Gradient Glass Mason Cup contener bebidas calientes?<\/strong><br \/>S\u00ed, el vaso Gradient Glass Mason Cup est\u00e1 dise\u00f1ado para contener de forma segura tanto bebidas fr\u00edas como calientes.<\/p>\n<p><strong>3. \u00bfExisten diferentes colores para el vaso de cristal degradado?<\/strong><br \/>La taza est\u00e1 disponible en varios colores degradados para adaptarse a su marca o a sus preferencias personales.<\/p>\n<p><strong>4. \u00bfEs ecol\u00f3gico el vaso de cristal degradado?<\/strong><br \/>S\u00ed, est\u00e1 fabricado con materiales sostenibles, lo que lo convierte en una opci\u00f3n ecol\u00f3gica.<\/p>\n<p><strong>5. \u00bfC\u00f3mo se limpia el vaso de cristal degradado?<\/strong><br \/>La taza presenta una superficie f\u00e1cil de limpiar, ideal para mantener las normas de higiene.<\/p>\n<p><strong>6. \u00bfEs segura la tapa del vaso de vidrio graduado?<\/strong><br \/>La tapa est\u00e1 dise\u00f1ada para evitar derrames y fugas, garantizando un transporte seguro.<\/p>\n<p><strong>7. \u00bfCu\u00e1les son las dimensiones del vaso de cristal degradado?<\/strong><br \/>La taza est\u00e1 dise\u00f1ada ergon\u00f3micamente para un agarre c\u00f3modo y un f\u00e1cil manejo.<\/p>\n<p><strong>8. \u00bfPuedo utilizar el vaso de cristal degradado para eventos promocionales?<\/strong><br \/>S\u00ed, su elegante dise\u00f1o lo hace perfecto para actividades de marca y promoci\u00f3n.<\/p>\n<p><\/p>\n<h2>Blog reciente<\/h2>","protected":false},"featured_media":6000,"parent":0,"template":"","meta":{"_acf_changed":false,"_seopress_robots_primary_cat":"","_seopress_titles_title":"","_seopress_titles_desc":"","_seopress_robots_index":"","_seopress_analysis_target_kw":""},"categories":[12],"class_list":["post-6001","product","type-product","status-publish","has-post-thumbnail","hentry","category-glass-cup-manufacturers"],"acf":{"product_maidian":"<li>Stylishly designed for modern workplaces.<\/li>\r\n<li>Durable glass construction ensures longevity.<\/li>\r\n<li>Easy-to-clean surface maintains hygiene standards.<\/li>\r\n<li>Available in multiple gradient colors for personalization.<\/li>\r\n<li>Perfect for both hot and cold beverages.<\/li>\r\n<li>Eco-friendly materials support sustainability goals.<\/li>\r\n<li>Lightweight design for easy transport.<\/li>\r\n<li>Secure lid prevents spills and leaks.<\/li>"},"_links":{"self":[{"href":"https:\/\/glasswaremanufacturers.com\/es\/wp-json\/wp\/v2\/product\/6001","targetHints":{"allow":["GET"]}}],"collection":[{"href":"https:\/\/glasswaremanufacturers.com\/es\/wp-json\/wp\/v2\/product"}],"about":[{"href":"https:\/\/glasswaremanufacturers.com\/es\/wp-json\/wp\/v2\/types\/product"}],"wp:featuredmedia":[{"embeddable":true,"href":"https:\/\/glasswaremanufacturers.com\/es\/wp-json\/wp\/v2\/media\/6000"}],"wp:attachment":[{"href":"https:\/\/glasswaremanufacturers.com\/es\/wp-json\/wp\/v2\/media?parent=6001"}],"wp:term":[{"taxonomy":"category","embeddable":true,"href":"https:\/\/glasswaremanufacturers.com\/es\/wp-json\/wp\/v2\/categories?post=6001"}],"curies":[{"name":"wp","href":"https:\/\/api.w.org\/{rel}","templated":true}]}}