{"id":3514,"date":"2026-03-13T23:13:34","date_gmt":"2026-03-13T15:13:34","guid":{"rendered":"https:\/\/glasswaremanufacturers.com\/product\/120ml-matte-black-glass-jar-for-cosmetic-packaging\/"},"modified":"2026-03-13T23:13:34","modified_gmt":"2026-03-13T15:13:34","slug":"pot-en-verre-noir-mat-de-120ml-pour-emballage-cosmetique","status":"publish","type":"product","link":"https:\/\/glasswaremanufacturers.com\/fr\/product\/120ml-matte-black-glass-jar-for-cosmetic-packaging\/","title":{"rendered":"Pot en verre noir mat de 120 ml pour emballage cosm\u00e9tique"},"content":{"rendered":"<h2>D\u00e9tails des produits<\/h2>\n<div class=\"product-table\">\n<div class=\"row\">\n<div class=\"cell label\">Mat\u00e9riau du capuchon<\/div>\n<div class=\"cell value\">Plastique<\/div>\n<\/div>\n<div class=\"row\">\n<div class=\"cell label\">Manipulation de l'impression<\/div>\n<div class=\"cell value\">D\u00e9coration Cuisson, impression par transfert thermique, s\u00e9rigraphie, pulv\u00e9risation, givrage, dorure<\/div>\n<\/div>\n<div class=\"row\">\n<div class=\"cell label\">Utilisation industrielle<\/div>\n<div class=\"cell value\">Cosm\u00e9tique<\/div>\n<\/div>\n<div class=\"row\">\n<div class=\"cell label\">Impression de logos<\/div>\n<div class=\"cell value\">oui<\/div>\n<\/div>\n<div class=\"row\">\n<div class=\"cell label\">Mat\u00e9riau de base<\/div>\n<div class=\"cell value\">verre<\/div>\n<\/div>\n<div class=\"row\">\n<div class=\"cell label\">Mati\u00e8re du col<\/div>\n<div class=\"cell value\">verre<\/div>\n<\/div>\n<div class=\"row\">\n<div class=\"cell label\">Manipulation de surface<\/div>\n<div class=\"cell value\">peinture pulv\u00e9risation<\/div>\n<\/div>\n<div class=\"row\">\n<div class=\"cell label\">Utilisation<\/div>\n<div class=\"cell value\">Cr\u00e8me<\/div>\n<\/div>\n<div class=\"row\">\n<div class=\"cell label\">Nom du produit<\/div>\n<div class=\"cell value\">Pot en verre cr\u00e8me<\/div>\n<\/div>\n<div class=\"row\">\n<div class=\"cell label\">Mat\u00e9riau<\/div>\n<div class=\"cell value\">Verre+ Capuchon en plastique<\/div>\n<\/div>\n<div class=\"row\">\n<div class=\"cell label\">Couleur<\/div>\n<div class=\"cell value\">Noir\/Blanc<\/div>\n<\/div>\n<div class=\"row\">\n<div class=\"cell label\">Capacit\u00e9<\/div>\n<div class=\"cell value\">30g \/50g\/60g\/120g<\/div>\n<\/div>\n<div class=\"row\">\n<div class=\"cell label\">Forme<\/div>\n<div class=\"cell value\">Rond<\/div>\n<\/div>\n<div class=\"row\">\n<div class=\"cell label\">Mot-cl\u00e9<\/div>\n<div class=\"cell value\">R\u00e9cipient en verre<\/div>\n<\/div>\n<div class=\"row\">\n<div class=\"cell label\">Capuchon<\/div>\n<div class=\"cell value\">Vis<\/div>\n<\/div>\n<div class=\"row\">\n<div class=\"cell label\">Mat\u00e9riau du corps<\/div>\n<div class=\"cell value\">Giass<\/div>\n<\/div>\n<div class=\"row\">\n<div class=\"cell label\">Logo<\/div>\n<div class=\"cell value\">Logo du client acceptable<\/div>\n<\/div>\n<div class=\"row\">\n<div class=\"cell label\">Unit\u00e9s de vente<\/div>\n<div class=\"cell value\">Article unique<\/div>\n<\/div>\n<div class=\"row\">\n<div class=\"cell label\">Taille de l'emballage unique<\/div>\n<div class=\"cell value\">6,8X6,8X67 cm<\/div>\n<\/div>\n<div class=\"row\">\n<div class=\"cell label\">Poids brut unique<\/div>\n<div class=\"cell value\">0,500 kg<\/div>\n<\/div>\n<\/div>\n<p>\n<img decoding=\"async\" src=\"https:\/\/glasswaremanufacturers.com\/wp-content\/uploads\/120ml_Matte_Black_Glass_Jar_for_Cosmetic_Packaging.webp\" alt=\"Pot en verre noir mat de 120 ml pour emballage cosm\u00e9tique\" title=\"Pot en verre noir mat de 120 ml pour emballage cosm\u00e9tique\"><\/p>\n<h2>FAQ<\/h2>\n<p><strong>1. Quelle est la capacit\u00e9 du bocal ?<\/strong><br \/>Le pot a une contenance de 120 ml, ce qui est parfait pour divers produits cosm\u00e9tiques.<\/p>\n<p><strong>2. Le pot en verre est-il \u00e9cologique ?<\/strong><br \/>Oui, il est r\u00e9utilisable et recyclable.<\/p>\n<p><strong>3. Le bocal est-il herm\u00e9tiquement ferm\u00e9 ?<\/strong><br \/>Oui, il garantit la fra\u00eecheur et la long\u00e9vit\u00e9 du produit.<\/p>\n<p><strong>4. Le pot peut-il \u00eatre personnalis\u00e9 avec des logos ?<\/strong><br \/>Absolument, il prend en charge les conceptions sp\u00e9cifiques \u00e0 une marque.<\/p>\n<p><strong>5. La finition noire mate est-elle r\u00e9sistante aux rayures ?<\/strong><br \/>Oui, il est con\u00e7u pour r\u00e9sister \u00e0 l'usure normale.<\/p>\n<p><strong>6. Quels types de produits cosm\u00e9tiques peuvent \u00eatre mis dans ce pot ?<\/strong><br \/>Id\u00e9al pour les cr\u00e8mes, les lotions et les baumes.<\/p>\n<p><strong>7. Le pot est-il facile \u00e0 transporter ?<\/strong><br \/>Oui, sa taille compacte le rend parfait pour les voyages.<\/p>\n<p><strong>8. Le bocal accepte-t-il les commandes en gros ?<\/strong><br \/>Oui, les achats group\u00e9s sont possibles pour les entreprises.<\/p>\n<p><\/p>","protected":false},"featured_media":3513,"parent":0,"template":"","meta":{"_acf_changed":false,"_seopress_robots_primary_cat":"","_seopress_titles_title":"","_seopress_titles_desc":"","_seopress_robots_index":"","_seopress_analysis_target_kw":""},"categories":[14],"class_list":["post-3514","product","type-product","status-publish","has-post-thumbnail","hentry","category-glass-bottle-manufacturers"],"acf":{"product_maidian":"<li>Elegant matte black finish enhances brand image.<\/li>\r\n<li>Durable glass material ensures product safety.<\/li>\r\n<li>Airtight seal preserves cosmetic freshness.<\/li>\r\n<li>Ideal size for travel-friendly packaging.<\/li>\r\n<li>Sleek design appeals to premium market segments.<\/li>\r\n<li>Eco-friendly and reusable packaging solution.<\/li>\r\n<li>Compatible with various cosmetic products.<\/li>\r\n<li>Customizable for brand-specific designs.<\/li>"},"_links":{"self":[{"href":"https:\/\/glasswaremanufacturers.com\/fr\/wp-json\/wp\/v2\/product\/3514","targetHints":{"allow":["GET"]}}],"collection":[{"href":"https:\/\/glasswaremanufacturers.com\/fr\/wp-json\/wp\/v2\/product"}],"about":[{"href":"https:\/\/glasswaremanufacturers.com\/fr\/wp-json\/wp\/v2\/types\/product"}],"wp:featuredmedia":[{"embeddable":true,"href":"https:\/\/glasswaremanufacturers.com\/fr\/wp-json\/wp\/v2\/media\/3513"}],"wp:attachment":[{"href":"https:\/\/glasswaremanufacturers.com\/fr\/wp-json\/wp\/v2\/media?parent=3514"}],"wp:term":[{"taxonomy":"category","embeddable":true,"href":"https:\/\/glasswaremanufacturers.com\/fr\/wp-json\/wp\/v2\/categories?post=3514"}],"curies":[{"name":"wp","href":"https:\/\/api.w.org\/{rel}","templated":true}]}}