{"id":4797,"date":"2026-04-14T23:32:58","date_gmt":"2026-04-14T15:32:58","guid":{"rendered":"https:\/\/glasswaremanufacturers.com\/product\/250ml-glass-coffee-mug\/"},"modified":"2026-04-14T23:32:58","modified_gmt":"2026-04-14T15:32:58","slug":"tasse-a-cafe-en-verre-de-250-ml","status":"publish","type":"product","link":"https:\/\/glasswaremanufacturers.com\/fr\/product\/250ml-glass-coffee-mug\/","title":{"rendered":"Tasse \u00e0 caf\u00e9 en verre de 250 ml"},"content":{"rendered":"<h2>D\u00e9tails des produits<\/h2>\n<div class=\"product-table\">\n<div class=\"row\">\n<div class=\"cell label\">mat\u00e9riel<\/div>\n<div class=\"cell value\">Verre<\/div>\n<\/div>\n<div class=\"row\">\n<div class=\"cell label\">type<\/div>\n<div class=\"cell value\">Gobelet<\/div>\n<\/div>\n<div class=\"row\">\n<div class=\"cell label\">Construction de murs<\/div>\n<div class=\"cell value\">Mur \u00e9paissi<\/div>\n<\/div>\n<div class=\"row\">\n<div class=\"cell label\">Compatible avec le four \u00e0 micro-ondes<\/div>\n<div class=\"cell value\">Oui<\/div>\n<\/div>\n<div class=\"row\">\n<div class=\"cell label\">lavable au lave-vaisselle<\/div>\n<div class=\"cell value\">Oui<\/div>\n<\/div>\n<div class=\"row\">\n<div class=\"cell label\">Application<\/div>\n<div class=\"cell value\">Maison, Randonn\u00e9e, Cadeau, Bureau<\/div>\n<\/div>\n<div class=\"row\">\n<div class=\"cell label\">caract\u00e9ristique<\/div>\n<div class=\"cell value\">Non invers\u00e9, jetable<\/div>\n<\/div>\n<div class=\"row\">\n<div class=\"cell label\">style<\/div>\n<div class=\"cell value\">Moderne<\/div>\n<\/div>\n<div class=\"row\">\n<div class=\"cell label\">Personnes concern\u00e9es<\/div>\n<div class=\"cell value\">Unisexe<\/div>\n<\/div>\n<div class=\"row\">\n<div class=\"cell label\">occasion<\/div>\n<div class=\"cell value\">Voyage<\/div>\n<\/div>\n<div class=\"row\">\n<div class=\"cell label\">Utilisation<\/div>\n<div class=\"cell value\">Boissons<\/div>\n<\/div>\n<div class=\"row\">\n<div class=\"cell label\">Logo<\/div>\n<div class=\"cell value\">Logo personnalis\u00e9 acceptable<\/div>\n<\/div>\n<div class=\"row\">\n<div class=\"cell label\">MOQ<\/div>\n<div class=\"cell value\">500Pcs<\/div>\n<\/div>\n<div class=\"row\">\n<div class=\"cell label\">Couleurs<\/div>\n<div class=\"cell value\">clair<\/div>\n<\/div>\n<div class=\"row\">\n<div class=\"cell label\">Capacit\u00e9<\/div>\n<div class=\"cell value\">250ml<\/div>\n<\/div>\n<div class=\"row\">\n<div class=\"cell label\">\u00c9chantillon<\/div>\n<div class=\"cell value\">\u00c9chantillon Fournir<\/div>\n<\/div>\n<div class=\"row\">\n<div class=\"cell label\">OEM\/ODM<\/div>\n<div class=\"cell value\">Accepptable<\/div>\n<\/div>\n<div class=\"row\">\n<div class=\"cell label\">Emballage<\/div>\n<div class=\"cell value\">Bo\u00eete en carton<\/div>\n<\/div>\n<div class=\"row\">\n<div class=\"cell label\">Couvercle<\/div>\n<div class=\"cell value\">\/<\/div>\n<\/div>\n<div class=\"row\">\n<div class=\"cell label\">Forme<\/div>\n<div class=\"cell value\">Rond<\/div>\n<\/div>\n<div class=\"row\">\n<div class=\"cell label\">Unit\u00e9s de vente<\/div>\n<div class=\"cell value\">Article unique<\/div>\n<\/div>\n<div class=\"row\">\n<div class=\"cell label\">Taille de l'emballage unique<\/div>\n<div class=\"cell value\">10X10X10 cm<\/div>\n<\/div>\n<div class=\"row\">\n<div class=\"cell label\">Poids brut unique<\/div>\n<div class=\"cell value\">0,500 kg<\/div>\n<\/div>\n<\/div>\n<p>\n<img decoding=\"async\" src=\"https:\/\/glasswaremanufacturers.com\/wp-content\/uploads\/250ml_Glass_Coffee_Mug.webp\" alt=\"Tasse \u00e0 caf\u00e9 en verre de 250 ml\" title=\"Tasse \u00e0 caf\u00e9 en verre de 250 ml\"><\/p>\n<h2>FAQ<\/h2>\n<p><strong>1. La tasse en verre peut-elle \u00eatre lav\u00e9e au lave-vaisselle ?<\/strong><br \/>Oui, la tasse \u00e0 caf\u00e9 en verre de 250 ml peut \u00eatre lav\u00e9e au lave-vaisselle, ce qui facilite le nettoyage.<\/p>\n<p><strong>2. La tasse peut-elle \u00eatre utilis\u00e9e pour des boissons chaudes ?<\/strong><br \/>Absolument, la tasse \u00e0 caf\u00e9 en verre de 250 ml est con\u00e7ue pour les boissons chaudes et froides.<\/p>\n<p><strong>3. La tasse en verre convient-elle pour une utilisation au bureau ?<\/strong><br \/>Oui, son design \u00e9pur\u00e9 le rend parfait pour les environnements professionnels.<\/p>\n<p><strong>4. Quelle est la capacit\u00e9 de la tasse ?<\/strong><br \/>Le mug a une capacit\u00e9 de 250 ml, id\u00e9ale pour des portions de caf\u00e9 standard.<\/p>\n<p><strong>5. Le mug passe-t-il au micro-ondes ?<\/strong><br \/>Oui, la tasse \u00e0 caf\u00e9 en verre peut \u00eatre r\u00e9chauff\u00e9e au micro-ondes.<\/p>\n<p><strong>6. Le mug contient-il des produits chimiques nocifs ?<\/strong><br \/>Non, le mat\u00e9riau du verre est exempt de produits chimiques nocifs, ce qui garantit la s\u00e9curit\u00e9.<\/p>\n<p><strong>7. Le mug peut-il \u00eatre personnalis\u00e9 avec des logos ?<\/strong><br \/>Oui, la surface transparente du mug est id\u00e9ale pour la personnalisation de la marque et du logo.<\/p>\n<p><strong>8. La tasse en verre est-elle \u00e9cologique ?<\/strong><br \/>Oui, l'utilisation d'une tasse en verre permet de r\u00e9duire les d\u00e9chets li\u00e9s aux gobelets jetables et de promouvoir le d\u00e9veloppement durable.<\/p>\n<p><\/p>\n<h2>Blog r\u00e9cent<\/h2>\n<ul class=\"reco-links\">\n<li><a href=\"https:\/\/glasswaremanufacturers.com\/fr\/fabricants-de-gobelets-en-verre-au-venezuela\/\" target=\"_blank\">fabricants de gobelets en verre au venezuela<\/a><\/li>\n<li><a href=\"https:\/\/glasswaremanufacturers.com\/fr\/fabricants-de-gobelets-en-verre-au-venezuela\/\" target=\"_blank\">fabricants de gobelets en verre au venezuela<\/a><\/li>\n<li><a href=\"https:\/\/glasswaremanufacturers.com\/fr\/fabricants-de-gobelets-en-verre-dans-la-ville-de-vatican\/\" target=\"_blank\">fabricants de gobelets en verre dans la ville de vatican<\/a><\/li>\n<li><a href=\"https:\/\/glasswaremanufacturers.com\/fr\/fabrication-de-gobelets-en-verre-en-ouzbekistan\/\" target=\"_blank\">Fabrication de gobelets en verre en Ouzb\u00e9kistan<\/a><\/li>\n<\/ul>","protected":false},"featured_media":4796,"parent":0,"template":"","meta":{"_acf_changed":false,"_seopress_robots_primary_cat":"","_seopress_titles_title":"","_seopress_titles_desc":"","_seopress_robots_index":"","_seopress_analysis_target_kw":""},"categories":[12],"class_list":["post-4797","product","type-product","status-publish","has-post-thumbnail","hentry","category-glass-cup-manufacturers"],"acf":{"product_maidian":"<li>Durable glass material ensures long-lasting use.<\/li>\r\n<li>Sleek design complements any professional setting.<\/li>\r\n<li>Easy to clean and maintain, saving time.<\/li>\r\n<li>Perfect size for coffee breaks at the office.<\/li>\r\n<li>Eco-friendly alternative to disposable cups.<\/li>\r\n<li>Enhances the coffee drinking experience.<\/li>\r\n<li>Ideal for branding or corporate gifting.<\/li>\r\n<li>Microwave safe for quick reheating.<\/li>"},"_links":{"self":[{"href":"https:\/\/glasswaremanufacturers.com\/fr\/wp-json\/wp\/v2\/product\/4797","targetHints":{"allow":["GET"]}}],"collection":[{"href":"https:\/\/glasswaremanufacturers.com\/fr\/wp-json\/wp\/v2\/product"}],"about":[{"href":"https:\/\/glasswaremanufacturers.com\/fr\/wp-json\/wp\/v2\/types\/product"}],"wp:featuredmedia":[{"embeddable":true,"href":"https:\/\/glasswaremanufacturers.com\/fr\/wp-json\/wp\/v2\/media\/4796"}],"wp:attachment":[{"href":"https:\/\/glasswaremanufacturers.com\/fr\/wp-json\/wp\/v2\/media?parent=4797"}],"wp:term":[{"taxonomy":"category","embeddable":true,"href":"https:\/\/glasswaremanufacturers.com\/fr\/wp-json\/wp\/v2\/categories?post=4797"}],"curies":[{"name":"wp","href":"https:\/\/api.w.org\/{rel}","templated":true}]}}