{"id":4807,"date":"2026-04-14T23:33:06","date_gmt":"2026-04-14T15:33:06","guid":{"rendered":"https:\/\/glasswaremanufacturers.com\/product\/500ml-glass-cup-with-straw\/"},"modified":"2026-04-14T23:33:06","modified_gmt":"2026-04-14T15:33:06","slug":"gobelet-en-verre-de-500-ml-avec-paille","status":"publish","type":"product","link":"https:\/\/glasswaremanufacturers.com\/fr\/product\/500ml-glass-cup-with-straw\/","title":{"rendered":"Tasse en verre de 500 ml avec paille"},"content":{"rendered":"<h2>D\u00e9tails des produits<\/h2>\n<div class=\"product-table\">\n<div class=\"row\">\n<div class=\"cell label\">mat\u00e9riel<\/div>\n<div class=\"cell value\">Verre<\/div>\n<\/div>\n<div class=\"row\">\n<div class=\"cell label\">type<\/div>\n<div class=\"cell value\">Gobelet<\/div>\n<\/div>\n<div class=\"row\">\n<div class=\"cell label\">Compatible avec le four \u00e0 micro-ondes<\/div>\n<div class=\"cell value\">Oui<\/div>\n<\/div>\n<div class=\"row\">\n<div class=\"cell label\">lavable au lave-vaisselle<\/div>\n<div class=\"cell value\">Oui<\/div>\n<\/div>\n<div class=\"row\">\n<div class=\"cell label\">Application<\/div>\n<div class=\"cell value\">Maison, H\u00f4tel, Bureau, Cadeau, Randonn\u00e9e, Camping, Mariage, F\u00eate, Voyage, Rentr\u00e9e des classes<\/div>\n<\/div>\n<div class=\"row\">\n<div class=\"cell label\">caract\u00e9ristique<\/div>\n<div class=\"cell value\">Portable, r\u00e9utilisable<\/div>\n<\/div>\n<div class=\"row\">\n<div class=\"cell label\">type de bouchons de bouteilles d'eau<\/div>\n<div class=\"cell value\">A visser<\/div>\n<\/div>\n<div class=\"row\">\n<div class=\"cell label\">style<\/div>\n<div class=\"cell value\">Moderne<\/div>\n<\/div>\n<div class=\"row\">\n<div class=\"cell label\">Mod\u00e8le<\/div>\n<div class=\"cell value\">Personnalisable<\/div>\n<\/div>\n<div class=\"row\">\n<div class=\"cell label\">Personnes concern\u00e9es<\/div>\n<div class=\"cell value\">Unisexe<\/div>\n<\/div>\n<div class=\"row\">\n<div class=\"cell label\">occasion<\/div>\n<div class=\"cell value\">Universel<\/div>\n<\/div>\n<div class=\"row\">\n<div class=\"cell label\">\u00c9chantillon<\/div>\n<div class=\"cell value\">Disponible<\/div>\n<\/div>\n<div class=\"row\">\n<div class=\"cell label\">Conception<\/div>\n<div class=\"cell value\">Acceptation de mod\u00e8les personnalis\u00e9s<\/div>\n<\/div>\n<div class=\"row\">\n<div class=\"cell label\">Style<\/div>\n<div class=\"cell value\">Moderne<\/div>\n<\/div>\n<div class=\"row\">\n<div class=\"cell label\">Nom du produit<\/div>\n<div class=\"cell value\">Verres \u00e0 boire<\/div>\n<\/div>\n<div class=\"row\">\n<div class=\"cell label\">Type<\/div>\n<div class=\"cell value\">Verres \u00e0 boire<\/div>\n<\/div>\n<div class=\"row\">\n<div class=\"cell label\">Logo<\/div>\n<div class=\"cell value\">Logo personnalis\u00e9 acceptable<\/div>\n<\/div>\n<div class=\"row\">\n<div class=\"cell label\">Avantage<\/div>\n<div class=\"cell value\">Portable, durable et s\u00fbr, de qualit\u00e9 alimentaire<\/div>\n<\/div>\n<div class=\"row\">\n<div class=\"cell label\">Paquet<\/div>\n<div class=\"cell value\">Emballage en carton standard<\/div>\n<\/div>\n<div class=\"row\">\n<div class=\"cell label\">Unit\u00e9s de vente<\/div>\n<div class=\"cell value\">Article unique<\/div>\n<\/div>\n<div class=\"row\">\n<div class=\"cell label\">Taille de l'emballage unique<\/div>\n<div class=\"cell value\">10X10X20 cm<\/div>\n<\/div>\n<div class=\"row\">\n<div class=\"cell label\">Poids brut unique<\/div>\n<div class=\"cell value\">0,800 kg<\/div>\n<\/div>\n<\/div>\n<p>\n<img decoding=\"async\" src=\"https:\/\/glasswaremanufacturers.com\/wp-content\/uploads\/500ml_Glass_Cup_with_Straw.webp\" alt=\"Tasse en verre de 500 ml avec paille\" title=\"Tasse en verre de 500 ml avec paille\"><\/p>\n<h2>FAQ<\/h2>\n<p><strong>1. Le gobelet en verre peut-il \u00eatre lav\u00e9 au lave-vaisselle ?<\/strong><br \/>Oui, la tasse en verre peut \u00eatre lav\u00e9e au lave-vaisselle pour un nettoyage facile.<\/p>\n<p><strong>2. Puis-je utiliser le gobelet pour des boissons chaudes ?<\/strong><br \/>Absolument, le gobelet en verre convient aussi bien aux boissons chaudes qu'aux boissons froides.<\/p>\n<p><strong>3. Quelle est la capacit\u00e9 de la tasse ?<\/strong><br \/>Le gobelet en verre a une capacit\u00e9 de 500 ml, id\u00e9al pour diverses boissons.<\/p>\n<p><strong>4. La paille est-elle r\u00e9utilisable ?<\/strong><br \/>Oui, la paille est con\u00e7ue pour de multiples usages et est respectueuse de l'environnement.<\/p>\n<p><strong>5. Le gobelet est-il livr\u00e9 avec un couvercle ?<\/strong><br \/>Non, le gobelet ne comporte pas de couvercle ; il s'agit d'un mod\u00e8le ouvert.<\/p>\n<p><strong>6. De quel mat\u00e9riau la paille est-elle faite ?<\/strong><br \/>La paille est fabriqu\u00e9e dans un mat\u00e9riau durable et sans BPA.<\/p>\n<p><strong>7. Le gobelet en verre est-il \u00e9cologique ?<\/strong><br \/>Oui, la conception du verre et de la paille est respectueuse de l'environnement et permet de r\u00e9duire les d\u00e9chets plastiques.<\/p>\n<p><strong>8. Le gobelet peut-il \u00eatre utilis\u00e9 \u00e0 l'ext\u00e9rieur ?<\/strong><br \/>Oui, le gobelet en verre est parfait pour une utilisation en ext\u00e9rieur, offrant style et commodit\u00e9.<\/p>\n<p><\/p>\n<h2>Blog r\u00e9cent<\/h2>\n<ul class=\"reco-links\">\n<li><a href=\"https:\/\/glasswaremanufacturers.com\/fr\/fabricants-de-gobelets-en-verre-en-haiti\/\" target=\"_blank\">fabricants de gobelets en verre en ha\u00efti<\/a><\/li>\n<li><a href=\"https:\/\/glasswaremanufacturers.com\/fr\/fabrication-de-gobelets-en-verre-au-myanmar\/\" target=\"_blank\">Fabrication de gobelets en verre au Myanmar<\/a><\/li>\n<li><a href=\"https:\/\/glasswaremanufacturers.com\/fr\/fabricants-de-gobelets-en-verre-en-guinee-bissau\/\" target=\"_blank\">fabricants de gobelets en verre en guin\u00e9e bissau<\/a><\/li>\n<li><a href=\"https:\/\/glasswaremanufacturers.com\/fr\/fabrication-de-gobelets-en-verre-en-guinee\/\" target=\"_blank\">Fabrication de gobelets en verre en Guin\u00e9e<\/a><\/li>\n<\/ul>","protected":false},"featured_media":4806,"parent":0,"template":"","meta":{"_acf_changed":false,"_seopress_robots_primary_cat":"","_seopress_titles_title":"","_seopress_titles_desc":"","_seopress_robots_index":""},"categories":[12],"class_list":["post-4807","product","type-product","status-publish","has-post-thumbnail","hentry","category-glass-cup-manufacturers"],"acf":{"product_maidian":"<li>Durable 500ml glass for long-term use.<\/li>\r\n<li>Eco-friendly design reduces plastic waste.<\/li>\r\n<li>Convenient straw for easy sipping.<\/li>\r\n<li>Stylish and modern look for any setting.<\/li>\r\n<li>Easy to clean and maintain without hassle.<\/li>\r\n<li>Perfect for both hot and cold beverages.<\/li>\r\n<li>Ideal for office, home, or outdoor use.<\/li>\r\n<li>Enhances drinking experience with smooth flow.<\/li>"},"_links":{"self":[{"href":"https:\/\/glasswaremanufacturers.com\/fr\/wp-json\/wp\/v2\/product\/4807","targetHints":{"allow":["GET"]}}],"collection":[{"href":"https:\/\/glasswaremanufacturers.com\/fr\/wp-json\/wp\/v2\/product"}],"about":[{"href":"https:\/\/glasswaremanufacturers.com\/fr\/wp-json\/wp\/v2\/types\/product"}],"wp:featuredmedia":[{"embeddable":true,"href":"https:\/\/glasswaremanufacturers.com\/fr\/wp-json\/wp\/v2\/media\/4806"}],"wp:attachment":[{"href":"https:\/\/glasswaremanufacturers.com\/fr\/wp-json\/wp\/v2\/media?parent=4807"}],"wp:term":[{"taxonomy":"category","embeddable":true,"href":"https:\/\/glasswaremanufacturers.com\/fr\/wp-json\/wp\/v2\/categories?post=4807"}],"curies":[{"name":"wp","href":"https:\/\/api.w.org\/{rel}","templated":true}]}}