{"id":4809,"date":"2026-04-14T23:33:08","date_gmt":"2026-04-14T15:33:08","guid":{"rendered":"https:\/\/glasswaremanufacturers.com\/product\/400ml-square-glass-cup\/"},"modified":"2026-04-14T23:33:08","modified_gmt":"2026-04-14T15:33:08","slug":"coupe-carree-en-verre-de-400-ml","status":"publish","type":"product","link":"https:\/\/glasswaremanufacturers.com\/fr\/product\/400ml-square-glass-cup\/","title":{"rendered":"Coupe carr\u00e9e en verre de 400 ml"},"content":{"rendered":"<h2>D\u00e9tails des produits<\/h2>\n<div class=\"product-table\">\n<div class=\"row\">\n<div class=\"cell label\">mat\u00e9riel<\/div>\n<div class=\"cell value\">Verre<\/div>\n<\/div>\n<div class=\"row\">\n<div class=\"cell label\">style<\/div>\n<div class=\"cell value\">Moderne<\/div>\n<\/div>\n<div class=\"row\">\n<div class=\"cell label\">occasion<\/div>\n<div class=\"cell value\">Cadeaux<\/div>\n<\/div>\n<div class=\"row\">\n<div class=\"cell label\">Nom du produit<\/div>\n<div class=\"cell value\">Coupe carr\u00e9e en verre de 400ml<\/div>\n<\/div>\n<div class=\"row\">\n<div class=\"cell label\">Mat\u00e9riau<\/div>\n<div class=\"cell value\">Verre<\/div>\n<\/div>\n<div class=\"row\">\n<div class=\"cell label\">Capacit\u00e9<\/div>\n<div class=\"cell value\">400ml<\/div>\n<\/div>\n<div class=\"row\">\n<div class=\"cell label\">Couleur<\/div>\n<div class=\"cell value\">Clair<\/div>\n<\/div>\n<div class=\"row\">\n<div class=\"cell label\">Utilisation<\/div>\n<div class=\"cell value\">Caf\u00e9. Th\u00e9. Bi\u00e8re. Eau<\/div>\n<\/div>\n<div class=\"row\">\n<div class=\"cell label\">Logo<\/div>\n<div class=\"cell value\">Accepte les logos personnalis\u00e9s<\/div>\n<\/div>\n<div class=\"row\">\n<div class=\"cell label\">MOQ<\/div>\n<div class=\"cell value\">10 pi\u00e8ces<\/div>\n<\/div>\n<div class=\"row\">\n<div class=\"cell label\">Couvercle<\/div>\n<div class=\"cell value\">Couvercle en plastique<\/div>\n<\/div>\n<div class=\"row\">\n<div class=\"cell label\">\u00c9chantillon<\/div>\n<div class=\"cell value\">\u00c9chantillon Fournir<\/div>\n<\/div>\n<div class=\"row\">\n<div class=\"cell label\">Emballage<\/div>\n<div class=\"cell value\">Bo\u00eete<\/div>\n<\/div>\n<div class=\"row\">\n<div class=\"cell label\">Unit\u00e9s de vente<\/div>\n<div class=\"cell value\">Article unique<\/div>\n<\/div>\n<div class=\"row\">\n<div class=\"cell label\">Taille de l'emballage unique<\/div>\n<div class=\"cell value\">10X10X10 cm<\/div>\n<\/div>\n<div class=\"row\">\n<div class=\"cell label\">Poids brut unique<\/div>\n<div class=\"cell value\">1.000 kg<\/div>\n<\/div>\n<\/div>\n<p>\n<img decoding=\"async\" src=\"https:\/\/glasswaremanufacturers.com\/wp-content\/uploads\/400ml_Square_Glass_Cup.webp\" alt=\"Coupe carr\u00e9e en verre de 400 ml\" title=\"Coupe carr\u00e9e en verre de 400 ml\"><\/p>\n<h2>FAQ<\/h2>\n<p><strong>1. Quelle est la capacit\u00e9 de la tasse en verre ?<\/strong><br \/>Le gobelet en verre a une capacit\u00e9 de 400 ml, id\u00e9al pour les boissons au bureau.<\/p>\n<p><strong>2. Le gobelet en verre passe-t-il au lave-vaisselle ?<\/strong><br \/>Oui, le gobelet en verre est facile \u00e0 nettoyer et passe au lave-vaisselle.<\/p>\n<p><strong>3. Le gobelet en verre peut-il \u00eatre utilis\u00e9 pour des boissons chaudes ?<\/strong><br \/>Absolument, le gobelet carr\u00e9 en verre de 400 ml convient aussi bien aux boissons chaudes qu'aux boissons froides.<\/p>\n<p><strong>4. De quel mat\u00e9riau est fait le gobelet en verre ?<\/strong><br \/>Le gobelet en verre est fabriqu\u00e9 \u00e0 partir de verre de haute qualit\u00e9, sans plomb, ce qui garantit la s\u00e9curit\u00e9 et la durabilit\u00e9.<\/p>\n<p><strong>5. La forme carr\u00e9e a-t-elle une incidence sur la pr\u00e9hension ?<\/strong><br \/>La forme carr\u00e9e facilite la prise en main et la manipulation, ce qui rend l'utilisation ais\u00e9e.<\/p>\n<p><strong>6. Le gobelet en verre convient-il aux entreprises ?<\/strong><br \/>Oui, son design \u00e9l\u00e9gant en fait un compl\u00e9ment id\u00e9al pour les repas d'entreprise.<\/p>\n<p><strong>7. Comment le gobelet en verre permet-il d'\u00e9conomiser de l'espace de stockage ?<\/strong><br \/>Sa conception empilable permet un stockage efficace et un gain d'espace pr\u00e9cieux.<\/p>\n<p><strong>8. Le gobelet en verre est-il disponible dans d'autres tailles ?<\/strong><br \/>Actuellement, le gobelet en verre est disponible dans un format de 400 ml, id\u00e9al pour les boissons standard.<\/p>\n<p><\/p>\n<h2>Blog r\u00e9cent<\/h2>\n<ul class=\"reco-links\">\n<li><a href=\"https:\/\/glasswaremanufacturers.com\/fr\/fabricants-de-gobelets-en-verre-au-nicaragua\/\" target=\"_blank\">fabricants de gobelets en verre au nicaragua<\/a><\/li>\n<li><a href=\"https:\/\/glasswaremanufacturers.com\/fr\/fabrication-de-gobelets-en-verre-au-mozambique\/\" target=\"_blank\">Fabrication de gobelets en verre au Mozambique<\/a><\/li>\n<li><a href=\"https:\/\/glasswaremanufacturers.com\/fr\/fabrication-de-gobelets-en-verre-a-la-grenade\/\" target=\"_blank\">Fabrication de gobelets en verre \u00e0 la Grenade<\/a><\/li>\n<li><a href=\"https:\/\/glasswaremanufacturers.com\/fr\/fabrication-de-gobelets-en-verre-dans-le-sud-du-soudan\/\" target=\"_blank\">Fabrication de gobelets en verre dans le sud du Soudan<\/a><\/li>\n<\/ul>","protected":false},"featured_media":4808,"parent":0,"template":"","meta":{"_acf_changed":false,"_seopress_robots_primary_cat":"","_seopress_titles_title":"","_seopress_titles_desc":"","_seopress_robots_index":""},"categories":[12],"class_list":["post-4809","product","type-product","status-publish","has-post-thumbnail","hentry","category-glass-cup-manufacturers"],"acf":{"product_maidian":"<li>Durable and stylish design ideal for office use.<\/li>\r\n<li>400ml capacity perfect for serving beverages.<\/li>\r\n<li>Square shape enhances grip and handling.<\/li>\r\n<li>Made from high-quality, lead-free glass.<\/li>\r\n<li>Easy to clean and dishwasher-safe.<\/li>\r\n<li>Suitable for both hot and cold drinks.<\/li>\r\n<li>Elegant addition to corporate dining settings.<\/li>\r\n<li>Stackable design saves storage space.<\/li>"},"_links":{"self":[{"href":"https:\/\/glasswaremanufacturers.com\/fr\/wp-json\/wp\/v2\/product\/4809","targetHints":{"allow":["GET"]}}],"collection":[{"href":"https:\/\/glasswaremanufacturers.com\/fr\/wp-json\/wp\/v2\/product"}],"about":[{"href":"https:\/\/glasswaremanufacturers.com\/fr\/wp-json\/wp\/v2\/types\/product"}],"wp:featuredmedia":[{"embeddable":true,"href":"https:\/\/glasswaremanufacturers.com\/fr\/wp-json\/wp\/v2\/media\/4808"}],"wp:attachment":[{"href":"https:\/\/glasswaremanufacturers.com\/fr\/wp-json\/wp\/v2\/media?parent=4809"}],"wp:term":[{"taxonomy":"category","embeddable":true,"href":"https:\/\/glasswaremanufacturers.com\/fr\/wp-json\/wp\/v2\/categories?post=4809"}],"curies":[{"name":"wp","href":"https:\/\/api.w.org\/{rel}","templated":true}]}}