{"id":4813,"date":"2026-04-14T23:33:11","date_gmt":"2026-04-14T15:33:11","guid":{"rendered":"https:\/\/glasswaremanufacturers.com\/product\/530ml-stripe-glass-cup\/"},"modified":"2026-04-14T23:33:11","modified_gmt":"2026-04-14T15:33:11","slug":"coupe-en-verre-a-rayures-530ml","status":"publish","type":"product","link":"https:\/\/glasswaremanufacturers.com\/fr\/product\/530ml-stripe-glass-cup\/","title":{"rendered":"Coupe en verre \u00e0 rayures 530 ml"},"content":{"rendered":"<h2>D\u00e9tails des produits<\/h2>\n<div class=\"product-table\">\n<div class=\"row\">\n<div class=\"cell label\">mat\u00e9riel<\/div>\n<div class=\"cell value\">Verre<\/div>\n<\/div>\n<div class=\"row\">\n<div class=\"cell label\">type<\/div>\n<div class=\"cell value\">Gobelet<\/div>\n<\/div>\n<div class=\"row\">\n<div class=\"cell label\">Application<\/div>\n<div class=\"cell value\">Maison, H\u00f4tel, Bureau, Cadeau, Randonn\u00e9e, Camping, Mariage, F\u00eate, Sport, Dipl\u00f4me, Voyage, Rentr\u00e9e des classes, Boissons chaudes, Boissons froides, Flacons sous vide, Th\u00e9 de l'apr\u00e8s-midi<\/div>\n<\/div>\n<div class=\"row\">\n<div class=\"cell label\">caract\u00e9ristique<\/div>\n<div class=\"cell value\">Stock\u00e9<\/div>\n<\/div>\n<div class=\"row\">\n<div class=\"cell label\">type de bouchons de bouteilles d'eau<\/div>\n<div class=\"cell value\">Mousqueton attach\u00e9<\/div>\n<\/div>\n<div class=\"row\">\n<div class=\"cell label\">style<\/div>\n<div class=\"cell value\">Moderne<\/div>\n<\/div>\n<div class=\"row\">\n<div class=\"cell label\">Mod\u00e8le<\/div>\n<div class=\"cell value\">Solide<\/div>\n<\/div>\n<div class=\"row\">\n<div class=\"cell label\">Personnes concern\u00e9es<\/div>\n<div class=\"cell value\">\u00c9tudiant<\/div>\n<\/div>\n<div class=\"row\">\n<div class=\"cell label\">occasion<\/div>\n<div class=\"cell value\">Retour \u00e0 l'\u00e9cole<\/div>\n<\/div>\n<div class=\"row\">\n<div class=\"cell label\">Unit\u00e9s de vente<\/div>\n<div class=\"cell value\">Article unique<\/div>\n<\/div>\n<div class=\"row\">\n<div class=\"cell label\">Taille de l'emballage unique<\/div>\n<div class=\"cell value\">15X15X9 cm<\/div>\n<\/div>\n<div class=\"row\">\n<div class=\"cell label\">Poids brut unique<\/div>\n<div class=\"cell value\">0,200 kg<\/div>\n<\/div>\n<\/div>\n<p>\n<img decoding=\"async\" src=\"https:\/\/glasswaremanufacturers.com\/wp-content\/uploads\/530ml_Stripe_Glass_Cup.webp\" alt=\"Coupe en verre \u00e0 rayures 530 ml\" title=\"Coupe en verre \u00e0 rayures 530 ml\"><\/p>\n<h2>FAQ<\/h2>\n<p><strong>1. Quelle est la capacit\u00e9 de la tasse en verre ?<\/strong><br \/>Le gobelet en verre a une capacit\u00e9 de 530 ml, id\u00e9ale pour contenir des boissons.<\/p>\n<p><strong>2. Le gobelet en verre peut-il \u00eatre lav\u00e9 au lave-vaisselle ?<\/strong><br \/>Oui, le gobelet en verre \u00e0 rayures est facile \u00e0 nettoyer et passe au lave-vaisselle.<\/p>\n<p><strong>3. Le gobelet en verre peut-il \u00eatre utilis\u00e9 pour des boissons chaudes ?<\/strong><br \/>La construction en verre durable lui permet de contenir des boissons chaudes en toute s\u00e9curit\u00e9.<\/p>\n<p><strong>4. Le motif des rayures est-il purement esth\u00e9tique ?<\/strong><br \/>Les rayures ajoutent un attrait esth\u00e9tique et am\u00e9liorent l'adh\u00e9rence.<\/p>\n<p><strong>5. En quoi ce gobelet en verre est-il b\u00e9n\u00e9fique pour l'environnement ?<\/strong><br \/>Le choix du verre plut\u00f4t que du plastique r\u00e9duit l'impact sur l'environnement.<\/p>\n<p><strong>6. Ce gobelet en verre est-il adapt\u00e9 aux cadeaux d'entreprise ?<\/strong><br \/>Oui, son design \u00e9l\u00e9gant en fait un cadeau id\u00e9al pour les entreprises.<\/p>\n<p><strong>7. Le gobelet en verre s'adapte-t-il aux porte-gobelets standard ?<\/strong><br \/>Oui, la taille de 530 ml s'adapte aux porte-gobelets standard pour plus de commodit\u00e9.<\/p>\n<p><strong>8. Pourquoi choisir ce gobelet en verre plut\u00f4t qu'en plastique ?<\/strong><br \/>Le verre est plus durable, plus respectueux de l'environnement et pr\u00e9serve le go\u00fbt des boissons.<\/p>\n<p><\/p>\n<h2>Blog r\u00e9cent<\/h2>\n<ul class=\"reco-links\">\n<li><a href=\"https:\/\/glasswaremanufacturers.com\/fr\/fabrication-de-gobelets-en-verre-en-slovenie\/\" target=\"_blank\">Fabrication de gobelets en verre en Slov\u00e9nie<\/a><\/li>\n<li><a href=\"https:\/\/glasswaremanufacturers.com\/fr\/fabrication-de-gobelets-en-verre-en-slovaquie\/\" target=\"_blank\">Fabrication de gobelets en verre en Slovaquie<\/a><\/li>\n<li><a href=\"https:\/\/glasswaremanufacturers.com\/fr\/fabrication-de-gobelets-en-verre-en-somalie\/\" target=\"_blank\">Fabrication de gobelets en verre en Somalie<\/a><\/li>\n<li><a href=\"https:\/\/glasswaremanufacturers.com\/fr\/fabricants-de-gobelets-en-verre-au-guatemala\/\" target=\"_blank\">fabricants de gobelets en verre au guatemala<\/a><\/li>\n<\/ul>","protected":false},"featured_media":4812,"parent":0,"template":"","meta":{"_acf_changed":false,"_seopress_robots_primary_cat":"","_seopress_titles_title":"","_seopress_titles_desc":"","_seopress_robots_index":""},"categories":[12],"class_list":["post-4813","product","type-product","status-publish","has-post-thumbnail","hentry","category-glass-cup-manufacturers"],"acf":{"product_maidian":"<li>Durable glass construction ensures longevity.<\/li>\r\n<li>530ml capacity perfect for beverages at work.<\/li>\r\n<li>Elegant stripe design enhances aesthetic appeal.<\/li>\r\n<li>Easy to clean, suitable for busy environments.<\/li>\r\n<li>Comfortable grip for secure handling.<\/li>\r\n<li>Eco-friendly alternative to plastic cups.<\/li>\r\n<li>Ideal for corporate gifting or office use.<\/li>\r\n<li>Fits standard cup holders for convenience.<\/li>"},"_links":{"self":[{"href":"https:\/\/glasswaremanufacturers.com\/fr\/wp-json\/wp\/v2\/product\/4813","targetHints":{"allow":["GET"]}}],"collection":[{"href":"https:\/\/glasswaremanufacturers.com\/fr\/wp-json\/wp\/v2\/product"}],"about":[{"href":"https:\/\/glasswaremanufacturers.com\/fr\/wp-json\/wp\/v2\/types\/product"}],"wp:featuredmedia":[{"embeddable":true,"href":"https:\/\/glasswaremanufacturers.com\/fr\/wp-json\/wp\/v2\/media\/4812"}],"wp:attachment":[{"href":"https:\/\/glasswaremanufacturers.com\/fr\/wp-json\/wp\/v2\/media?parent=4813"}],"wp:term":[{"taxonomy":"category","embeddable":true,"href":"https:\/\/glasswaremanufacturers.com\/fr\/wp-json\/wp\/v2\/categories?post=4813"}],"curies":[{"name":"wp","href":"https:\/\/api.w.org\/{rel}","templated":true}]}}