{"id":5148,"date":"2026-04-18T22:42:26","date_gmt":"2026-04-18T14:42:26","guid":{"rendered":"https:\/\/glasswaremanufacturers.com\/product\/clear-glass-drinking-cup\/"},"modified":"2026-04-18T22:42:26","modified_gmt":"2026-04-18T14:42:26","slug":"gobelet-en-verre-transparent","status":"publish","type":"product","link":"https:\/\/glasswaremanufacturers.com\/fr\/product\/clear-glass-drinking-cup\/","title":{"rendered":"Coupe \u00e0 boire en verre transparent"},"content":{"rendered":"<h2>D\u00e9tails des produits<\/h2>\n<div class=\"product-table\">\n<div class=\"row\">\n<div class=\"cell label\">type de verre<\/div>\n<div class=\"cell value\">Transparent<\/div>\n<\/div>\n<div class=\"row\">\n<div class=\"cell label\">capacit\u00e9<\/div>\n<div class=\"cell value\">270ML<\/div>\n<\/div>\n<div class=\"row\">\n<div class=\"cell label\">mat\u00e9riel<\/div>\n<div class=\"cell value\">Verre<\/div>\n<\/div>\n<div class=\"row\">\n<div class=\"cell label\">style<\/div>\n<div class=\"cell value\">Style am\u00e9ricain<\/div>\n<\/div>\n<div class=\"row\">\n<div class=\"cell label\">utiliser<\/div>\n<div class=\"cell value\">Le vin<\/div>\n<\/div>\n<div class=\"row\">\n<div class=\"cell label\">quantit\u00e9<\/div>\n<div class=\"cell value\">1<\/div>\n<\/div>\n<div class=\"row\">\n<div class=\"cell label\">Mat\u00e9riau<\/div>\n<div class=\"cell value\">Verre<\/div>\n<\/div>\n<div class=\"row\">\n<div class=\"cell label\">Nom du produit<\/div>\n<div class=\"cell value\">Gobelet en verre<\/div>\n<\/div>\n<div class=\"row\">\n<div class=\"cell label\">Capacit\u00e9<\/div>\n<div class=\"cell value\">270ml<\/div>\n<\/div>\n<div class=\"row\">\n<div class=\"cell label\">Couleur<\/div>\n<div class=\"cell value\">Color\u00e9e<\/div>\n<\/div>\n<div class=\"row\">\n<div class=\"cell label\">Utilisation<\/div>\n<div class=\"cell value\">Accueil H\u00f4tel Restaurant F\u00eate de mariage<\/div>\n<\/div>\n<div class=\"row\">\n<div class=\"cell label\">Logo<\/div>\n<div class=\"cell value\">Logo personnalis\u00e9<\/div>\n<\/div>\n<div class=\"row\">\n<div class=\"cell label\">Emballage<\/div>\n<div class=\"cell value\">Bo\u00eete<\/div>\n<\/div>\n<div class=\"row\">\n<div class=\"cell label\">Style<\/div>\n<div class=\"cell value\">Moderne et \u00e0 la mode<\/div>\n<\/div>\n<div class=\"row\">\n<div class=\"cell label\">Application<\/div>\n<div class=\"cell value\">H\u00f4tel Restaurant Maison Mariage F\u00eate<\/div>\n<\/div>\n<div class=\"row\">\n<div class=\"cell label\">MOQ<\/div>\n<div class=\"cell value\">50pcs<\/div>\n<\/div>\n<div class=\"row\">\n<div class=\"cell label\">Unit\u00e9s de vente<\/div>\n<div class=\"cell value\">Article unique<\/div>\n<\/div>\n<div class=\"row\">\n<div class=\"cell label\">Taille de l'emballage unique<\/div>\n<div class=\"cell value\">16X14X20 cm<\/div>\n<\/div>\n<div class=\"row\">\n<div class=\"cell label\">Poids brut unique<\/div>\n<div class=\"cell value\">1.000 kg<\/div>\n<\/div>\n<\/div>\n<p>\n<img decoding=\"async\" src=\"https:\/\/glasswaremanufacturers.com\/wp-content\/uploads\/Clear_Glass_Drinking_Cup.webp\" alt=\"Coupe \u00e0 boire en verre transparent\" title=\"Coupe \u00e0 boire en verre transparent\"><\/p>\n<h2>FAQ<\/h2>\n<p><strong>1. Le gobelet en verre peut-il \u00eatre lav\u00e9 au lave-vaisselle ?<\/strong><br \/>Oui, le gobelet en verre peut \u00eatre lav\u00e9 au lave-vaisselle, ce qui rend le nettoyage simple et efficace.<\/p>\n<p><strong>2. Puis-je utiliser le verre pour des boissons chaudes ?<\/strong><br \/>Absolument, le verre est con\u00e7u pour accueillir des boissons chaudes et froides.<\/p>\n<p><strong>3. Le verre est-il exempt de plomb ?<\/strong><br \/>Oui, le verre est exempt de plomb, ce qui garantit la s\u00e9curit\u00e9 et la tranquillit\u00e9 d'esprit.<\/p>\n<p><strong>4. Le verre conserve-t-il sa clart\u00e9 au fil du temps ?<\/strong><br \/>Oui, notre verre conserve sa clart\u00e9 cristalline pour une utilisation \u00e0 long terme.<\/p>\n<p><strong>5. Les gobelets sont-ils empilables ?<\/strong><br \/>Oui, la conception empilable permet de gagner de la place dans les espaces de stockage.<\/p>\n<p><strong>6. Quelle est la capacit\u00e9 de la tasse ?<\/strong><br \/>Le gobelet en verre contient un volume standard, adapt\u00e9 \u00e0 diverses boissons.<\/p>\n<p><strong>7. Le verre est-il adapt\u00e9 \u00e0 un usage commercial ?<\/strong><br \/>Oui, il est id\u00e9al pour les entreprises et les particuliers.<\/p>\n<p><strong>8. Le verre est-il ergonomique ?<\/strong><br \/>Oui, le verre a une forme ergonomique pour une prise en main confortable.<\/p>\n<p><strong>9. Le verre peut-il r\u00e9sister \u00e0 des changements de temp\u00e9rature ?<\/strong><br \/>Oui, il est con\u00e7u pour r\u00e9sister \u00e0 d'importantes variations de temp\u00e9rature.<\/p>\n<p><strong>10. Le design du verre est-il moderne ?<\/strong><br \/>Oui, le design \u00e9l\u00e9gant compl\u00e8te n'importe quelle collection de verres contemporains.<\/p>\n<p><\/p>\n<h2>Blog r\u00e9cent<\/h2>\n<ul class=\"reco-links\">\n<li><a href=\"https:\/\/glasswaremanufacturers.com\/fr\/fabrication-de-gobelets-en-verre-en-irak\/\" target=\"_blank\">Fabrication de gobelets en verre en Irak<\/a><\/li>\n<li><a href=\"https:\/\/glasswaremanufacturers.com\/fr\/fabricants-de-gobelets-en-verre-en-roumanie\/\" target=\"_blank\">fabricants de gobelets en verre en roumanie<\/a><\/li>\n<li><a href=\"https:\/\/glasswaremanufacturers.com\/fr\/fabricants-de-gobelets-en-verre-en-grece\/\" target=\"_blank\">fabricants de gobelets en verre en gr\u00e8ce<\/a><\/li>\n<li><a href=\"https:\/\/glasswaremanufacturers.com\/fr\/fabrication-de-gobelets-en-verre-au-perou\/\" target=\"_blank\">Fabrication de gobelets en verre au P\u00e9rou<\/a><\/li>\n<\/ul>","protected":false},"featured_media":5147,"parent":0,"template":"","meta":{"_acf_changed":false,"_seopress_robots_primary_cat":"","_seopress_titles_title":"","_seopress_titles_desc":"","_seopress_robots_index":""},"categories":[12],"class_list":["post-5148","product","type-product","status-publish","has-post-thumbnail","hentry","category-glass-cup-manufacturers"],"acf":{"product_maidian":"<li>Durable glass construction ensures longevity.<\/li>\r\n<li>Elegant design enhances any beverage presentation.<\/li>\r\n<li>Easy to clean for hassle-free maintenance.<\/li>\r\n<li>Perfect size for a variety of drinks.<\/li>\r\n<li>Lead-free glass guarantees safety.<\/li>\r\n<li>Stackable design saves storage space.<\/li>\r\n<li>Crystal-clear clarity showcases drink colors.<\/li>\r\n<li>Comfortable grip with ergonomic shape.<\/li>\r\n<li>Versatile use for hot and cold beverages.<\/li>\r\n<li>Ideal for both commercial and home use.<\/li>"},"_links":{"self":[{"href":"https:\/\/glasswaremanufacturers.com\/fr\/wp-json\/wp\/v2\/product\/5148","targetHints":{"allow":["GET"]}}],"collection":[{"href":"https:\/\/glasswaremanufacturers.com\/fr\/wp-json\/wp\/v2\/product"}],"about":[{"href":"https:\/\/glasswaremanufacturers.com\/fr\/wp-json\/wp\/v2\/types\/product"}],"wp:featuredmedia":[{"embeddable":true,"href":"https:\/\/glasswaremanufacturers.com\/fr\/wp-json\/wp\/v2\/media\/5147"}],"wp:attachment":[{"href":"https:\/\/glasswaremanufacturers.com\/fr\/wp-json\/wp\/v2\/media?parent=5148"}],"wp:term":[{"taxonomy":"category","embeddable":true,"href":"https:\/\/glasswaremanufacturers.com\/fr\/wp-json\/wp\/v2\/categories?post=5148"}],"curies":[{"name":"wp","href":"https:\/\/api.w.org\/{rel}","templated":true}]}}