{"id":5150,"date":"2026-04-18T22:42:28","date_gmt":"2026-04-18T14:42:28","guid":{"rendered":"https:\/\/glasswaremanufacturers.com\/product\/colored-double-wall-glass\/"},"modified":"2026-04-18T22:42:28","modified_gmt":"2026-04-18T14:42:28","slug":"verre-colore-a-double-paroi","status":"publish","type":"product","link":"https:\/\/glasswaremanufacturers.com\/fr\/product\/colored-double-wall-glass\/","title":{"rendered":"Verre color\u00e9 \u00e0 double paroi"},"content":{"rendered":"<h2>D\u00e9tails des produits<\/h2>\n<div class=\"product-table\">\n<div class=\"row\">\n<div class=\"cell label\">mat\u00e9riel<\/div>\n<div class=\"cell value\">Verre<\/div>\n<\/div>\n<div class=\"row\">\n<div class=\"cell label\">type<\/div>\n<div class=\"cell value\">Tasses \u00e0 caf\u00e9<\/div>\n<\/div>\n<div class=\"row\">\n<div class=\"cell label\">Application<\/div>\n<div class=\"cell value\">Maison, H\u00f4tel, Bureau, Cadeau<\/div>\n<\/div>\n<div class=\"row\">\n<div class=\"cell label\">caract\u00e9ristique<\/div>\n<div class=\"cell value\">R\u00e9utilisable<\/div>\n<\/div>\n<div class=\"row\">\n<div class=\"cell label\">style<\/div>\n<div class=\"cell value\">Nordique<\/div>\n<\/div>\n<div class=\"row\">\n<div class=\"cell label\">occasion<\/div>\n<div class=\"cell value\">Cadeaux d'affaires<\/div>\n<\/div>\n<div class=\"row\">\n<div class=\"cell label\">Nom du produit<\/div>\n<div class=\"cell value\">Coupe en verre \u00e0 double paroi<\/div>\n<\/div>\n<div class=\"row\">\n<div class=\"cell label\">Mat\u00e9riau<\/div>\n<div class=\"cell value\">Verre borosilicat\u00e9<\/div>\n<\/div>\n<div class=\"row\">\n<div class=\"cell label\">Couleur<\/div>\n<div class=\"cell value\">Clair<\/div>\n<\/div>\n<div class=\"row\">\n<div class=\"cell label\">Capacit\u00e9<\/div>\n<div class=\"cell value\">301-400ml<\/div>\n<\/div>\n<div class=\"row\">\n<div class=\"cell label\">Logo<\/div>\n<div class=\"cell value\">Logo personnalis\u00e9 acceptable<\/div>\n<\/div>\n<div class=\"row\">\n<div class=\"cell label\">Emballage<\/div>\n<div class=\"cell value\">Emballage sur mesure accept\u00e9<\/div>\n<\/div>\n<div class=\"row\">\n<div class=\"cell label\">MOQ<\/div>\n<div class=\"cell value\">500pcs<\/div>\n<\/div>\n<div class=\"row\">\n<div class=\"cell label\">Application<\/div>\n<div class=\"cell value\">La vie quotidienne \u00e0 la maison<\/div>\n<\/div>\n<div class=\"row\">\n<div class=\"cell label\">Temps d'\u00e9chantillonnage<\/div>\n<div class=\"cell value\">5-7 jours ouvrables<\/div>\n<\/div>\n<div class=\"row\">\n<div class=\"cell label\">D\u00e9lai de livraison<\/div>\n<div class=\"cell value\">15-20 jours<\/div>\n<\/div>\n<div class=\"row\">\n<div class=\"cell label\">Unit\u00e9s de vente<\/div>\n<div class=\"cell value\">Article unique<\/div>\n<\/div>\n<div class=\"row\">\n<div class=\"cell label\">Taille de l'emballage unique<\/div>\n<div class=\"cell value\">30X20X16 cm<\/div>\n<\/div>\n<div class=\"row\">\n<div class=\"cell label\">Poids brut unique<\/div>\n<div class=\"cell value\">0,700 kg<\/div>\n<\/div>\n<\/div>\n<p>\n<img decoding=\"async\" src=\"https:\/\/glasswaremanufacturers.com\/wp-content\/uploads\/Colored_Double_Wall_Glass.webp\" alt=\"Verre color\u00e9 \u00e0 double paroi\" title=\"Verre color\u00e9 \u00e0 double paroi\"><\/p>\n<h2>FAQ<\/h2>\n<p><strong>1. Qu'est-ce qui fait que le verre est \u00e0 double paroi ?<\/strong><br \/>La construction \u00e0 double paroi assure l'isolation pour maintenir la temp\u00e9rature des boissons.<\/p>\n<p><strong>2. Le verre peut-il \u00eatre utilis\u00e9 pour des boissons chaudes ?<\/strong><br \/>Oui, le verre borosilicat\u00e9 r\u00e9siste sans probl\u00e8me aux temp\u00e9ratures \u00e9lev\u00e9es.<\/p>\n<p><strong>3. Puis-je utiliser ce verre pour des boissons froides ?<\/strong><br \/>Absolument, il conserve efficacement les temp\u00e9ratures froides.<\/p>\n<p><strong>4. Le verre passe-t-il au lave-vaisselle ?<\/strong><br \/>Oui, il est con\u00e7u pour \u00eatre facilement nettoy\u00e9 au lave-vaisselle.<\/p>\n<p><strong>5. Le verre existe-t-il en diff\u00e9rentes couleurs ?<\/strong><br \/>Oui, le verre color\u00e9 offre diverses options vibrantes.<\/p>\n<p><strong>6. Quels sont les mat\u00e9riaux utilis\u00e9s dans le verre ?<\/strong><br \/>Fabriqu\u00e9 en verre borosilicat\u00e9 durable et en mat\u00e9riaux non toxiques.<\/p>\n<p><strong>7. Le verre est-il adapt\u00e9 \u00e0 un environnement professionnel ?<\/strong><br \/>Oui, son aspect \u00e9l\u00e9gant est id\u00e9al pour tout environnement professionnel.<\/p>\n<p><strong>8. Quels sont les avantages de la conception ergonomique pour les utilisateurs ?<\/strong><br \/>Il assure une manipulation confortable et minimise les d\u00e9versements.<\/p>\n<p><\/p>\n<h2>Blog r\u00e9cent<\/h2>\n<ul class=\"reco-links\">\n<li><a href=\"https:\/\/glasswaremanufacturers.com\/fr\/glass-cup-manufacturers-in-kuwait\/\" target=\"_blank\">Fabrication de gobelets en verre au Kowe\u00eft<\/a><\/li>\n<li><a href=\"https:\/\/glasswaremanufacturers.com\/fr\/fabrication-de-gobelets-en-verre-au-qatar\/\" target=\"_blank\">Fabrication de gobelets en verre au Qatar<\/a><\/li>\n<li><a href=\"https:\/\/glasswaremanufacturers.com\/fr\/fabricants-de-gobelets-en-verre-en-nouvelle-zelande\/\" target=\"_blank\">fabricants de gobelets en verre en nouvelle-z\u00e9lande<\/a><\/li>\n<li><a href=\"https:\/\/glasswaremanufacturers.com\/fr\/fabricants-de-gobelets-en-verre-au-portugal\/\" target=\"_blank\">fabricants de gobelets en verre au portugal<\/a><\/li>\n<\/ul>","protected":false},"featured_media":5149,"parent":0,"template":"","meta":{"_acf_changed":false,"_seopress_robots_primary_cat":"","_seopress_titles_title":"","_seopress_titles_desc":"","_seopress_robots_index":""},"categories":[12],"class_list":["post-5150","product","type-product","status-publish","has-post-thumbnail","hentry","category-glass-cup-manufacturers"],"acf":{"product_maidian":"<li>Enhance beverage presentation with vibrant colors.<\/li>\r\n<li>Double wall insulation keeps drinks hot or cold longer.<\/li>\r\n<li>Durable borosilicate glass resists temperature changes.<\/li>\r\n<li>Ergonomic design for comfortable handling.<\/li>\r\n<li>Non-toxic materials ensure safe usage.<\/li>\r\n<li>Elegant appearance suits any professional setting.<\/li>\r\n<li>Easy to clean, dishwasher safe.<\/li>\r\n<li>Versatile use for both hot and cold beverages.<\/li>"},"_links":{"self":[{"href":"https:\/\/glasswaremanufacturers.com\/fr\/wp-json\/wp\/v2\/product\/5150","targetHints":{"allow":["GET"]}}],"collection":[{"href":"https:\/\/glasswaremanufacturers.com\/fr\/wp-json\/wp\/v2\/product"}],"about":[{"href":"https:\/\/glasswaremanufacturers.com\/fr\/wp-json\/wp\/v2\/types\/product"}],"wp:featuredmedia":[{"embeddable":true,"href":"https:\/\/glasswaremanufacturers.com\/fr\/wp-json\/wp\/v2\/media\/5149"}],"wp:attachment":[{"href":"https:\/\/glasswaremanufacturers.com\/fr\/wp-json\/wp\/v2\/media?parent=5150"}],"wp:term":[{"taxonomy":"category","embeddable":true,"href":"https:\/\/glasswaremanufacturers.com\/fr\/wp-json\/wp\/v2\/categories?post=5150"}],"curies":[{"name":"wp","href":"https:\/\/api.w.org\/{rel}","templated":true}]}}