{"id":5152,"date":"2026-04-18T22:42:30","date_gmt":"2026-04-18T14:42:30","guid":{"rendered":"https:\/\/glasswaremanufacturers.com\/product\/colored-glass-drinking-cups\/"},"modified":"2026-04-18T22:42:30","modified_gmt":"2026-04-18T14:42:30","slug":"gobelets-en-verre-colore","status":"publish","type":"product","link":"https:\/\/glasswaremanufacturers.com\/fr\/product\/colored-glass-drinking-cups\/","title":{"rendered":"Gobelets en verre color\u00e9"},"content":{"rendered":"<h2>D\u00e9tails des produits<\/h2>\n<div class=\"product-table\">\n<div class=\"row\">\n<div class=\"cell label\">mat\u00e9riel<\/div>\n<div class=\"cell value\">Verre<\/div>\n<\/div>\n<div class=\"row\">\n<div class=\"cell label\">type<\/div>\n<div class=\"cell value\">Gobelet<\/div>\n<\/div>\n<div class=\"row\">\n<div class=\"cell label\">Compatible avec le four \u00e0 micro-ondes<\/div>\n<div class=\"cell value\">Non<\/div>\n<\/div>\n<div class=\"row\">\n<div class=\"cell label\">lavable au lave-vaisselle<\/div>\n<div class=\"cell value\">Non<\/div>\n<\/div>\n<div class=\"row\">\n<div class=\"cell label\">Application<\/div>\n<div class=\"cell value\">Maison, H\u00f4tel, Bureau, Camping, F\u00eate, boissons froides, Rentr\u00e9e des classes, Th\u00e9 de l'apr\u00e8s-midi<\/div>\n<\/div>\n<div class=\"row\">\n<div class=\"cell label\">caract\u00e9ristique<\/div>\n<div class=\"cell value\">Portable, sans BPA, sans danger pour les aliments<\/div>\n<\/div>\n<div class=\"row\">\n<div class=\"cell label\">style<\/div>\n<div class=\"cell value\">Moderne<\/div>\n<\/div>\n<div class=\"row\">\n<div class=\"cell label\">Mod\u00e8le<\/div>\n<div class=\"cell value\">logo<\/div>\n<\/div>\n<div class=\"row\">\n<div class=\"cell label\">Personnes concern\u00e9es<\/div>\n<div class=\"cell value\">Unisexe<\/div>\n<\/div>\n<div class=\"row\">\n<div class=\"cell label\">occasion<\/div>\n<div class=\"cell value\">Camping<\/div>\n<\/div>\n<div class=\"row\">\n<div class=\"cell label\">Type<\/div>\n<div class=\"cell value\">Boire<\/div>\n<\/div>\n<div class=\"row\">\n<div class=\"cell label\">Logo<\/div>\n<div class=\"cell value\">Logo personnalis\u00e9 bienvenu<\/div>\n<\/div>\n<div class=\"row\">\n<div class=\"cell label\">Impression<\/div>\n<div class=\"cell value\">Impression sur soie, impression par transfert thermique, laser, etc.<\/div>\n<\/div>\n<div class=\"row\">\n<div class=\"cell label\">Couleur<\/div>\n<div class=\"cell value\">Toutes les couleurs personnalis\u00e9es sont disponibles<\/div>\n<\/div>\n<div class=\"row\">\n<div class=\"cell label\">Taille<\/div>\n<div class=\"cell value\">300\/350ml<\/div>\n<\/div>\n<div class=\"row\">\n<div class=\"cell label\">Livraison<\/div>\n<div class=\"cell value\">25-30 jours<\/div>\n<\/div>\n<div class=\"row\">\n<div class=\"cell label\">Emballage<\/div>\n<div class=\"cell value\">Emballage en vrac<\/div>\n<\/div>\n<div class=\"row\">\n<div class=\"cell label\">\u00c9chantillon<\/div>\n<div class=\"cell value\">Avalable<\/div>\n<\/div>\n<div class=\"row\">\n<div class=\"cell label\">MOQ<\/div>\n<div class=\"cell value\">1000pcs<\/div>\n<\/div>\n<div class=\"row\">\n<div class=\"cell label\">Style<\/div>\n<div class=\"cell value\">classique<\/div>\n<\/div>\n<div class=\"row\">\n<div class=\"cell label\">Unit\u00e9s de vente<\/div>\n<div class=\"cell value\">Article unique<\/div>\n<\/div>\n<div class=\"row\">\n<div class=\"cell label\">Taille de l'emballage unique<\/div>\n<div class=\"cell value\">20X20X20 cm<\/div>\n<\/div>\n<div class=\"row\">\n<div class=\"cell label\">Poids brut unique<\/div>\n<div class=\"cell value\">2.000 kg<\/div>\n<\/div>\n<\/div>\n<p>\n<img decoding=\"async\" src=\"https:\/\/glasswaremanufacturers.com\/wp-content\/uploads\/Colored_Glass_Drinking_Cups.webp\" alt=\"Gobelets en verre color\u00e9\" title=\"Gobelets en verre color\u00e9\"><\/p>\n<h2>FAQ<\/h2>\n<p><strong>1. Les gobelets peuvent-ils \u00eatre lav\u00e9s au lave-vaisselle ?<\/strong><br \/>Oui, les gobelets en verre color\u00e9 peuvent \u00eatre lav\u00e9s au lave-vaisselle pour un nettoyage facile.<\/p>\n<p><strong>2. Quels sont les mat\u00e9riaux utilis\u00e9s ?<\/strong><br \/>Les gobelets sont fabriqu\u00e9s en verre color\u00e9 durable et non toxique.<\/p>\n<p><strong>3. Peuvent-ils contenir des boissons chaudes ?<\/strong><br \/>Oui, ces gobelets sont con\u00e7us pour contenir des boissons chaudes et froides.<\/p>\n<p><strong>4. Les couleurs r\u00e9sistent-elles \u00e0 la d\u00e9coloration ?<\/strong><br \/>Oui, les couleurs vives sont con\u00e7ues pour r\u00e9sister \u00e0 la d\u00e9coloration au fil du temps.<\/p>\n<p><strong>5. Les gobelets existent-ils en diff\u00e9rentes tailles ?<\/strong><br \/>Oui, ils sont disponibles en diff\u00e9rentes tailles pour r\u00e9pondre \u00e0 diff\u00e9rents besoins.<\/p>\n<p><strong>6. Les gobelets sont-ils empilables ?<\/strong><br \/>Oui, la conception permet un empilage facile pour \u00e9conomiser de l'espace.<\/p>\n<p><strong>7. Le verre est-il \u00e9cologique ?<\/strong><br \/>Oui, le verre est fabriqu\u00e9 \u00e0 partir de mat\u00e9riaux durables.<\/p>\n<p><strong>8. Peuvent-ils \u00eatre utilis\u00e9s \u00e0 l'ext\u00e9rieur ?<\/strong><br \/>Oui, ces gobelets conviennent aussi bien \u00e0 l'int\u00e9rieur qu'\u00e0 l'ext\u00e9rieur.<\/p>\n<p><\/p>\n<h2>Blog r\u00e9cent<\/h2>\n<ul class=\"reco-links\">\n<li><a href=\"https:\/\/glasswaremanufacturers.com\/fr\/fabrication-de-gobelets-en-verre-en-tchecoslovaquie\/\" target=\"_blank\">Fabrication de gobelets en verre en Tch\u00e9coslovaquie<\/a><\/li>\n<li><a href=\"https:\/\/glasswaremanufacturers.com\/fr\/gobelets-en-verre-fabricants-au-chili\/\" target=\"_blank\">gobelets en verre fabricants au chili<\/a><\/li>\n<li><a href=\"https:\/\/glasswaremanufacturers.com\/fr\/fabrication-de-gobelets-en-verre-a-hong-kong\/\" target=\"_blank\">Fabrication de gobelets en verre \u00e0 hong kong<\/a><\/li>\n<li><a href=\"https:\/\/glasswaremanufacturers.com\/fr\/fabricants-de-gobelets-en-verre-en-colombie\/\" target=\"_blank\">fabricants de gobelets en verre en colombie<\/a><\/li>\n<\/ul>","protected":false},"featured_media":5151,"parent":0,"template":"","meta":{"_acf_changed":false,"_seopress_robots_primary_cat":"","_seopress_titles_title":"","_seopress_titles_desc":"","_seopress_robots_index":""},"categories":[12],"class_list":["post-5152","product","type-product","status-publish","has-post-thumbnail","hentry","category-glass-cup-manufacturers"],"acf":{"product_maidian":"<li>Durable colored glass for long-lasting use.<\/li>\r\n<li>Available in various vibrant colors to match any decor.<\/li>\r\n<li>Perfect for both hot and cold beverages.<\/li>\r\n<li>Eco-friendly materials promote sustainability.<\/li>\r\n<li>Non-toxic and safe for everyday use.<\/li>\r\n<li>Easy to clean, dishwasher safe.<\/li>\r\n<li>Stylish design enhances table aesthetics.<\/li>\r\n<li>Ideal for restaurants, cafes, and home use.<\/li>"},"_links":{"self":[{"href":"https:\/\/glasswaremanufacturers.com\/fr\/wp-json\/wp\/v2\/product\/5152","targetHints":{"allow":["GET"]}}],"collection":[{"href":"https:\/\/glasswaremanufacturers.com\/fr\/wp-json\/wp\/v2\/product"}],"about":[{"href":"https:\/\/glasswaremanufacturers.com\/fr\/wp-json\/wp\/v2\/types\/product"}],"wp:featuredmedia":[{"embeddable":true,"href":"https:\/\/glasswaremanufacturers.com\/fr\/wp-json\/wp\/v2\/media\/5151"}],"wp:attachment":[{"href":"https:\/\/glasswaremanufacturers.com\/fr\/wp-json\/wp\/v2\/media?parent=5152"}],"wp:term":[{"taxonomy":"category","embeddable":true,"href":"https:\/\/glasswaremanufacturers.com\/fr\/wp-json\/wp\/v2\/categories?post=5152"}],"curies":[{"name":"wp","href":"https:\/\/api.w.org\/{rel}","templated":true}]}}