{"id":5154,"date":"2026-04-18T22:42:31","date_gmt":"2026-04-18T14:42:31","guid":{"rendered":"https:\/\/glasswaremanufacturers.com\/product\/colored-glass-wine-cup\/"},"modified":"2026-04-18T22:42:31","modified_gmt":"2026-04-18T14:42:31","slug":"verre-colore-coupe-a-vin","status":"publish","type":"product","link":"https:\/\/glasswaremanufacturers.com\/fr\/product\/colored-glass-wine-cup\/","title":{"rendered":"Coupe \u00e0 vin en verre color\u00e9"},"content":{"rendered":"<h2>D\u00e9tails des produits<\/h2>\n<div class=\"product-table\">\n<div class=\"row\">\n<div class=\"cell label\">mat\u00e9riel<\/div>\n<div class=\"cell value\">Cristal<\/div>\n<\/div>\n<div class=\"row\">\n<div class=\"cell label\">type<\/div>\n<div class=\"cell value\">Tasses \u00e0 bi\u00e8re<\/div>\n<\/div>\n<div class=\"row\">\n<div class=\"cell label\">Compatible avec le four \u00e0 micro-ondes<\/div>\n<div class=\"cell value\">Non<\/div>\n<\/div>\n<div class=\"row\">\n<div class=\"cell label\">lavable au lave-vaisselle<\/div>\n<div class=\"cell value\">Non<\/div>\n<\/div>\n<div class=\"row\">\n<div class=\"cell label\">Application<\/div>\n<div class=\"cell value\">boissons froides<\/div>\n<\/div>\n<div class=\"row\">\n<div class=\"cell label\">caract\u00e9ristique<\/div>\n<div class=\"cell value\">Stock\u00e9<\/div>\n<\/div>\n<div class=\"row\">\n<div class=\"cell label\">type de bouchons de bouteilles d'eau<\/div>\n<div class=\"cell value\">Non<\/div>\n<\/div>\n<div class=\"row\">\n<div class=\"cell label\">style<\/div>\n<div class=\"cell value\">CLASSIQUE,Moderne,Nordique,Traditionnel<\/div>\n<\/div>\n<div class=\"row\">\n<div class=\"cell label\">Mod\u00e8le<\/div>\n<div class=\"cell value\">logo<\/div>\n<\/div>\n<div class=\"row\">\n<div class=\"cell label\">Personnes concern\u00e9es<\/div>\n<div class=\"cell value\">Adultes<\/div>\n<\/div>\n<div class=\"row\">\n<div class=\"cell label\">occasion<\/div>\n<div class=\"cell value\">Utilisation quotidienne, cadeau d'affaires, f\u00eate, cadeau de No\u00ebl<\/div>\n<\/div>\n<div class=\"row\">\n<div class=\"cell label\">Nom du produit<\/div>\n<div class=\"cell value\">180ml 250ml Verre \u00e9cologique color\u00e9 personnalis\u00e9 pour boissons<\/div>\n<\/div>\n<div class=\"row\">\n<div class=\"cell label\">Mat\u00e9riau<\/div>\n<div class=\"cell value\">Verre<\/div>\n<\/div>\n<div class=\"row\">\n<div class=\"cell label\">Utilisation<\/div>\n<div class=\"cell value\">Caf\u00e9. Th\u00e9. Bi\u00e8re. Eau<\/div>\n<\/div>\n<div class=\"row\">\n<div class=\"cell label\">Couleur<\/div>\n<div class=\"cell value\">Couleur personnalis\u00e9e<\/div>\n<\/div>\n<div class=\"row\">\n<div class=\"cell label\">Capacit\u00e9<\/div>\n<div class=\"cell value\">180ml\/250ml<\/div>\n<\/div>\n<div class=\"row\">\n<div class=\"cell label\">MOQ<\/div>\n<div class=\"cell value\">100 pi\u00e8ces<\/div>\n<\/div>\n<div class=\"row\">\n<div class=\"cell label\">Style<\/div>\n<div class=\"cell value\">Art moderne unique<\/div>\n<\/div>\n<div class=\"row\">\n<div class=\"cell label\">PAIEMENT<\/div>\n<div class=\"cell value\">T\/T<\/div>\n<\/div>\n<div class=\"row\">\n<div class=\"cell label\">Qualit\u00e9<\/div>\n<div class=\"cell value\">Haute qualit\u00e9<\/div>\n<\/div>\n<div class=\"row\">\n<div class=\"cell label\">Service<\/div>\n<div class=\"cell value\">R\u00e9ponse en ligne 24 heures<\/div>\n<\/div>\n<div class=\"row\">\n<div class=\"cell label\">Unit\u00e9s de vente<\/div>\n<div class=\"cell value\">Article unique<\/div>\n<\/div>\n<div class=\"row\">\n<div class=\"cell label\">Taille de l'emballage unique<\/div>\n<div class=\"cell value\">15X15X15 cm<\/div>\n<\/div>\n<div class=\"row\">\n<div class=\"cell label\">Poids brut unique<\/div>\n<div class=\"cell value\">2.000 kg<\/div>\n<\/div>\n<\/div>\n<p>\n<img decoding=\"async\" src=\"https:\/\/glasswaremanufacturers.com\/wp-content\/uploads\/Colored_Glass_Wine_Cup.webp\" alt=\"Coupe \u00e0 vin en verre color\u00e9\" title=\"Coupe \u00e0 vin en verre color\u00e9\"><\/p>\n<h2>FAQ<\/h2>\n<p><strong>1. De quel mat\u00e9riau sont faits les gobelets ?<\/strong><br \/>Les gobelets \u00e0 vin en verre color\u00e9 sont fabriqu\u00e9s en verre durable de haute qualit\u00e9.<\/p>\n<p><strong>2. Ces tasses peuvent-elles \u00eatre lav\u00e9es au lave-vaisselle ?<\/strong><br \/>Oui, les tasses \u00e0 vin en verre color\u00e9 sont con\u00e7ues pour passer au lave-vaisselle afin de faciliter le nettoyage.<\/p>\n<p><strong>3. Ces coupes peuvent-elles \u00eatre utilis\u00e9es pour les vins rouges et les vins blancs ?<\/strong><br \/>Absolument, les coupes \u00e0 vin en verre color\u00e9 sont polyvalentes pour tout type de vin.<\/p>\n<p><strong>4. Les couleurs s'estompent-elles avec le temps ?<\/strong><br \/>Non, les couleurs vives du verre sont con\u00e7ues pour rester vives et durables.<\/p>\n<p><strong>5. Quelles sont les tailles disponibles pour ces coupes \u00e0 vin ?<\/strong><br \/>Les gobelets \u00e0 vin en verre color\u00e9 sont disponibles en diff\u00e9rentes tailles pour r\u00e9pondre aux diff\u00e9rents besoins de service.<\/p>\n<p><strong>6. Ces coupes \u00e0 vin conviennent-elles pour des \u00e9v\u00e9nements formels ?<\/strong><br \/>Oui, leur design \u00e9l\u00e9gant les rend id\u00e9aux pour les \u00e9v\u00e9nements haut de gamme.<\/p>\n<p><strong>7. Comment ces gobelets am\u00e9liorent-ils l'exp\u00e9rience de la d\u00e9gustation de vin ?<\/strong><br \/>Les couleurs vives ajoutent une dimension visuelle unique \u00e0 l'exp\u00e9rience de la d\u00e9gustation de vin.<\/p>\n<p><strong>8. Existe-t-il une quantit\u00e9 minimale de commande ?<\/strong><br \/>Oui, veuillez nous contacter pour plus de d\u00e9tails sur les quantit\u00e9s minimales de commande.<\/p>\n<p><\/p>\n<h2>Blog r\u00e9cent<\/h2>\n<ul class=\"reco-links\">\n<li><a href=\"https:\/\/glasswaremanufacturers.com\/fr\/fabricants-de-gobelets-en-verre-au-danemark\/\" target=\"_blank\">fabricants de gobelets en verre au danemark<\/a><\/li>\n<li><a href=\"https:\/\/glasswaremanufacturers.com\/fr\/fabrication-de-gobelets-en-verre-a-singapour\/\" target=\"_blank\">Fabrication de gobelets en verre \u00e0 Singapour<\/a><\/li>\n<li><a href=\"https:\/\/glasswaremanufacturers.com\/fr\/fabrication-de-gobelets-en-verre-aux-philippines\/\" target=\"_blank\">Fabrication de gobelets en verre aux Philippines<\/a><\/li>\n<li><a href=\"https:\/\/glasswaremanufacturers.com\/fr\/fabrication-de-gobelets-en-verre-en-malaisie\/\" target=\"_blank\">Fabrication de gobelets en verre en Malaisie<\/a><\/li>\n<\/ul>","protected":false},"featured_media":5153,"parent":0,"template":"","meta":{"_acf_changed":false,"_seopress_robots_primary_cat":"","_seopress_titles_title":"","_seopress_titles_desc":"","_seopress_robots_index":""},"categories":[12],"class_list":["post-5154","product","type-product","status-publish","has-post-thumbnail","hentry","category-glass-cup-manufacturers"],"acf":{"product_maidian":"<li>Enhance wine tasting experience with vibrant colors.<\/li>\r\n<li>Durable material ensures long-lasting use.<\/li>\r\n<li>Easy to clean and maintain for busy settings.<\/li>\r\n<li>Perfect for upscale events and casual gatherings.<\/li>\r\n<li>Lightweight design for comfortable handling.<\/li>\r\n<li>Versatile for both red and white wines.<\/li>\r\n<li>Attractive design to impress guests and clients.<\/li>\r\n<li>Available in various sizes to suit different needs.<\/li>"},"_links":{"self":[{"href":"https:\/\/glasswaremanufacturers.com\/fr\/wp-json\/wp\/v2\/product\/5154","targetHints":{"allow":["GET"]}}],"collection":[{"href":"https:\/\/glasswaremanufacturers.com\/fr\/wp-json\/wp\/v2\/product"}],"about":[{"href":"https:\/\/glasswaremanufacturers.com\/fr\/wp-json\/wp\/v2\/types\/product"}],"wp:featuredmedia":[{"embeddable":true,"href":"https:\/\/glasswaremanufacturers.com\/fr\/wp-json\/wp\/v2\/media\/5153"}],"wp:attachment":[{"href":"https:\/\/glasswaremanufacturers.com\/fr\/wp-json\/wp\/v2\/media?parent=5154"}],"wp:term":[{"taxonomy":"category","embeddable":true,"href":"https:\/\/glasswaremanufacturers.com\/fr\/wp-json\/wp\/v2\/categories?post=5154"}],"curies":[{"name":"wp","href":"https:\/\/api.w.org\/{rel}","templated":true}]}}