{"id":5156,"date":"2026-04-18T22:42:33","date_gmt":"2026-04-18T14:42:33","guid":{"rendered":"https:\/\/glasswaremanufacturers.com\/product\/colorful-glass-drinking-cup\/"},"modified":"2026-04-18T22:42:33","modified_gmt":"2026-04-18T14:42:33","slug":"gobelet-en-verre-colore","status":"publish","type":"product","link":"https:\/\/glasswaremanufacturers.com\/fr\/product\/colorful-glass-drinking-cup\/","title":{"rendered":"Coupe \u00e0 boire en verre color\u00e9"},"content":{"rendered":"<h2>D\u00e9tails des produits<\/h2>\n<div class=\"product-table\">\n<div class=\"row\">\n<div class=\"cell label\">mat\u00e9riel<\/div>\n<div class=\"cell value\">Verre<\/div>\n<\/div>\n<div class=\"row\">\n<div class=\"cell label\">type<\/div>\n<div class=\"cell value\">Tasses \u00e0 lait<\/div>\n<\/div>\n<div class=\"row\">\n<div class=\"cell label\">Application<\/div>\n<div class=\"cell value\">Accueil<\/div>\n<\/div>\n<div class=\"row\">\n<div class=\"cell label\">caract\u00e9ristique<\/div>\n<div class=\"cell value\">Stock\u00e9, respectueux de l'environnement<\/div>\n<\/div>\n<div class=\"row\">\n<div class=\"cell label\">style<\/div>\n<div class=\"cell value\">Aucun<\/div>\n<\/div>\n<div class=\"row\">\n<div class=\"cell label\">Personnes concern\u00e9es<\/div>\n<div class=\"cell value\">Unisexe<\/div>\n<\/div>\n<div class=\"row\">\n<div class=\"cell label\">occasion<\/div>\n<div class=\"cell value\">Parti<\/div>\n<\/div>\n<div class=\"row\">\n<div class=\"cell label\">Nom du produit<\/div>\n<div class=\"cell value\">Coupe en verre<\/div>\n<\/div>\n<div class=\"row\">\n<div class=\"cell label\">Forme<\/div>\n<div class=\"cell value\">Forme ronde<\/div>\n<\/div>\n<div class=\"row\">\n<div class=\"cell label\">Mot-cl\u00e9<\/div>\n<div class=\"cell value\">Bouteille de stockage en verre<\/div>\n<\/div>\n<div class=\"row\">\n<div class=\"cell label\">Taille<\/div>\n<div class=\"cell value\">comme l'image<\/div>\n<\/div>\n<div class=\"row\">\n<div class=\"cell label\">MOQ<\/div>\n<div class=\"cell value\">500pcs<\/div>\n<\/div>\n<div class=\"row\">\n<div class=\"cell label\">Couvercle<\/div>\n<div class=\"cell value\">pas de couvercle<\/div>\n<\/div>\n<div class=\"row\">\n<div class=\"cell label\">Couleur<\/div>\n<div class=\"cell value\">comme l'image<\/div>\n<\/div>\n<div class=\"row\">\n<div class=\"cell label\">\u00c9chantillon<\/div>\n<div class=\"cell value\">Peut le fournir<\/div>\n<\/div>\n<div class=\"row\">\n<div class=\"cell label\">Unit\u00e9s de vente<\/div>\n<div class=\"cell value\">Article unique<\/div>\n<\/div>\n<div class=\"row\">\n<div class=\"cell label\">Taille de l'emballage unique<\/div>\n<div class=\"cell value\">1X1X1 cm<\/div>\n<\/div>\n<div class=\"row\">\n<div class=\"cell label\">Poids brut unique<\/div>\n<div class=\"cell value\">0,350 kg<\/div>\n<\/div>\n<\/div>\n<p>\n<img decoding=\"async\" src=\"https:\/\/glasswaremanufacturers.com\/wp-content\/uploads\/Colorful_Glass_Drinking_Cup.webp\" alt=\"Coupe \u00e0 boire en verre color\u00e9\" title=\"Coupe \u00e0 boire en verre color\u00e9\"><\/p>\n<h2>FAQ<\/h2>\n<p><strong>1. Quel est le mat\u00e9riau utilis\u00e9 ?<\/strong><br \/>Le gobelet est fabriqu\u00e9 en verre durable de haute qualit\u00e9.<\/p>\n<p><strong>2. Les gobelets peuvent-ils passer au micro-ondes ?<\/strong><br \/>Oui, ces tasses en verre passent au micro-ondes.<\/p>\n<p><strong>3. Puis-je les utiliser pour des boissons chaudes ?<\/strong><br \/>Ces gobelets conviennent parfaitement aux boissons chaudes.<\/p>\n<p><strong>4. Comment nettoyer les gobelets ?<\/strong><br \/>Les tasses peuvent \u00eatre lav\u00e9es au lave-vaisselle pour un nettoyage facile.<\/p>\n<p><strong>5. Les gobelets sont-ils empilables ?<\/strong><br \/>Oui, la conception permet un empilage et un stockage faciles.<\/p>\n<p><strong>6. Puis-je personnaliser les gobelets avec mon logo ?<\/strong><br \/>Des options personnalisables sont disponibles \u00e0 des fins d'image de marque.<\/p>\n<p><strong>7. Les gobelets sont-ils \u00e9cologiques ?<\/strong><br \/>Oui, ils contribuent \u00e0 r\u00e9duire l'utilisation du plastique gr\u00e2ce \u00e0 leur mat\u00e9riau en verre.<\/p>\n<p><strong>8. Quelles sont les couleurs disponibles ?<\/strong><br \/>Les gobelets sont disponibles dans une vari\u00e9t\u00e9 de couleurs vives.<\/p>\n<p><\/p>\n<h2>Blog r\u00e9cent<\/h2>\n<ul class=\"reco-links\">\n<li><a href=\"https:\/\/glasswaremanufacturers.com\/fr\/fabrication-de-gobelets-en-verre-au-bangladesh\/\" target=\"_blank\">Fabrication de gobelets en verre au Bangladesh<\/a><\/li>\n<li><a href=\"https:\/\/glasswaremanufacturers.com\/fr\/fabricants-de-gobelets-en-verre-en-finlande\/\" target=\"_blank\">fabricants de gobelets en verre en finlande<\/a><\/li>\n<li><a href=\"https:\/\/glasswaremanufacturers.com\/fr\/fabrication-de-gobelets-en-verre-en-egypte\/\" target=\"_blank\">Fabrication de gobelets en verre en \u00c9gypte<\/a><\/li>\n<li><a href=\"https:\/\/glasswaremanufacturers.com\/fr\/fabrication-de-gobelets-en-verre-au-pakistan\/\" target=\"_blank\">Fabrication de gobelets en verre au Pakistan<\/a><\/li>\n<\/ul>","protected":false},"featured_media":5155,"parent":0,"template":"","meta":{"_acf_changed":false,"_seopress_robots_primary_cat":"","_seopress_titles_title":"","_seopress_titles_desc":"","_seopress_robots_index":""},"categories":[12],"class_list":["post-5156","product","type-product","status-publish","has-post-thumbnail","hentry","category-glass-cup-manufacturers"],"acf":{"product_maidian":"<li>Durable glass design for long-lasting use.<\/li>\r\n<li>Vibrant colors to enhance any setting.<\/li>\r\n<li>Ideal for both hot and cold beverages.<\/li>\r\n<li>Easy to clean and dishwasher safe.<\/li>\r\n<li>Perfect for restaurants, cafes, and bars.<\/li>\r\n<li>Stackable design for convenient storage.<\/li>\r\n<li>Eco-friendly material reducing plastic usage.<\/li>\r\n<li>Customizable options available for branding.<\/li>"},"_links":{"self":[{"href":"https:\/\/glasswaremanufacturers.com\/fr\/wp-json\/wp\/v2\/product\/5156","targetHints":{"allow":["GET"]}}],"collection":[{"href":"https:\/\/glasswaremanufacturers.com\/fr\/wp-json\/wp\/v2\/product"}],"about":[{"href":"https:\/\/glasswaremanufacturers.com\/fr\/wp-json\/wp\/v2\/types\/product"}],"wp:featuredmedia":[{"embeddable":true,"href":"https:\/\/glasswaremanufacturers.com\/fr\/wp-json\/wp\/v2\/media\/5155"}],"wp:attachment":[{"href":"https:\/\/glasswaremanufacturers.com\/fr\/wp-json\/wp\/v2\/media?parent=5156"}],"wp:term":[{"taxonomy":"category","embeddable":true,"href":"https:\/\/glasswaremanufacturers.com\/fr\/wp-json\/wp\/v2\/categories?post=5156"}],"curies":[{"name":"wp","href":"https:\/\/api.w.org\/{rel}","templated":true}]}}