{"id":5158,"date":"2026-04-18T22:42:34","date_gmt":"2026-04-18T14:42:34","guid":{"rendered":"https:\/\/glasswaremanufacturers.com\/product\/confetti-glass-drinking-cup\/"},"modified":"2026-04-18T22:42:34","modified_gmt":"2026-04-18T14:42:34","slug":"gobelet-en-verre-a-confettis","status":"publish","type":"product","link":"https:\/\/glasswaremanufacturers.com\/fr\/product\/confetti-glass-drinking-cup\/","title":{"rendered":"Verre \u00e0 boire Confetti"},"content":{"rendered":"<h2>D\u00e9tails des produits<\/h2>\n<div class=\"product-table\">\n<div class=\"row\">\n<div class=\"cell label\">mat\u00e9riel<\/div>\n<div class=\"cell value\">Verre<\/div>\n<\/div>\n<div class=\"row\">\n<div class=\"cell label\">type<\/div>\n<div class=\"cell value\">verres \u00e0 jus<\/div>\n<\/div>\n<div class=\"row\">\n<div class=\"cell label\">Construction de murs<\/div>\n<div class=\"cell value\">Mur simple<\/div>\n<\/div>\n<div class=\"row\">\n<div class=\"cell label\">Compatible avec le four \u00e0 micro-ondes<\/div>\n<div class=\"cell value\">Oui<\/div>\n<\/div>\n<div class=\"row\">\n<div class=\"cell label\">lavable au lave-vaisselle<\/div>\n<div class=\"cell value\">Oui<\/div>\n<\/div>\n<div class=\"row\">\n<div class=\"cell label\">Application<\/div>\n<div class=\"cell value\">Maison, Mariage, H\u00f4tel, Bureau, Voyage, Afternoon tea<\/div>\n<\/div>\n<div class=\"row\">\n<div class=\"cell label\">caract\u00e9ristique<\/div>\n<div class=\"cell value\">R\u00e9utilisable, s\u00fbr pour les aliments, Vente \u00e0 chaud, Transparent, r\u00e9utilisable<\/div>\n<\/div>\n<div class=\"row\">\n<div class=\"cell label\">type de bouchons de bouteilles d'eau<\/div>\n<div class=\"cell value\">aucun<\/div>\n<\/div>\n<div class=\"row\">\n<div class=\"cell label\">style<\/div>\n<div class=\"cell value\">Moderne<\/div>\n<\/div>\n<div class=\"row\">\n<div class=\"cell label\">Mod\u00e8le<\/div>\n<div class=\"cell value\">Cartoon, Fruit, Heart<\/div>\n<\/div>\n<div class=\"row\">\n<div class=\"cell label\">Personnes concern\u00e9es<\/div>\n<div class=\"cell value\">Unisexe<\/div>\n<\/div>\n<div class=\"row\">\n<div class=\"cell label\">occasion<\/div>\n<div class=\"cell value\">Cadeaux<\/div>\n<\/div>\n<div class=\"row\">\n<div class=\"cell label\">Style<\/div>\n<div class=\"cell value\">Classique<\/div>\n<\/div>\n<div class=\"row\">\n<div class=\"cell label\">Mat\u00e9riau\/type<\/div>\n<div class=\"cell value\">Verre<\/div>\n<\/div>\n<div class=\"row\">\n<div class=\"cell label\">Unit\u00e9s de vente<\/div>\n<div class=\"cell value\">Article unique<\/div>\n<\/div>\n<div class=\"row\">\n<div class=\"cell label\">Taille de l'emballage unique<\/div>\n<div class=\"cell value\">10X10X15 cm<\/div>\n<\/div>\n<div class=\"row\">\n<div class=\"cell label\">Poids brut unique<\/div>\n<div class=\"cell value\">0,490 kg<\/div>\n<\/div>\n<\/div>\n<p>\n<img decoding=\"async\" src=\"https:\/\/glasswaremanufacturers.com\/wp-content\/uploads\/Confetti_Glass_Drinking_Cup.webp\" alt=\"Verre \u00e0 boire Confetti\" title=\"Verre \u00e0 boire Confetti\"><\/p>\n<h2>FAQ<\/h2>\n<p><strong>1. Quelle est la capacit\u00e9 du verre \u00e0 boire Confetti ?<\/strong><br \/>Le gobelet en verre Confetti peut contenir jusqu'\u00e0 12 onces, ce qui est parfait pour les boissons standard.<\/p>\n<p><strong>2. La tasse \u00e0 boire en verre Confetti peut-elle \u00eatre lav\u00e9e au lave-vaisselle ?<\/strong><br \/>Oui, le gobelet en verre Confetti est lavable au lave-vaisselle, ce qui le rend facile \u00e0 nettoyer.<\/p>\n<p><strong>3. Le gobelet en verre Confetti peut-il \u00eatre personnalis\u00e9 avec des logos ?<\/strong><br \/>Absolument, le gobelet en verre Confetti peut \u00eatre personnalis\u00e9 avec le logo de votre entreprise \u00e0 des fins de marquage.<\/p>\n<p><strong>4. Qu'est-ce qui fait que le gobelet en verre Confetti est respectueux de l'environnement ?<\/strong><br \/>Le gobelet en verre Confetti est fabriqu\u00e9 \u00e0 partir de mat\u00e9riaux durables, r\u00e9duisant ainsi l'impact sur l'environnement.<\/p>\n<p><strong>5. En quoi la conception des confettis est-elle utile aux \u00e9v\u00e9nements d'entreprise ?<\/strong><br \/>Les confettis ajoutent une touche festive et am\u00e9liorent l'ambiance des \u00e9v\u00e9nements professionnels.<\/p>\n<p><strong>6. Le gobelet en verre Confetti convient-il pour les boissons chaudes ?<\/strong><br \/>Le gobelet en verre Confetti est con\u00e7u pour les boissons froides ; il n'est pas recommand\u00e9 de l'utiliser pour les boissons chaudes.<\/p>\n<p><strong>7. Le gobelet en verre Confetti existe-t-il en diff\u00e9rentes tailles ?<\/strong><br \/>Actuellement, le gobelet en verre Confetti est disponible dans une taille standard optimis\u00e9e pour la polyvalence.<\/p>\n<p><strong>8. Quel type de verre est utilis\u00e9 dans le gobelet en verre Confetti ?<\/strong><br \/>Le gobelet en verre Confetti est fabriqu\u00e9 \u00e0 partir d'un verre durable de haute qualit\u00e9 pour une utilisation fiable.<\/p>\n<p><\/p>\n<h2>Blog r\u00e9cent<\/h2>\n<ul class=\"reco-links\">\n<li><a href=\"https:\/\/glasswaremanufacturers.com\/fr\/fabricants-de-gobelets-en-verre-en-afrique-du-sud\/\" target=\"_blank\">fabricants de gobelets en verre en afrique du sud<\/a><\/li>\n<li><a href=\"https:\/\/glasswaremanufacturers.com\/fr\/fabrication-de-gobelets-en-verre-au-nigeria\/\" target=\"_blank\">Fabrication de gobelets en verre au Nig\u00e9ria<\/a><\/li>\n<li><a href=\"https:\/\/glasswaremanufacturers.com\/fr\/fabricants-de-gobelets-en-verre-en-argentine\/\" target=\"_blank\">fabricants de gobelets en verre en argentine<\/a><\/li>\n<li><a href=\"https:\/\/glasswaremanufacturers.com\/fr\/fabricants-de-gobelets-en-verre-en-israel\/\" target=\"_blank\">fabricants de gobelets en verre en isra\u00ebl<\/a><\/li>\n<\/ul>","protected":false},"featured_media":5157,"parent":0,"template":"","meta":{"_acf_changed":false,"_seopress_robots_primary_cat":"","_seopress_titles_title":"","_seopress_titles_desc":"","_seopress_robots_index":""},"categories":[12],"class_list":["post-5158","product","type-product","status-publish","has-post-thumbnail","hentry","category-glass-cup-manufacturers"],"acf":{"product_maidian":"<li>Durable glass construction ensures long-lasting use.<\/li>\r\n<li>Elegant confetti design enhances aesthetic appeal.<\/li>\r\n<li>Perfect for serving beverages at corporate events.<\/li>\r\n<li>Easy to clean and maintain for busy environments.<\/li>\r\n<li>Versatile size accommodates various drink types.<\/li>\r\n<li>Eco-friendly material reduces environmental impact.<\/li>\r\n<li>Comfortable grip design for easy handling.<\/li>\r\n<li>Ideal for promotional branding opportunities.<\/li>"},"_links":{"self":[{"href":"https:\/\/glasswaremanufacturers.com\/fr\/wp-json\/wp\/v2\/product\/5158","targetHints":{"allow":["GET"]}}],"collection":[{"href":"https:\/\/glasswaremanufacturers.com\/fr\/wp-json\/wp\/v2\/product"}],"about":[{"href":"https:\/\/glasswaremanufacturers.com\/fr\/wp-json\/wp\/v2\/types\/product"}],"wp:featuredmedia":[{"embeddable":true,"href":"https:\/\/glasswaremanufacturers.com\/fr\/wp-json\/wp\/v2\/media\/5157"}],"wp:attachment":[{"href":"https:\/\/glasswaremanufacturers.com\/fr\/wp-json\/wp\/v2\/media?parent=5158"}],"wp:term":[{"taxonomy":"category","embeddable":true,"href":"https:\/\/glasswaremanufacturers.com\/fr\/wp-json\/wp\/v2\/categories?post=5158"}],"curies":[{"name":"wp","href":"https:\/\/api.w.org\/{rel}","templated":true}]}}