{"id":5160,"date":"2026-04-18T22:42:36","date_gmt":"2026-04-18T14:42:36","guid":{"rendered":"https:\/\/glasswaremanufacturers.com\/product\/crystal-beer-glass-mug\/"},"modified":"2026-04-18T22:42:36","modified_gmt":"2026-04-18T14:42:36","slug":"verre-a-biere-en-cristal-mug","status":"publish","type":"product","link":"https:\/\/glasswaremanufacturers.com\/fr\/product\/crystal-beer-glass-mug\/","title":{"rendered":"Mug en verre \u00e0 bi\u00e8re en cristal"},"content":{"rendered":"<h2>D\u00e9tails des produits<\/h2>\n<div class=\"product-table\">\n<div class=\"row\">\n<div class=\"cell label\">type de verre<\/div>\n<div class=\"cell value\">Transparent<\/div>\n<\/div>\n<div class=\"row\">\n<div class=\"cell label\">mat\u00e9riel<\/div>\n<div class=\"cell value\">Verre<\/div>\n<\/div>\n<div class=\"row\">\n<div class=\"cell label\">caract\u00e9ristique<\/div>\n<div class=\"cell value\">durable<\/div>\n<\/div>\n<div class=\"row\">\n<div class=\"cell label\">style<\/div>\n<div class=\"cell value\">Classique<\/div>\n<\/div>\n<div class=\"row\">\n<div class=\"cell label\">utiliser<\/div>\n<div class=\"cell value\">Le vin<\/div>\n<\/div>\n<div class=\"row\">\n<div class=\"cell label\">occasion<\/div>\n<div class=\"cell value\">Parti<\/div>\n<\/div>\n<div class=\"row\">\n<div class=\"cell label\">quantit\u00e9<\/div>\n<div class=\"cell value\">1<\/div>\n<\/div>\n<div class=\"row\">\n<div class=\"cell label\">production<\/div>\n<div class=\"cell value\">verre \u00e0 bi\u00e8re avec anse<\/div>\n<\/div>\n<div class=\"row\">\n<div class=\"cell label\">Unit\u00e9s de vente<\/div>\n<div class=\"cell value\">Article unique<\/div>\n<\/div>\n<div class=\"row\">\n<div class=\"cell label\">Taille de l'emballage unique<\/div>\n<div class=\"cell value\">30X30X30 cm<\/div>\n<\/div>\n<div class=\"row\">\n<div class=\"cell label\">Poids brut unique<\/div>\n<div class=\"cell value\">1.000 kg<\/div>\n<\/div>\n<\/div>\n<p>\n<img decoding=\"async\" src=\"https:\/\/glasswaremanufacturers.com\/wp-content\/uploads\/Crystal_Beer_Glass_Mug.webp\" alt=\"Mug en verre \u00e0 bi\u00e8re en cristal\" title=\"Mug en verre \u00e0 bi\u00e8re en cristal\"><\/p>\n<h2>FAQ<\/h2>\n<p><strong>1. Quelle est la capacit\u00e9 de la chope en verre Crystal Beer ?<\/strong><br \/>La chope peut contenir jusqu'\u00e0 500 ml, ce qui est id\u00e9al pour les bi\u00e8res standard.<\/p>\n<p><strong>2. La chope en verre Crystal Beer passe-t-elle au micro-ondes ?<\/strong><br \/>Non, il n'est pas recommand\u00e9 de l'utiliser au micro-ondes pour en pr\u00e9server la qualit\u00e9.<\/p>\n<p><strong>3. La chope en verre Crystal Beer peut-elle \u00eatre utilis\u00e9e pour d'autres boissons ?<\/strong><br \/>Oui, il est polyvalent pour toutes les boissons froides et am\u00e9liore la pr\u00e9sentation.<\/p>\n<p><strong>4. Comment nettoyer la chope en verre Crystal Beer ?<\/strong><br \/>Il peut \u00eatre lav\u00e9 au lave-vaisselle, ce qui permet de l'entretenir sans probl\u00e8me.<\/p>\n<p><strong>5. Quels sont les mat\u00e9riaux utilis\u00e9s dans la chope en verre \u00e0 bi\u00e8re en cristal ?<\/strong><br \/>Fabriqu\u00e9 en verre de cristal de haute qualit\u00e9 pour une clart\u00e9 optimale.<\/p>\n<p><strong>6. La chope en verre \u00e0 bi\u00e8re en cristal affecte-t-elle la temp\u00e9rature de la bi\u00e8re ?<\/strong><br \/>Le verre maintient efficacement la temp\u00e9rature pour une exp\u00e9rience rafra\u00eechissante.<\/p>\n<p><strong>7. La chope en verre Crystal Beer convient-elle pour des \u00e9v\u00e9nements en plein air ?<\/strong><br \/>Oui, sa conception durable le rend parfait pour une utilisation en ext\u00e9rieur.<\/p>\n<p><strong>8. Puis-je personnaliser la chope en verre Crystal Beer avec des logos ?<\/strong><br \/>Oui, des options de personnalisation sont disponibles \u00e0 des fins d'image de marque.<\/p>\n<p><\/p>\n<h2>Blog r\u00e9cent<\/h2>\n<ul class=\"reco-links\">\n<li><a href=\"https:\/\/glasswaremanufacturers.com\/fr\/fabricants-de-gobelets-en-verre-en-norvege\/\" target=\"_blank\">fabricants de gobelets en verre en norv\u00e8ge<\/a><\/li>\n<li><a href=\"https:\/\/glasswaremanufacturers.com\/fr\/fabricants-de-gobelets-en-verre-en-thailande\/\" target=\"_blank\">fabricants de gobelets en verre en thailande<\/a><\/li>\n<li><a href=\"https:\/\/glasswaremanufacturers.com\/fr\/fabricants-de-gobelets-en-verre-en-irlande\/\" target=\"_blank\">fabricants de gobelets en verre en irlande<\/a><\/li>\n<li><a href=\"https:\/\/glasswaremanufacturers.com\/fr\/fabrication-de-gobelets-en-verre-dans-les-emirats-arabes-unis\/\" target=\"_blank\">Fabrication de gobelets en verre dans les \u00c9mirats arabes unis<\/a><\/li>\n<\/ul>","protected":false},"featured_media":5159,"parent":0,"template":"","meta":{"_acf_changed":false,"_seopress_robots_primary_cat":"","_seopress_titles_title":"","_seopress_titles_desc":"","_seopress_robots_index":""},"categories":[12],"class_list":["post-5160","product","type-product","status-publish","has-post-thumbnail","hentry","category-glass-cup-manufacturers"],"acf":{"product_maidian":"<li>Enhances beer flavor with crystal-clear clarity.<\/li>\r\n<li>Durable design perfect for frequent use.<\/li>\r\n<li>Ergonomic handle for comfortable grip.<\/li>\r\n<li>Ideal for showcasing craft beer colors.<\/li>\r\n<li>Dishwasher-safe for easy cleaning.<\/li>"},"_links":{"self":[{"href":"https:\/\/glasswaremanufacturers.com\/fr\/wp-json\/wp\/v2\/product\/5160","targetHints":{"allow":["GET"]}}],"collection":[{"href":"https:\/\/glasswaremanufacturers.com\/fr\/wp-json\/wp\/v2\/product"}],"about":[{"href":"https:\/\/glasswaremanufacturers.com\/fr\/wp-json\/wp\/v2\/types\/product"}],"wp:featuredmedia":[{"embeddable":true,"href":"https:\/\/glasswaremanufacturers.com\/fr\/wp-json\/wp\/v2\/media\/5159"}],"wp:attachment":[{"href":"https:\/\/glasswaremanufacturers.com\/fr\/wp-json\/wp\/v2\/media?parent=5160"}],"wp:term":[{"taxonomy":"category","embeddable":true,"href":"https:\/\/glasswaremanufacturers.com\/fr\/wp-json\/wp\/v2\/categories?post=5160"}],"curies":[{"name":"wp","href":"https:\/\/api.w.org\/{rel}","templated":true}]}}