{"id":5162,"date":"2026-04-18T22:42:37","date_gmt":"2026-04-18T14:42:37","guid":{"rendered":"https:\/\/glasswaremanufacturers.com\/product\/crystal-glass-drinkware-set\/"},"modified":"2026-04-18T22:42:37","modified_gmt":"2026-04-18T14:42:37","slug":"ensemble-de-verres-en-cristal","status":"publish","type":"product","link":"https:\/\/glasswaremanufacturers.com\/fr\/product\/crystal-glass-drinkware-set\/","title":{"rendered":"Service de verres en cristal"},"content":{"rendered":"<h2>D\u00e9tails des produits<\/h2>\n<div class=\"product-table\">\n<div class=\"row\">\n<div class=\"cell label\">mat\u00e9riel<\/div>\n<div class=\"cell value\">Verre<\/div>\n<\/div>\n<div class=\"row\">\n<div class=\"cell label\">type<\/div>\n<div class=\"cell value\">Vin gless<\/div>\n<\/div>\n<div class=\"row\">\n<div class=\"cell label\">Application<\/div>\n<div class=\"cell value\">Maison, H\u00f4tel, Mariage, F\u00eate, boissons froides<\/div>\n<\/div>\n<div class=\"row\">\n<div class=\"cell label\">caract\u00e9ristique<\/div>\n<div class=\"cell value\">R\u00e9utilisable, r\u00e9sistant \u00e0 la chaleur, transparent, r\u00e9utilisable<\/div>\n<\/div>\n<div class=\"row\">\n<div class=\"cell label\">style<\/div>\n<div class=\"cell value\">Minimaliste<\/div>\n<\/div>\n<div class=\"row\">\n<div class=\"cell label\">Personnes concern\u00e9es<\/div>\n<div class=\"cell value\">Adultes<\/div>\n<\/div>\n<div class=\"row\">\n<div class=\"cell label\">occasion<\/div>\n<div class=\"cell value\">Parti<\/div>\n<\/div>\n<div class=\"row\">\n<div class=\"cell label\">Nom du produit<\/div>\n<div class=\"cell value\">Coupe en verre<\/div>\n<\/div>\n<div class=\"row\">\n<div class=\"cell label\">Couleur<\/div>\n<div class=\"cell value\">Transparent<\/div>\n<\/div>\n<div class=\"row\">\n<div class=\"cell label\">Mat\u00e9riau<\/div>\n<div class=\"cell value\">Verre<\/div>\n<\/div>\n<div class=\"row\">\n<div class=\"cell label\">Forme<\/div>\n<div class=\"cell value\">Irr\u00e9gulier<\/div>\n<\/div>\n<div class=\"row\">\n<div class=\"cell label\">Style<\/div>\n<div class=\"cell value\">couleur unie<\/div>\n<\/div>\n<div class=\"row\">\n<div class=\"cell label\">Taille<\/div>\n<div class=\"cell value\">Sur mesure<\/div>\n<\/div>\n<div class=\"row\">\n<div class=\"cell label\">Poids<\/div>\n<div class=\"cell value\">120-295g<\/div>\n<\/div>\n<div class=\"row\">\n<div class=\"cell label\">Avantage<\/div>\n<div class=\"cell value\">Durable<\/div>\n<\/div>\n<div class=\"row\">\n<div class=\"cell label\">Sc\u00e9nario d'utilisation<\/div>\n<div class=\"cell value\">Cuisine<\/div>\n<\/div>\n<div class=\"row\">\n<div class=\"cell label\">Fonctionnalit\u00e9<\/div>\n<div class=\"cell value\">R\u00e9utilisable<\/div>\n<\/div>\n<div class=\"row\">\n<div class=\"cell label\">Unit\u00e9s de vente<\/div>\n<div class=\"cell value\">Article unique<\/div>\n<\/div>\n<\/div>\n<p>\n<img decoding=\"async\" src=\"https:\/\/glasswaremanufacturers.com\/wp-content\/uploads\/Crystal_Glass_Drinkware_Set.webp\" alt=\"Service de verres en cristal\" title=\"Service de verres en cristal\"><\/p>\n<h2>FAQ<\/h2>\n<p><strong>1. Quel est le mat\u00e9riau du service \u00e0 boissons ?<\/strong><br \/>L'ensemble de verres \u00e0 boire en cristal est fabriqu\u00e9 \u00e0 partir de verre de cristal de haute qualit\u00e9, garantissant durabilit\u00e9 et \u00e9l\u00e9gance.<\/p>\n<p><strong>2. L'ensemble de vaisselle peut-il \u00eatre personnalis\u00e9 ?<\/strong><br \/>Oui, l'ensemble est disponible en options personnalisables pour r\u00e9pondre aux diff\u00e9rents besoins des entreprises.<\/p>\n<p><strong>3. L'ensemble de vaisselle convient-il aux \u00e9v\u00e9nements d'entreprise ?<\/strong><br \/>Absolument, son design \u00e9l\u00e9gant le rend id\u00e9al pour les \u00e9v\u00e9nements d'entreprise et les cadres professionnels.<\/p>\n<p><strong>4. Comment le service \u00e0 boissons doit-il \u00eatre nettoy\u00e9 ?<\/strong><br \/>L'ensemble est facile \u00e0 nettoyer \u00e0 l'aide de m\u00e9thodes standard de nettoyage du verre, ce qui garantit la clart\u00e9 et la brillance.<\/p>\n<p><strong>5. Quels types de boissons peuvent \u00eatre servis avec cet ensemble ?<\/strong><br \/>Le service \u00e0 boissons convient \u00e0 diff\u00e9rents types de boissons, am\u00e9liorant ainsi la pr\u00e9sentation de chacune d'entre elles.<\/p>\n<p><strong>6. L'ensemble est-il durable pour une utilisation fr\u00e9quente ?<\/strong><br \/>Oui, la conception durable garantit une utilisation prolong\u00e9e, m\u00eame en cas de manipulation fr\u00e9quente.<\/p>\n<p><strong>7. Le service \u00e0 boissons existe-t-il en diff\u00e9rentes tailles ?<\/strong><br \/>Oui, le set est disponible en plusieurs tailles pour r\u00e9pondre aux diff\u00e9rents besoins de service.<\/p>\n<p><strong>8. Qu'est-ce qui fait de ce coffret un cadeau id\u00e9al ?<\/strong><br \/>Son \u00e9l\u00e9gance et ses options de personnalisation en font un cadeau id\u00e9al pour les entreprises.<\/p>\n<p><\/p>\n<h2>Blog r\u00e9cent<\/h2>\n<ul class=\"reco-links\">\n<li><a href=\"https:\/\/glasswaremanufacturers.com\/fr\/fabricants-de-gobelets-en-verre-en-autriche\/\" target=\"_blank\">fabricants de gobelets en verre en autriche<\/a><\/li>\n<li><a href=\"https:\/\/glasswaremanufacturers.com\/fr\/fabricants-de-gobelets-en-verre-en-belgique\/\" target=\"_blank\">fabricants de gobelets en verre en belgique<\/a><\/li>\n<li><a href=\"https:\/\/glasswaremanufacturers.com\/fr\/fabricants-de-gobelets-en-verre-en-indonesie\/\" target=\"_blank\">fabricants de gobelets en verre en indon\u00e9sie<\/a><\/li>\n<li><a href=\"https:\/\/glasswaremanufacturers.com\/fr\/fabricants-de-gobelets-en-verre-en-italie\/\" target=\"_blank\">fabricants de gobelets en verre en italie<\/a><\/li>\n<\/ul>","protected":false},"featured_media":5161,"parent":0,"template":"","meta":{"_acf_changed":false,"_seopress_robots_primary_cat":"","_seopress_titles_title":"","_seopress_titles_desc":"","_seopress_robots_index":""},"categories":[12],"class_list":["post-5162","product","type-product","status-publish","has-post-thumbnail","hentry","category-glass-cup-manufacturers"],"acf":{"product_maidian":"<li>Durable design for long-lasting use<\/li>\r\n<li>Elegant aesthetics for professional settings<\/li>\r\n<li>High-quality material ensures clarity and shine<\/li>\r\n<li>Easy to clean and maintain<\/li>\r\n<li>Enhances beverage presentation<\/li>\r\n<li>Available in customizable sets<\/li>\r\n<li>Perfect for corporate gifting<\/li>\r\n<li>Suitable for various drink types<\/li>"},"_links":{"self":[{"href":"https:\/\/glasswaremanufacturers.com\/fr\/wp-json\/wp\/v2\/product\/5162","targetHints":{"allow":["GET"]}}],"collection":[{"href":"https:\/\/glasswaremanufacturers.com\/fr\/wp-json\/wp\/v2\/product"}],"about":[{"href":"https:\/\/glasswaremanufacturers.com\/fr\/wp-json\/wp\/v2\/types\/product"}],"wp:featuredmedia":[{"embeddable":true,"href":"https:\/\/glasswaremanufacturers.com\/fr\/wp-json\/wp\/v2\/media\/5161"}],"wp:attachment":[{"href":"https:\/\/glasswaremanufacturers.com\/fr\/wp-json\/wp\/v2\/media?parent=5162"}],"wp:term":[{"taxonomy":"category","embeddable":true,"href":"https:\/\/glasswaremanufacturers.com\/fr\/wp-json\/wp\/v2\/categories?post=5162"}],"curies":[{"name":"wp","href":"https:\/\/api.w.org\/{rel}","templated":true}]}}