{"id":5164,"date":"2026-04-18T22:42:39","date_gmt":"2026-04-18T14:42:39","guid":{"rendered":"https:\/\/glasswaremanufacturers.com\/product\/crystal-wine-glass-cup\/"},"modified":"2026-04-18T22:42:39","modified_gmt":"2026-04-18T14:42:39","slug":"verre-a-vin-en-cristal-coupe","status":"publish","type":"product","link":"https:\/\/glasswaremanufacturers.com\/fr\/product\/crystal-wine-glass-cup\/","title":{"rendered":"Verre \u00e0 vin en cristal Coupe"},"content":{"rendered":"<h2>D\u00e9tails des produits<\/h2>\n<div class=\"product-table\">\n<div class=\"row\">\n<div class=\"cell label\">type de verre<\/div>\n<div class=\"cell value\">Vin rouge Vin blanc Coupe de champagne Verre \u00e0 cognac<\/div>\n<\/div>\n<div class=\"row\">\n<div class=\"cell label\">mat\u00e9riel<\/div>\n<div class=\"cell value\">Verre<\/div>\n<\/div>\n<div class=\"row\">\n<div class=\"cell label\">style<\/div>\n<div class=\"cell value\">Classique<\/div>\n<\/div>\n<div class=\"row\">\n<div class=\"cell label\">utiliser<\/div>\n<div class=\"cell value\">Vin, Champagne, Vin rouge, Vin blanc, Shot Wine, Brandy Wine, Eau<\/div>\n<\/div>\n<div class=\"row\">\n<div class=\"cell label\">occasion<\/div>\n<div class=\"cell value\">Parti<\/div>\n<\/div>\n<div class=\"row\">\n<div class=\"cell label\">Style de conception<\/div>\n<div class=\"cell value\">R\u00e9tro<\/div>\n<\/div>\n<div class=\"row\">\n<div class=\"cell label\">Unit\u00e9s de vente<\/div>\n<div class=\"cell value\">Article unique<\/div>\n<\/div>\n<div class=\"row\">\n<div class=\"cell label\">Taille de l'emballage unique<\/div>\n<div class=\"cell value\">25X10X10 cm<\/div>\n<\/div>\n<div class=\"row\">\n<div class=\"cell label\">Poids brut unique<\/div>\n<div class=\"cell value\">0,500 kg<\/div>\n<\/div>\n<\/div>\n<p>\n<img decoding=\"async\" src=\"https:\/\/glasswaremanufacturers.com\/wp-content\/uploads\/Crystal_Wine_Glass_Cup.webp\" alt=\"Verre \u00e0 vin en cristal Coupe\" title=\"Verre \u00e0 vin en cristal Coupe\"><\/p>\n<h2>FAQ<\/h2>\n<p><strong>1. Qu'est-ce qui diff\u00e9rencie les verres \u00e0 vin en cristal des verres ordinaires ?<\/strong><br \/>Les verres \u00e0 vin en cristal offrent une clart\u00e9 et un design accrus, am\u00e9liorant ainsi l'exp\u00e9rience de la d\u00e9gustation du vin.<\/p>\n<p><strong>2. Ces verres conviennent-ils \u00e0 tous les types de vin ?<\/strong><br \/>Oui, les verres \u00e0 vin en cristal existent en diff\u00e9rentes tailles pour s'adapter aux diff\u00e9rents types de vin.<\/p>\n<p><strong>3. Les verres \u00e0 vin en cristal peuvent-ils \u00eatre utilis\u00e9s dans les lave-vaisselle ?<\/strong><br \/>Bien que durable, il est recommand\u00e9 de le laver \u00e0 la main pour en pr\u00e9server la qualit\u00e9 et la clart\u00e9.<\/p>\n<p><strong>4. Le cristal utilis\u00e9 dans ces verres est-il sans plomb ?<\/strong><br \/>Oui, nos verres \u00e0 vin en cristal sont fabriqu\u00e9s \u00e0 partir de mat\u00e9riaux sans plomb pour une consommation sans danger.<\/p>\n<p><strong>5. Comment la conception du verre am\u00e9liore-t-elle l'a\u00e9ration du vin ?<\/strong><br \/>Le design de pr\u00e9cision am\u00e9liore l'a\u00e9ration du vin pour une meilleure exp\u00e9rience gustative.<\/p>\n<p><strong>6. Ces lunettes conviennent-elles pour des cadeaux d'entreprise ?<\/strong><br \/>Absolument, ils sont parfaits pour les promotions d'entreprise et les cadeaux en raison de leur \u00e9l\u00e9gance.<\/p>\n<p><strong>7. Les verres \u00e0 vin en cristal se cassent-ils facilement ?<\/strong><br \/>Nos lunettes sont con\u00e7ues pour durer, mais il faut les manipuler avec pr\u00e9caution pour \u00e9viter de les endommager.<\/p>\n<p><strong>8. Quelles sont les tailles disponibles pour les verres \u00e0 vin en cristal ?<\/strong><br \/>Nous proposons diff\u00e9rentes tailles pour r\u00e9pondre aux besoins des diff\u00e9rents types de vins et aux pr\u00e9f\u00e9rences de chacun.<\/p>\n<p><\/p>\n<h2>Blog r\u00e9cent<\/h2>\n<ul class=\"reco-links\">\n<li><a href=\"https:\/\/glasswaremanufacturers.com\/fr\/fabricants-de-gobelets-en-verre-au-bresil\/\" target=\"_blank\">fabricants de gobelets en verre au br\u00e9sil<\/a><\/li>\n<li><a href=\"https:\/\/glasswaremanufacturers.com\/fr\/fabrication-de-gobelets-en-verre-au-japon\/\" target=\"_blank\">Fabrication de gobelets en verre au Japon<\/a><\/li>\n<li><a href=\"https:\/\/glasswaremanufacturers.com\/fr\/fabrication-de-gobelets-en-verre-en-allemagne\/\" target=\"_blank\">Fabrication de gobelets en verre en Allemagne<\/a><\/li>\n<li><a href=\"https:\/\/glasswaremanufacturers.com\/fr\/fabricants-de-gobelets-en-verre-aux-etats-unis\/\" target=\"_blank\">fabricants de gobelets en verre aux \u00e9tats-unis<\/a><\/li>\n<\/ul>","protected":false},"featured_media":5163,"parent":0,"template":"","meta":{"_acf_changed":false,"_seopress_robots_primary_cat":"","_seopress_titles_title":"","_seopress_titles_desc":"","_seopress_robots_index":""},"categories":[12],"class_list":["post-5164","product","type-product","status-publish","has-post-thumbnail","hentry","category-glass-cup-manufacturers"],"acf":{"product_maidian":"<li>Enhance wine tasting experience with fine crystal glass.<\/li>\r\n<li>Elegant design suitable for upscale events and dining.<\/li>\r\n<li>Durable construction ensures long-lasting use.<\/li>\r\n<li>Precision-crafted for optimal wine aeration.<\/li>\r\n<li>Lead-free crystal for safe and healthy drinking.<\/li>\r\n<li>Perfect for gifting or corporate promotions.<\/li>\r\n<li>Available in various sizes to match different wine types.<\/li>\r\n<li>Easy to clean and maintain.<\/li>"},"_links":{"self":[{"href":"https:\/\/glasswaremanufacturers.com\/fr\/wp-json\/wp\/v2\/product\/5164","targetHints":{"allow":["GET"]}}],"collection":[{"href":"https:\/\/glasswaremanufacturers.com\/fr\/wp-json\/wp\/v2\/product"}],"about":[{"href":"https:\/\/glasswaremanufacturers.com\/fr\/wp-json\/wp\/v2\/types\/product"}],"wp:featuredmedia":[{"embeddable":true,"href":"https:\/\/glasswaremanufacturers.com\/fr\/wp-json\/wp\/v2\/media\/5163"}],"wp:attachment":[{"href":"https:\/\/glasswaremanufacturers.com\/fr\/wp-json\/wp\/v2\/media?parent=5164"}],"wp:term":[{"taxonomy":"category","embeddable":true,"href":"https:\/\/glasswaremanufacturers.com\/fr\/wp-json\/wp\/v2\/categories?post=5164"}],"curies":[{"name":"wp","href":"https:\/\/api.w.org\/{rel}","templated":true}]}}