{"id":5166,"date":"2026-04-18T22:42:41","date_gmt":"2026-04-18T14:42:41","guid":{"rendered":"https:\/\/glasswaremanufacturers.com\/product\/custom-animal-glass-mug\/"},"modified":"2026-04-18T22:42:41","modified_gmt":"2026-04-18T14:42:41","slug":"mug-en-verre-personnalise-avec-animaux","status":"publish","type":"product","link":"https:\/\/glasswaremanufacturers.com\/fr\/product\/custom-animal-glass-mug\/","title":{"rendered":"Tasse en verre personnalis\u00e9e avec un animal"},"content":{"rendered":"<h2>D\u00e9tails des produits<\/h2>\n<div class=\"product-table\">\n<div class=\"row\">\n<div class=\"cell label\">mat\u00e9riel<\/div>\n<div class=\"cell value\">Verre<\/div>\n<\/div>\n<div class=\"row\">\n<div class=\"cell label\">type<\/div>\n<div class=\"cell value\">Tasses \u00e0 caf\u00e9<\/div>\n<\/div>\n<div class=\"row\">\n<div class=\"cell label\">Compatible avec le four \u00e0 micro-ondes<\/div>\n<div class=\"cell value\">Oui<\/div>\n<\/div>\n<div class=\"row\">\n<div class=\"cell label\">lavable au lave-vaisselle<\/div>\n<div class=\"cell value\">Oui<\/div>\n<\/div>\n<div class=\"row\">\n<div class=\"cell label\">Application<\/div>\n<div class=\"cell value\">Maison, H\u00f4tel, Bureau<\/div>\n<\/div>\n<div class=\"row\">\n<div class=\"cell label\">caract\u00e9ristique<\/div>\n<div class=\"cell value\">Portable, r\u00e9utilisable, \u00e9tanche<\/div>\n<\/div>\n<div class=\"row\">\n<div class=\"cell label\">style<\/div>\n<div class=\"cell value\">Pays<\/div>\n<\/div>\n<div class=\"row\">\n<div class=\"cell label\">Personnes concern\u00e9es<\/div>\n<div class=\"cell value\">Unisexe<\/div>\n<\/div>\n<div class=\"row\">\n<div class=\"cell label\">occasion<\/div>\n<div class=\"cell value\">Remise des dipl\u00f4mes<\/div>\n<\/div>\n<div class=\"row\">\n<div class=\"cell label\">Nom du produit<\/div>\n<div class=\"cell value\">Coupe en verre<\/div>\n<\/div>\n<div class=\"row\">\n<div class=\"cell label\">Mat\u00e9riau<\/div>\n<div class=\"cell value\">Verre \u00e0 haute teneur en borosilicate<\/div>\n<\/div>\n<div class=\"row\">\n<div class=\"cell label\">Fonctionnalit\u00e9<\/div>\n<div class=\"cell value\">Respect de l'environnement<\/div>\n<\/div>\n<div class=\"row\">\n<div class=\"cell label\">Utilisation<\/div>\n<div class=\"cell value\">Caf\u00e9. Th\u00e9. Bi\u00e8re. Eau<\/div>\n<\/div>\n<div class=\"row\">\n<div class=\"cell label\">Couleur<\/div>\n<div class=\"cell value\">Clair<\/div>\n<\/div>\n<div class=\"row\">\n<div class=\"cell label\">Capacit\u00e9<\/div>\n<div class=\"cell value\">400ml\/Capacit\u00e9 personnalis\u00e9e acceptable<\/div>\n<\/div>\n<div class=\"row\">\n<div class=\"cell label\">Logo<\/div>\n<div class=\"cell value\">Logo personnalis\u00e9 acceptable<\/div>\n<\/div>\n<div class=\"row\">\n<div class=\"cell label\">Emballage<\/div>\n<div class=\"cell value\">Emballage sur mesure accept\u00e9<\/div>\n<\/div>\n<div class=\"row\">\n<div class=\"cell label\">MOQ<\/div>\n<div class=\"cell value\">1pcs<\/div>\n<\/div>\n<div class=\"row\">\n<div class=\"cell label\">Conception<\/div>\n<div class=\"cell value\">Acceptation de mod\u00e8les personnalis\u00e9s<\/div>\n<\/div>\n<div class=\"row\">\n<div class=\"cell label\">Unit\u00e9s de vente<\/div>\n<div class=\"cell value\">Article unique<\/div>\n<\/div>\n<div class=\"row\">\n<div class=\"cell label\">Taille de l'emballage unique<\/div>\n<div class=\"cell value\">20X20X20 cm<\/div>\n<\/div>\n<div class=\"row\">\n<div class=\"cell label\">Poids brut unique<\/div>\n<div class=\"cell value\">1.000 kg<\/div>\n<\/div>\n<\/div>\n<p>\n<img decoding=\"async\" src=\"https:\/\/glasswaremanufacturers.com\/wp-content\/uploads\/Custom_Animal_Glass_Mug.webp\" alt=\"Tasse en verre personnalis\u00e9e avec un animal\" title=\"Tasse en verre personnalis\u00e9e avec un animal\"><\/p>\n<h2>FAQ<\/h2>\n<p><strong>1. Quels sont les mat\u00e9riaux utilis\u00e9s dans le mug ?<\/strong><br \/>La tasse est fabriqu\u00e9e en verre durable, ce qui garantit sa long\u00e9vit\u00e9 et sa qualit\u00e9.<\/p>\n<p><strong>2. Puis-je personnaliser le design ?<\/strong><br \/>Oui, vous pouvez personnaliser la conception pour y inclure votre marque ou un dessin d'animal sp\u00e9cifique.<\/p>\n<p><strong>3. Le mug est-il adapt\u00e9 \u00e0 une utilisation au micro-ondes ?<\/strong><br \/>Absolument, le mug est compatible avec les micro-ondes pour un chauffage facile.<\/p>\n<p><strong>4. Comment nettoyer le mug ?<\/strong><br \/>Le mug est lavable au lave-vaisselle, ce qui le rend facile \u00e0 nettoyer et \u00e0 entretenir.<\/p>\n<p><strong>5. Est-il possible de passer des commandes en gros ?<\/strong><br \/>Oui, nous proposons des prix comp\u00e9titifs pour les commandes en gros afin de r\u00e9pondre aux besoins des entreprises.<\/p>\n<p><strong>6. Quelles sont les tailles disponibles ?<\/strong><br \/>Nous proposons diff\u00e9rentes tailles pour r\u00e9pondre aux pr\u00e9f\u00e9rences et aux besoins de chacun.<\/p>\n<p><strong>7. Le mug est-il \u00e9cologique ?<\/strong><br \/>Oui, les mat\u00e9riaux utilis\u00e9s sont respectueux de l'environnement, ce qui pla\u00eet aux entreprises soucieuses de l'environnement.<\/p>\n<p><strong>8. Ce mug peut-il \u00eatre utilis\u00e9 pour des \u00e9v\u00e9nements promotionnels ?<\/strong><br \/>Enfin, le design unique du mug en fait un objet id\u00e9al pour les cadeaux promotionnels et les \u00e9v\u00e9nements d'entreprise.<\/p>\n<p><\/p>\n<h2>Blog r\u00e9cent<\/h2>\n<ul class=\"reco-links\">\n<li><a href=\"https:\/\/glasswaremanufacturers.com\/fr\/fabrication-de-gobelets-en-verre-en-chine\/\" target=\"_blank\">Fabrication de gobelets en verre en Chine<\/a><\/li>\n<li><a href=\"https:\/\/glasswaremanufacturers.com\/fr\/fabrication-de-gobelets-en-verre-en-espagne\/\" target=\"_blank\">Fabrication de gobelets en verre en Espagne<\/a><\/li>\n<li><a href=\"https:\/\/glasswaremanufacturers.com\/fr\/fabrication-de-gobelets-en-verre-en-iran\/\" target=\"_blank\">Fabrication de gobelets en verre en Iran<\/a><\/li>\n<li><a href=\"https:\/\/glasswaremanufacturers.com\/fr\/fabrication-de-gobelets-en-verre-a-taiwan\/\" target=\"_blank\">Fabrication de gobelets en verre \u00e0 Ta\u00efwan<\/a><\/li>\n<\/ul>","protected":false},"featured_media":5165,"parent":0,"template":"","meta":{"_acf_changed":false,"_seopress_robots_primary_cat":"","_seopress_titles_title":"","_seopress_titles_desc":"","_seopress_robots_index":""},"categories":[12],"class_list":["post-5166","product","type-product","status-publish","has-post-thumbnail","hentry","category-glass-cup-manufacturers"],"acf":{"product_maidian":"<li>Unique animal designs enhance user experience.<\/li>\r\n<li>Durable glass construction ensures longevity.<\/li>\r\n<li>Customizable options for branding purposes.<\/li>\r\n<li>Perfect for promotional gifts and corporate events.<\/li>\r\n<li>Eco-friendly materials appeal to environmentally conscious businesses.<\/li>\r\n<li>Microwave and dishwasher safe for convenience.<\/li>\r\n<li>Available in various sizes to suit different needs.<\/li>\r\n<li>Competitive pricing for bulk orders.<\/li>"},"_links":{"self":[{"href":"https:\/\/glasswaremanufacturers.com\/fr\/wp-json\/wp\/v2\/product\/5166","targetHints":{"allow":["GET"]}}],"collection":[{"href":"https:\/\/glasswaremanufacturers.com\/fr\/wp-json\/wp\/v2\/product"}],"about":[{"href":"https:\/\/glasswaremanufacturers.com\/fr\/wp-json\/wp\/v2\/types\/product"}],"wp:featuredmedia":[{"embeddable":true,"href":"https:\/\/glasswaremanufacturers.com\/fr\/wp-json\/wp\/v2\/media\/5165"}],"wp:attachment":[{"href":"https:\/\/glasswaremanufacturers.com\/fr\/wp-json\/wp\/v2\/media?parent=5166"}],"wp:term":[{"taxonomy":"category","embeddable":true,"href":"https:\/\/glasswaremanufacturers.com\/fr\/wp-json\/wp\/v2\/categories?post=5166"}],"curies":[{"name":"wp","href":"https:\/\/api.w.org\/{rel}","templated":true}]}}