{"id":5168,"date":"2026-04-18T22:42:42","date_gmt":"2026-04-18T14:42:42","guid":{"rendered":"https:\/\/glasswaremanufacturers.com\/product\/custom-logo-glass-coffee-cup\/"},"modified":"2026-04-18T22:42:42","modified_gmt":"2026-04-18T14:42:42","slug":"tasse-a-cafe-en-verre-avec-logo-personnalise","status":"publish","type":"product","link":"https:\/\/glasswaremanufacturers.com\/fr\/product\/custom-logo-glass-coffee-cup\/","title":{"rendered":"Tasse \u00e0 caf\u00e9 en verre avec logo personnalis\u00e9"},"content":{"rendered":"<h2>D\u00e9tails des produits<\/h2>\n<div class=\"product-table\">\n<div class=\"row\">\n<div class=\"cell label\">mat\u00e9riel<\/div>\n<div class=\"cell value\">Verre \u00e0 soda et \u00e0 chaux<\/div>\n<\/div>\n<div class=\"row\">\n<div class=\"cell label\">Application<\/div>\n<div class=\"cell value\">Maison, Restaurant, Cadeau, F\u00eate<\/div>\n<\/div>\n<div class=\"row\">\n<div class=\"cell label\">caract\u00e9ristique<\/div>\n<div class=\"cell value\">Respectueux de l'environnement, recyclable<\/div>\n<\/div>\n<div class=\"row\">\n<div class=\"cell label\">style<\/div>\n<div class=\"cell value\">Moderne<\/div>\n<\/div>\n<div class=\"row\">\n<div class=\"cell label\">Emballage<\/div>\n<div class=\"cell value\">Papier blanc\/papier bulle, bo\u00eete int\u00e9rieure en papier, bo\u00eete ext\u00e9rieure en carton.<\/div>\n<\/div>\n<div class=\"row\">\n<div class=\"cell label\">occasion<\/div>\n<div class=\"cell value\">Parti<\/div>\n<\/div>\n<div class=\"row\">\n<div class=\"cell label\">Taille<\/div>\n<div class=\"cell value\">Haut D : 78mm, Bas D : 63mm, H : 93mm<\/div>\n<\/div>\n<div class=\"row\">\n<div class=\"cell label\">Unit\u00e9s de vente<\/div>\n<div class=\"cell value\">Article unique<\/div>\n<\/div>\n<\/div>\n<p>\n<img decoding=\"async\" src=\"https:\/\/glasswaremanufacturers.com\/wp-content\/uploads\/Custom_Logo_Glass_Coffee_Cup.webp\" alt=\"Tasse \u00e0 caf\u00e9 en verre avec logo personnalis\u00e9\" title=\"Tasse \u00e0 caf\u00e9 en verre avec logo personnalis\u00e9\"><\/p>\n<h2>FAQ<\/h2>\n<p><strong>1. Quel est le mat\u00e9riau de la tasse \u00e0 caf\u00e9 ?<\/strong><br \/>La tasse \u00e0 caf\u00e9 est fabriqu\u00e9e en verre durable pour une plus grande long\u00e9vit\u00e9.<\/p>\n<p><strong>2. Puis-je personnaliser le logo sur le gobelet ?<\/strong><br \/>Oui, vous pouvez personnaliser le gobelet avec votre logo.<\/p>\n<p><strong>3. La tasse \u00e0 caf\u00e9 en verre peut-elle \u00eatre lav\u00e9e au lave-vaisselle ?<\/strong><br \/>Absolument, notre tasse \u00e0 caf\u00e9 en verre est con\u00e7ue pour \u00eatre lav\u00e9e au lave-vaisselle.<\/p>\n<p><strong>4. Quelles sont les tailles disponibles pour la tasse \u00e0 caf\u00e9 ?<\/strong><br \/>La tasse \u00e0 caf\u00e9 existe en diff\u00e9rentes tailles pour r\u00e9pondre \u00e0 diff\u00e9rents besoins.<\/p>\n<p><strong>5. La tasse \u00e0 caf\u00e9 en verre est-elle \u00e9cologique ?<\/strong><br \/>Oui, le gobelet pr\u00e9sente un design respectueux de l'environnement qui favorise le d\u00e9veloppement durable.<\/p>\n<p><strong>6. La tasse \u00e0 caf\u00e9 en verre peut-elle \u00eatre utilis\u00e9e comme cadeau d'entreprise ?<\/strong><br \/>Oui, il est id\u00e9al pour les cadeaux d'entreprise et les \u00e9v\u00e9nements promotionnels.<\/p>\n<p><strong>7. Le verre offre-t-il une sensation de qualit\u00e9 sup\u00e9rieure ?<\/strong><br \/>Le verre de haute qualit\u00e9 donne une impression d'\u00e9l\u00e9gance et de qualit\u00e9 sup\u00e9rieure.<\/p>\n<p><strong>8. Comment la tasse \u00e0 caf\u00e9 am\u00e9liore-t-elle la visibilit\u00e9 de la marque ?<\/strong><br \/>L'emplacement du logo personnalis\u00e9 optimise efficacement la visibilit\u00e9 de la marque.<\/p>\n<p><\/p>\n<h2>Blog r\u00e9cent<\/h2>\n<ul class=\"reco-links\">\n<li><a href=\"https:\/\/glasswaremanufacturers.com\/fr\/fabrication-de-gobelets-en-verre-au-mexique\/\" target=\"_blank\">Fabrication de gobelets en verre au Mexique<\/a><\/li>\n<li><a href=\"https:\/\/glasswaremanufacturers.com\/fr\/glass-cup-manufacturers-in-turkey\/\" target=\"_blank\">Fabrication de gobelets en verre en Turquie<\/a><\/li>\n<li><a href=\"https:\/\/glasswaremanufacturers.com\/fr\/fabricants-de-gobelets-en-verre-aux-pays-bas\/\" target=\"_blank\">fabricants de gobelets en verre aux pays-bas<\/a><\/li>\n<li><a href=\"https:\/\/glasswaremanufacturers.com\/fr\/fabricants-de-gobelets-en-verre-en-arabie-saoudite\/\" target=\"_blank\">fabricants de gobelets en verre en arabie saoudite<\/a><\/li>\n<\/ul>","protected":false},"featured_media":5167,"parent":0,"template":"","meta":{"_acf_changed":false,"_seopress_robots_primary_cat":"","_seopress_titles_title":"","_seopress_titles_desc":"","_seopress_robots_index":""},"categories":[12],"class_list":["post-5168","product","type-product","status-publish","has-post-thumbnail","hentry","category-glass-cup-manufacturers"],"acf":{"product_maidian":"<li>Enhance brand visibility with custom logo placement.<\/li>\r\n<li>Durable glass material ensures long-lasting use.<\/li>\r\n<li>Ideal for corporate gifts and promotional events.<\/li>\r\n<li>Eco-friendly design supports sustainability initiatives.<\/li>\r\n<li>Dishwasher safe for easy cleaning.<\/li>\r\n<li>High-quality glass offers a premium feel.<\/li>\r\n<li>Available in various sizes to fit your needs.<\/li>\r\n<li>Boost employee morale with personalized drinkware.<\/li>"},"_links":{"self":[{"href":"https:\/\/glasswaremanufacturers.com\/fr\/wp-json\/wp\/v2\/product\/5168","targetHints":{"allow":["GET"]}}],"collection":[{"href":"https:\/\/glasswaremanufacturers.com\/fr\/wp-json\/wp\/v2\/product"}],"about":[{"href":"https:\/\/glasswaremanufacturers.com\/fr\/wp-json\/wp\/v2\/types\/product"}],"wp:featuredmedia":[{"embeddable":true,"href":"https:\/\/glasswaremanufacturers.com\/fr\/wp-json\/wp\/v2\/media\/5167"}],"wp:attachment":[{"href":"https:\/\/glasswaremanufacturers.com\/fr\/wp-json\/wp\/v2\/media?parent=5168"}],"wp:term":[{"taxonomy":"category","embeddable":true,"href":"https:\/\/glasswaremanufacturers.com\/fr\/wp-json\/wp\/v2\/categories?post=5168"}],"curies":[{"name":"wp","href":"https:\/\/api.w.org\/{rel}","templated":true}]}}