{"id":5175,"date":"2026-04-19T11:47:01","date_gmt":"2026-04-19T03:47:01","guid":{"rendered":"https:\/\/glasswaremanufacturers.com\/product\/custom-logo-glass-drinking-cups\/"},"modified":"2026-04-19T11:47:01","modified_gmt":"2026-04-19T03:47:01","slug":"gobelets-en-verre-avec-logo-personnalise","status":"publish","type":"product","link":"https:\/\/glasswaremanufacturers.com\/fr\/product\/custom-logo-glass-drinking-cups\/","title":{"rendered":"Tasses \u00e0 boire en verre avec logo personnalis\u00e9"},"content":{"rendered":"<h2>D\u00e9tails des produits<\/h2>\n<div class=\"product-table\">\n<div class=\"row\">\n<div class=\"cell label\">mat\u00e9riel<\/div>\n<div class=\"cell value\">Verre<\/div>\n<\/div>\n<div class=\"row\">\n<div class=\"cell label\">type<\/div>\n<div class=\"cell value\">Gobelet<\/div>\n<\/div>\n<div class=\"row\">\n<div class=\"cell label\">Fonctionnalit\u00e9<\/div>\n<div class=\"cell value\">Respectueux de l'environnement, sans Bpa, compatible avec les micro-ondes<\/div>\n<\/div>\n<div class=\"row\">\n<div class=\"cell label\">Application<\/div>\n<div class=\"cell value\">Maison, restaurant, vin, f\u00eate, cadeaux, bi\u00e8re<\/div>\n<\/div>\n<div class=\"row\">\n<div class=\"cell label\">style<\/div>\n<div class=\"cell value\">Classique<\/div>\n<\/div>\n<div class=\"row\">\n<div class=\"cell label\">occasion<\/div>\n<div class=\"cell value\">Cadeaux d'affaires<\/div>\n<\/div>\n<div class=\"row\">\n<div class=\"cell label\">Accessoires<\/div>\n<div class=\"cell value\">Aucun<\/div>\n<\/div>\n<div class=\"row\">\n<div class=\"cell label\">Emballage<\/div>\n<div class=\"cell value\">Bo\u00eete de couleur<\/div>\n<\/div>\n<div class=\"row\">\n<div class=\"cell label\">Mat\u00e9riau<\/div>\n<div class=\"cell value\">Verre \u00e0 chaux sod\u00e9e<\/div>\n<\/div>\n<div class=\"row\">\n<div class=\"cell label\">Application<\/div>\n<div class=\"cell value\">La vie quotidienne \u00e0 la maison<\/div>\n<\/div>\n<div class=\"row\">\n<div class=\"cell label\">Nom du produit<\/div>\n<div class=\"cell value\">Coupe en verre carr\u00e9e, set de 6 pi\u00e8ces<\/div>\n<\/div>\n<div class=\"row\">\n<div class=\"cell label\">Utilisation<\/div>\n<div class=\"cell value\">Caf\u00e9. Th\u00e9. Bi\u00e8re. Eau<\/div>\n<\/div>\n<div class=\"row\">\n<div class=\"cell label\">Logo<\/div>\n<div class=\"cell value\">Logo personnalis\u00e9 acceptable<\/div>\n<\/div>\n<div class=\"row\">\n<div class=\"cell label\">\u00c9chantillon<\/div>\n<div class=\"cell value\">Offert<\/div>\n<\/div>\n<div class=\"row\">\n<div class=\"cell label\">Taille<\/div>\n<div class=\"cell value\">68*55*90mm,211g,180ml<\/div>\n<\/div>\n<div class=\"row\">\n<div class=\"cell label\">OEM ET ODM<\/div>\n<div class=\"cell value\">Tr\u00e8s bien accueilli Personnalis\u00e9<\/div>\n<\/div>\n<div class=\"row\">\n<div class=\"cell label\">MOQ<\/div>\n<div class=\"cell value\">60pcs<\/div>\n<\/div>\n<div class=\"row\">\n<div class=\"cell label\">Certificat<\/div>\n<div class=\"cell value\">FDA, LFGB<\/div>\n<\/div>\n<div class=\"row\">\n<div class=\"cell label\">Unit\u00e9s de vente<\/div>\n<div class=\"cell value\">Article unique<\/div>\n<\/div>\n<\/div>\n<p>\n<img decoding=\"async\" src=\"https:\/\/glasswaremanufacturers.com\/wp-content\/uploads\/Custom_Logo_Glass_Drinking_Cups.webp\" alt=\"Tasses \u00e0 boire en verre avec logo personnalis\u00e9\" title=\"Tasses \u00e0 boire en verre avec logo personnalis\u00e9\"><\/p>\n<h2>FAQ<\/h2>\n<p><strong>1. Qu'est-ce qu'un gobelet en verre avec logo personnalis\u00e9 ?<\/strong><br \/>Les gobelets en verre avec logo personnalis\u00e9 sont des articles en verre personnalis\u00e9s avec le logo ou le dessin de votre marque.<\/p>\n<p><strong>2. Comment ces gobelets peuvent-ils am\u00e9liorer la visibilit\u00e9 de la marque ?<\/strong><br \/>Ces gobelets mettent votre marque en valeur, ce qui accro\u00eet la reconnaissance et la fid\u00e9lit\u00e9 des clients.<\/p>\n<p><strong>3. Les gobelets en verre sont-ils durables ?<\/strong><br \/>Oui, ils sont fabriqu\u00e9s \u00e0 partir de verre de haute qualit\u00e9 pour assurer leur durabilit\u00e9 et leur long\u00e9vit\u00e9.<\/p>\n<p><strong>4. Puis-je utiliser ces gobelets pour des \u00e9v\u00e9nements promotionnels ?<\/strong><br \/>Absolument, ils sont parfaits pour les \u00e9v\u00e9nements promotionnels et les cadeaux d'entreprise.<\/p>\n<p><strong>5. Les gobelets sont-ils \u00e9cologiques ?<\/strong><br \/>Oui, ils sont r\u00e9utilisables, ce qui r\u00e9duit l'impact sur l'environnement par rapport aux options jetables.<\/p>\n<p><strong>6. Puis-je personnaliser le motif des gobelets en verre ?<\/strong><br \/>Oui, il existe de nombreuses options de conception personnalisables pour une image de marque unique.<\/p>\n<p><strong>7. Quelles sont les industries qui b\u00e9n\u00e9ficient de l'utilisation de ces gobelets ?<\/strong><br \/>Les caf\u00e9s, les restaurants et les entreprises qui participent \u00e0 des salons professionnels tirent profit de l'utilisation de ces gobelets \u00e0 l'effigie de la marque.<\/p>\n<p><strong>8. Les gobelets existent-ils en diff\u00e9rentes tailles ?<\/strong><br \/>Oui, ils sont disponibles en diff\u00e9rentes tailles pour r\u00e9pondre \u00e0 diff\u00e9rents besoins.<\/p>\n<p><\/p>\n<h2>Blog r\u00e9cent<\/h2>\n<ul class=\"reco-links\">\n<li><a href=\"https:\/\/glasswaremanufacturers.com\/fr\/fabricants-de-gobelets-en-verre-en-suisse\/\" target=\"_blank\">fabricants de gobelets en verre en suisse<\/a><\/li>\n<li><a href=\"https:\/\/glasswaremanufacturers.com\/fr\/fabrication-de-gobelets-en-verre-en-pologne\/\" target=\"_blank\">Fabrication de gobelets en verre en Pologne<\/a><\/li>\n<li><a href=\"https:\/\/glasswaremanufacturers.com\/fr\/fabricants-de-gobelets-en-verre-en-australie\/\" target=\"_blank\">fabricants de gobelets en verre en australie<\/a><\/li>\n<li><a href=\"https:\/\/glasswaremanufacturers.com\/fr\/glass-cup-manufacturers-in-france\/\" target=\"_blank\">fabricants de gobelets en verre en france<\/a><\/li>\n<\/ul>","protected":false},"featured_media":5174,"parent":0,"template":"","meta":{"_acf_changed":false,"_seopress_robots_primary_cat":"","_seopress_titles_title":"","_seopress_titles_desc":"","_seopress_robots_index":""},"categories":[12],"class_list":["post-5175","product","type-product","status-publish","has-post-thumbnail","hentry","category-glass-cup-manufacturers"],"acf":{"product_maidian":"<li>Enhance brand visibility with personalized glass cups.<\/li>\r\n<li>High-quality glass ensures durability and elegance.<\/li>\r\n<li>Ideal for corporate gifts and promotional events.<\/li>\r\n<li>Eco-friendly, reusable beverage solution.<\/li>\r\n<li>Customizable design options for unique branding.<\/li>\r\n<li>Perfect for cafes, restaurants, and trade shows.<\/li>\r\n<li>Boost customer engagement with branded merchandise.<\/li>\r\n<li>Available in various sizes to suit different needs.<\/li>"},"_links":{"self":[{"href":"https:\/\/glasswaremanufacturers.com\/fr\/wp-json\/wp\/v2\/product\/5175","targetHints":{"allow":["GET"]}}],"collection":[{"href":"https:\/\/glasswaremanufacturers.com\/fr\/wp-json\/wp\/v2\/product"}],"about":[{"href":"https:\/\/glasswaremanufacturers.com\/fr\/wp-json\/wp\/v2\/types\/product"}],"wp:featuredmedia":[{"embeddable":true,"href":"https:\/\/glasswaremanufacturers.com\/fr\/wp-json\/wp\/v2\/media\/5174"}],"wp:attachment":[{"href":"https:\/\/glasswaremanufacturers.com\/fr\/wp-json\/wp\/v2\/media?parent=5175"}],"wp:term":[{"taxonomy":"category","embeddable":true,"href":"https:\/\/glasswaremanufacturers.com\/fr\/wp-json\/wp\/v2\/categories?post=5175"}],"curies":[{"name":"wp","href":"https:\/\/api.w.org\/{rel}","templated":true}]}}