{"id":5177,"date":"2026-04-19T11:47:03","date_gmt":"2026-04-19T03:47:03","guid":{"rendered":"https:\/\/glasswaremanufacturers.com\/product\/cute-glass-drinking-cup\/"},"modified":"2026-04-19T11:47:03","modified_gmt":"2026-04-19T03:47:03","slug":"mignon-gobelet-en-verre","status":"publish","type":"product","link":"https:\/\/glasswaremanufacturers.com\/fr\/product\/cute-glass-drinking-cup\/","title":{"rendered":"Mignon gobelet en verre"},"content":{"rendered":"<h2>D\u00e9tails des produits<\/h2>\n<div class=\"product-table\">\n<div class=\"row\">\n<div class=\"cell label\">type de verre<\/div>\n<div class=\"cell value\">VERRE \u00c0 VIN<\/div>\n<\/div>\n<div class=\"row\">\n<div class=\"cell label\">mat\u00e9riel<\/div>\n<div class=\"cell value\">Verre<\/div>\n<\/div>\n<div class=\"row\">\n<div class=\"cell label\">capacit\u00e9<\/div>\n<div class=\"cell value\">150ml<\/div>\n<\/div>\n<div class=\"row\">\n<div class=\"cell label\">caract\u00e9ristique<\/div>\n<div class=\"cell value\">Respect de l'environnement<\/div>\n<\/div>\n<div class=\"row\">\n<div class=\"cell label\">style<\/div>\n<div class=\"cell value\">Moderne<\/div>\n<\/div>\n<div class=\"row\">\n<div class=\"cell label\">occasion<\/div>\n<div class=\"cell value\">Non disponible<\/div>\n<\/div>\n<div class=\"row\">\n<div class=\"cell label\">utiliser<\/div>\n<div class=\"cell value\">Le vin<\/div>\n<\/div>\n<div class=\"row\">\n<div class=\"cell label\">type de m\u00e9tal<\/div>\n<div class=\"cell value\">non<\/div>\n<\/div>\n<div class=\"row\">\n<div class=\"cell label\">type de c\u00e9ramique<\/div>\n<div class=\"cell value\">non<\/div>\n<\/div>\n<div class=\"row\">\n<div class=\"cell label\">type de plastique<\/div>\n<div class=\"cell value\">non<\/div>\n<\/div>\n<div class=\"row\">\n<div class=\"cell label\">quantit\u00e9<\/div>\n<div class=\"cell value\">>10<\/div>\n<\/div>\n<div class=\"row\">\n<div class=\"cell label\">production<\/div>\n<div class=\"cell value\">gobelet en verre<\/div>\n<\/div>\n<div class=\"row\">\n<div class=\"cell label\">Type de boisson<\/div>\n<div class=\"cell value\">Verre<\/div>\n<\/div>\n<div class=\"row\">\n<div class=\"cell label\">couleur<\/div>\n<div class=\"cell value\">clair<\/div>\n<\/div>\n<div class=\"row\">\n<div class=\"cell label\">Emballage<\/div>\n<div class=\"cell value\">\u0153ufs en cagette<\/div>\n<\/div>\n<div class=\"row\">\n<div class=\"cell label\">Application<\/div>\n<div class=\"cell value\">boire<\/div>\n<\/div>\n<div class=\"row\">\n<div class=\"cell label\">Utilisation<\/div>\n<div class=\"cell value\">bar<\/div>\n<\/div>\n<div class=\"row\">\n<div class=\"cell label\">Nom du produit<\/div>\n<div class=\"cell value\">verre \u00e0 liqueur<\/div>\n<\/div>\n<div class=\"row\">\n<div class=\"cell label\">Style<\/div>\n<div class=\"cell value\">Moderne<\/div>\n<\/div>\n<div class=\"row\">\n<div class=\"cell label\">Logo<\/div>\n<div class=\"cell value\">Logo personnalis\u00e9 acceptable<\/div>\n<\/div>\n<div class=\"row\">\n<div class=\"cell label\">Forme<\/div>\n<div class=\"cell value\">ronde<\/div>\n<\/div>\n<div class=\"row\">\n<div class=\"cell label\">Unit\u00e9s de vente<\/div>\n<div class=\"cell value\">Article unique<\/div>\n<\/div>\n<div class=\"row\">\n<div class=\"cell label\">Taille de l'emballage unique<\/div>\n<div class=\"cell value\">15X10X10 cm<\/div>\n<\/div>\n<div class=\"row\">\n<div class=\"cell label\">Poids brut unique<\/div>\n<div class=\"cell value\">0,500 kg<\/div>\n<\/div>\n<\/div>\n<p>\n<img decoding=\"async\" src=\"https:\/\/glasswaremanufacturers.com\/wp-content\/uploads\/Cute_Glass_Drinking_Cup.webp\" alt=\"Mignon gobelet en verre\" title=\"Mignon gobelet en verre\"><\/p>\n<h2>FAQ<\/h2>\n<p><strong>1. Le verre passe-t-il au lave-vaisselle ?<\/strong><br \/>Oui, le gobelet en verre Cute Drinking Cup peut \u00eatre lav\u00e9 au lave-vaisselle pour un nettoyage sans probl\u00e8me.<\/p>\n<p><strong>2. Quelles sont les tailles disponibles ?<\/strong><br \/>Le gobelet est disponible en plusieurs tailles pour r\u00e9pondre \u00e0 diff\u00e9rents besoins en mati\u00e8re de boissons.<\/p>\n<p><strong>3. Peut-il contenir des boissons chaudes ?<\/strong><br \/>Oui, notre gobelet en verre est con\u00e7u pour accueillir des boissons chaudes et froides.<\/p>\n<p><strong>4. Le verre est-il exempt de plomb ?<\/strong><br \/>Absolument, le mignon gobelet en verre est fabriqu\u00e9 \u00e0 partir de mat\u00e9riaux sans plomb.<\/p>\n<p><strong>5. Est-il assorti d'une garantie ?<\/strong><br \/>Oui, nous offrons une garantie pour les d\u00e9fauts de fabrication.<\/p>\n<p><strong>6. Le verre est-il r\u00e9sistant \u00e0 la casse ?<\/strong><br \/>Bien qu'il soit durable, il s'agit de verre et doit \u00eatre manipul\u00e9 avec pr\u00e9caution pour \u00e9viter qu'il ne se brise.<\/p>\n<p><strong>7. Comment puis-je commander les gobelets en gros ?<\/strong><br \/>Contactez notre \u00e9quipe de vente pour les options d'achat en gros et les remises.<\/p>\n<p><strong>8. Existe-t-il des mod\u00e8les personnalis\u00e9s ?<\/strong><br \/>Oui, nous proposons des options de personnalisation pour les marques ou les dessins personnels.<\/p>\n<p><\/p>\n<h2>Blog r\u00e9cent<\/h2>\n<ul class=\"reco-links\">\n<li><a href=\"https:\/\/glasswaremanufacturers.com\/fr\/glass-cup-manufacturers-in-uk\/\" target=\"_blank\">Fabrication de gobelets en verre au Royaume-Uni<\/a><\/li>\n<li><a href=\"https:\/\/glasswaremanufacturers.com\/fr\/fabrication-de-gobelets-en-verre-en-inde\/\" target=\"_blank\">Fabrication de gobelets en verre en Inde<\/a><\/li>\n<li><a href=\"https:\/\/glasswaremanufacturers.com\/fr\/glass-cup-manufacturers-in-canada\/\" target=\"_blank\">fabricants de gobelets en verre au canada<\/a><\/li>\n<li><a href=\"https:\/\/glasswaremanufacturers.com\/fr\/fabricants-de-gobelets-en-verre-en-russie\/\" target=\"_blank\">fabricants de gobelets en verre en russie<\/a><\/li>\n<\/ul>","protected":false},"featured_media":5176,"parent":0,"template":"","meta":{"_acf_changed":false,"_seopress_robots_primary_cat":"","_seopress_titles_title":"","_seopress_titles_desc":"","_seopress_robots_index":""},"categories":[12],"class_list":["post-5177","product","type-product","status-publish","has-post-thumbnail","hentry","category-glass-cup-manufacturers"],"acf":{"product_maidian":"<li>Durable glass construction ensures long-lasting use.<\/li>\r\n<li>Sleek design adds elegance to any setting.<\/li>\r\n<li>Easy to clean and maintain for busy environments.<\/li>\r\n<li>Available in various sizes to suit different needs.<\/li>\r\n<li>Perfect for both hot and cold beverages.<\/li>\r\n<li>Environmentally friendly, reusable glass material.<\/li>\r\n<li>Comfortable grip for easy handling.<\/li>\r\n<li>Non-toxic materials ensure safe drinking.<\/li>"},"_links":{"self":[{"href":"https:\/\/glasswaremanufacturers.com\/fr\/wp-json\/wp\/v2\/product\/5177","targetHints":{"allow":["GET"]}}],"collection":[{"href":"https:\/\/glasswaremanufacturers.com\/fr\/wp-json\/wp\/v2\/product"}],"about":[{"href":"https:\/\/glasswaremanufacturers.com\/fr\/wp-json\/wp\/v2\/types\/product"}],"wp:featuredmedia":[{"embeddable":true,"href":"https:\/\/glasswaremanufacturers.com\/fr\/wp-json\/wp\/v2\/media\/5176"}],"wp:attachment":[{"href":"https:\/\/glasswaremanufacturers.com\/fr\/wp-json\/wp\/v2\/media?parent=5177"}],"wp:term":[{"taxonomy":"category","embeddable":true,"href":"https:\/\/glasswaremanufacturers.com\/fr\/wp-json\/wp\/v2\/categories?post=5177"}],"curies":[{"name":"wp","href":"https:\/\/api.w.org\/{rel}","templated":true}]}}