{"id":5179,"date":"2026-04-19T11:47:09","date_gmt":"2026-04-19T03:47:09","guid":{"rendered":"https:\/\/glasswaremanufacturers.com\/product\/decorative-household-glass-cup\/"},"modified":"2026-04-19T11:47:09","modified_gmt":"2026-04-19T03:47:09","slug":"gobelet-en-verre-decoratif-pour-la-maison","status":"publish","type":"product","link":"https:\/\/glasswaremanufacturers.com\/fr\/product\/decorative-household-glass-cup\/","title":{"rendered":"Coupe d\u00e9corative en verre de m\u00e9nage"},"content":{"rendered":"<h2>D\u00e9tails des produits<\/h2>\n<div class=\"product-table\">\n<div class=\"row\">\n<div class=\"cell label\">mat\u00e9riel<\/div>\n<div class=\"cell value\">Verre<\/div>\n<\/div>\n<div class=\"row\">\n<div class=\"cell label\">volume<\/div>\n<div class=\"cell value\">190ml<\/div>\n<\/div>\n<div class=\"row\">\n<div class=\"cell label\">caract\u00e9ristique<\/div>\n<div class=\"cell value\">Portable, r\u00e9utilisable, \u00e9cologique, r\u00e9sistant \u00e0 la chaleur, durable<\/div>\n<\/div>\n<div class=\"row\">\n<div class=\"cell label\">style<\/div>\n<div class=\"cell value\">Classique<\/div>\n<\/div>\n<div class=\"row\">\n<div class=\"cell label\">Forme<\/div>\n<div class=\"cell value\">Rond<\/div>\n<\/div>\n<div class=\"row\">\n<div class=\"cell label\">occasion<\/div>\n<div class=\"cell value\">boisson<\/div>\n<\/div>\n<div class=\"row\">\n<div class=\"cell label\">Type de boisson<\/div>\n<div class=\"cell value\">Tasses<\/div>\n<\/div>\n<div class=\"row\">\n<div class=\"cell label\">Unit\u00e9s de vente<\/div>\n<div class=\"cell value\">Article unique<\/div>\n<\/div>\n<\/div>\n<p>\n<img decoding=\"async\" src=\"https:\/\/glasswaremanufacturers.com\/wp-content\/uploads\/Decorative_Household_Glass_Cup.webp\" alt=\"Coupe d\u00e9corative en verre de m\u00e9nage\" title=\"Coupe d\u00e9corative en verre de m\u00e9nage\"><\/p>\n<h2>FAQ<\/h2>\n<p><strong>1. De quoi est fait le gobelet en verre ?<\/strong><br \/>Le gobelet en verre est fabriqu\u00e9 \u00e0 partir d'un mat\u00e9riau en verre durable et de haute qualit\u00e9.<\/p>\n<p><strong>2. Le gobelet en verre peut-il \u00eatre utilis\u00e9 pour des boissons chaudes ?<\/strong><br \/>Oui, le gobelet en verre est con\u00e7u pour contenir des boissons chaudes et froides en toute s\u00e9curit\u00e9.<\/p>\n<p><strong>3. Puis-je mettre le gobelet en verre au lave-vaisselle ?<\/strong><br \/>Absolument, le gobelet en verre est lavable au lave-vaisselle pour un nettoyage facile.<\/p>\n<p><strong>4. Le gobelet en verre est-il \u00e9cologique ?<\/strong><br \/>Oui, le gobelet en verre est r\u00e9utilisable et fabriqu\u00e9 \u00e0 partir de mat\u00e9riaux durables.<\/p>\n<p><strong>5. Existe-t-il diff\u00e9rentes tailles ?<\/strong><br \/>Oui, le gobelet en verre est disponible en plusieurs tailles pour r\u00e9pondre \u00e0 diff\u00e9rents besoins.<\/p>\n<p><strong>6. Le gobelet en verre peut-il \u00eatre offert ?<\/strong><br \/>Son design d\u00e9coratif en fait un cadeau id\u00e9al pour les occasions sp\u00e9ciales.<\/p>\n<p><strong>7. Les mat\u00e9riaux utilis\u00e9s dans le gobelet en verre sont-ils non toxiques ?<\/strong><br \/>Oui, tous les mat\u00e9riaux utilis\u00e9s sont s\u00fbrs et non toxiques.<\/p>\n<p><strong>8. Le gobelet en verre rehaussera-t-il la d\u00e9coration de mon int\u00e9rieur ?<\/strong><br \/>Le design \u00e9l\u00e9gant de la tasse en verre ajoute une valeur esth\u00e9tique \u00e0 tout int\u00e9rieur.<\/p>\n<p><\/p>\n<h2>Blog r\u00e9cent<\/h2>\n<ul class=\"reco-links\">\n<li><a href=\"https:\/\/glasswaremanufacturers.com\/fr\/fabrication-de-gobelets-en-verre-en-turquie\/\" target=\"_blank\">Fabrication de gobelets en verre en Turquie<\/a><\/li>\n<li><a href=\"https:\/\/glasswaremanufacturers.com\/fr\/fabricants-de-gobelets-en-verre-au-canada\/\" target=\"_blank\">fabricants de gobelets en verre au canada<\/a><\/li>\n<li><a href=\"https:\/\/glasswaremanufacturers.com\/fr\/fabricants-de-gobelets-en-verre-en-indonesie\/\" target=\"_blank\">fabricants de gobelets en verre en indon\u00e9sie<\/a><\/li>\n<li><a href=\"https:\/\/glasswaremanufacturers.com\/fr\/fabrication-de-gobelets-en-verre-au-mexique\/\" target=\"_blank\">Fabrication de gobelets en verre au Mexique<\/a><\/li>\n<\/ul>","protected":false},"featured_media":5178,"parent":0,"template":"","meta":{"_acf_changed":false,"_seopress_robots_primary_cat":"","_seopress_titles_title":"","_seopress_titles_desc":"","_seopress_robots_index":""},"categories":[12],"class_list":["post-5179","product","type-product","status-publish","has-post-thumbnail","hentry","category-glass-cup-manufacturers"],"acf":{"product_maidian":"<li>Enhance interior aesthetics with elegant design.<\/li>\r\n<li>Durable and made from high-quality glass material.<\/li>\r\n<li>Versatile for both hot and cold beverages.<\/li>\r\n<li>Easy to clean and dishwasher safe.<\/li>\r\n<li>Perfect for gifting on special occasions.<\/li>\r\n<li>Available in a range of sizes and styles.<\/li>\r\n<li>Eco-friendly, reusable, and sustainable option.<\/li>\r\n<li>Safe and non-toxic materials used in production.<\/li>"},"_links":{"self":[{"href":"https:\/\/glasswaremanufacturers.com\/fr\/wp-json\/wp\/v2\/product\/5179","targetHints":{"allow":["GET"]}}],"collection":[{"href":"https:\/\/glasswaremanufacturers.com\/fr\/wp-json\/wp\/v2\/product"}],"about":[{"href":"https:\/\/glasswaremanufacturers.com\/fr\/wp-json\/wp\/v2\/types\/product"}],"wp:featuredmedia":[{"embeddable":true,"href":"https:\/\/glasswaremanufacturers.com\/fr\/wp-json\/wp\/v2\/media\/5178"}],"wp:attachment":[{"href":"https:\/\/glasswaremanufacturers.com\/fr\/wp-json\/wp\/v2\/media?parent=5179"}],"wp:term":[{"taxonomy":"category","embeddable":true,"href":"https:\/\/glasswaremanufacturers.com\/fr\/wp-json\/wp\/v2\/categories?post=5179"}],"curies":[{"name":"wp","href":"https:\/\/api.w.org\/{rel}","templated":true}]}}