{"id":5181,"date":"2026-04-19T11:47:11","date_gmt":"2026-04-19T03:47:11","guid":{"rendered":"https:\/\/glasswaremanufacturers.com\/product\/double-wall-borosilicate-cup\/"},"modified":"2026-04-19T11:47:11","modified_gmt":"2026-04-19T03:47:11","slug":"gobelet-en-borosilicate-a-double-paroi","status":"publish","type":"product","link":"https:\/\/glasswaremanufacturers.com\/fr\/product\/double-wall-borosilicate-cup\/","title":{"rendered":"Coupe en borosilicate \u00e0 double paroi"},"content":{"rendered":"<h2>D\u00e9tails des produits<\/h2>\n<div class=\"product-table\">\n<div class=\"row\">\n<div class=\"cell label\">mat\u00e9riel<\/div>\n<div class=\"cell value\">Verre<\/div>\n<\/div>\n<div class=\"row\">\n<div class=\"cell label\">type<\/div>\n<div class=\"cell value\">Tasses \u00e0 caf\u00e9<\/div>\n<\/div>\n<div class=\"row\">\n<div class=\"cell label\">Application<\/div>\n<div class=\"cell value\">Accueil<\/div>\n<\/div>\n<div class=\"row\">\n<div class=\"cell label\">caract\u00e9ristique<\/div>\n<div class=\"cell value\">Portable<\/div>\n<\/div>\n<div class=\"row\">\n<div class=\"cell label\">style<\/div>\n<div class=\"cell value\">Sports<\/div>\n<\/div>\n<div class=\"row\">\n<div class=\"cell label\">Utilisation<\/div>\n<div class=\"cell value\">Boissons<\/div>\n<\/div>\n<div class=\"row\">\n<div class=\"cell label\">Saison<\/div>\n<div class=\"cell value\">Tous les jours<\/div>\n<\/div>\n<div class=\"row\">\n<div class=\"cell label\">Style de conception<\/div>\n<div class=\"cell value\">Traditionnel<\/div>\n<\/div>\n<div class=\"row\">\n<div class=\"cell label\">S\u00e9lection de l'espace de la salle<\/div>\n<div class=\"cell value\">Soutien<\/div>\n<\/div>\n<div class=\"row\">\n<div class=\"cell label\">Espace de la salle<\/div>\n<div class=\"cell value\">Cuisine<\/div>\n<\/div>\n<div class=\"row\">\n<div class=\"cell label\">S\u00e9lection de l'occasion<\/div>\n<div class=\"cell value\">Soutien<\/div>\n<\/div>\n<div class=\"row\">\n<div class=\"cell label\">S\u00e9lection de vacances<\/div>\n<div class=\"cell value\">Soutien<\/div>\n<\/div>\n<div class=\"row\">\n<div class=\"cell label\">Vacances<\/div>\n<div class=\"cell value\">Nouvel an chinois<\/div>\n<\/div>\n<div class=\"row\">\n<div class=\"cell label\">Mat\u00e9riau<\/div>\n<div class=\"cell value\">Verre borosilicate \u00e0 haute r\u00e9sistance \u00e0 la chaleur<\/div>\n<\/div>\n<div class=\"row\">\n<div class=\"cell label\">volume<\/div>\n<div class=\"cell value\">100ml<\/div>\n<\/div>\n<div class=\"row\">\n<div class=\"cell label\">Unit\u00e9s de vente<\/div>\n<div class=\"cell value\">Article unique<\/div>\n<\/div>\n<div class=\"row\">\n<div class=\"cell label\">Taille de l'emballage unique<\/div>\n<div class=\"cell value\">15X5X3 cm<\/div>\n<\/div>\n<div class=\"row\">\n<div class=\"cell label\">Poids brut unique<\/div>\n<div class=\"cell value\">2.000 kg<\/div>\n<\/div>\n<\/div>\n<p>\n<img decoding=\"async\" src=\"https:\/\/glasswaremanufacturers.com\/wp-content\/uploads\/Double_Wall_Borosilicate_Cup.webp\" alt=\"Coupe en borosilicate \u00e0 double paroi\" title=\"Coupe en borosilicate \u00e0 double paroi\"><\/p>\n<h2>FAQ<\/h2>\n<p><strong>1. Qu'est-ce que le verre borosilicat\u00e9 ?<\/strong><br \/>Le verre borosilicat\u00e9 est un type de verre connu pour sa durabilit\u00e9 et sa r\u00e9sistance aux changements de temp\u00e9rature.<\/p>\n<p><strong>2. Comment fonctionne la double paroi ?<\/strong><br \/>La double paroi cr\u00e9e une couche isolante qui garde les boissons chaudes ou froides plus longtemps.<\/p>\n<p><strong>3. Le gobelet passe-t-il au micro-ondes ?<\/strong><br \/>Oui, le gobelet en borosilicate \u00e0 double paroi peut \u00eatre utilis\u00e9 au micro-ondes.<\/p>\n<p><strong>4. Puis-je l'utiliser pour des boissons froides ?<\/strong><br \/>Absolument, il est parfait pour les boissons froides gr\u00e2ce \u00e0 ses propri\u00e9t\u00e9s isolantes.<\/p>\n<p><strong>5. Emp\u00eache-t-il la condensation ?<\/strong><br \/>Oui, la double paroi emp\u00eache la condensation et garde les surfaces s\u00e8ches.<\/p>\n<p><strong>6. Le gobelet passe-t-il au lave-vaisselle ?<\/strong><br \/>Oui, il peut \u00eatre nettoy\u00e9 au lave-vaisselle.<\/p>\n<p><strong>7. Qu'est-ce qui le rend \u00e9cologique ?<\/strong><br \/>Le gobelet est fabriqu\u00e9 en verre borosilicat\u00e9 durable, ce qui r\u00e9duit l'impact sur l'environnement.<\/p>\n<p><strong>8. Le verre est-il susceptible de se briser ?<\/strong><br \/>Le verre borosilicat\u00e9 est tr\u00e8s durable et r\u00e9sistant \u00e0 la casse par rapport au verre ordinaire.<\/p>\n<p><\/p>\n<h2>Blog r\u00e9cent<\/h2>\n<ul class=\"reco-links\">\n<li><a href=\"https:\/\/glasswaremanufacturers.com\/fr\/glass-cup-manufacturers-in-russia\/\" target=\"_blank\">fabricants de gobelets en verre en russie<\/a><\/li>\n<li><a href=\"https:\/\/glasswaremanufacturers.com\/fr\/fabrication-de-gobelets-en-verre-a-taiwan\/\" target=\"_blank\">Fabrication de gobelets en verre \u00e0 Ta\u00efwan<\/a><\/li>\n<li><a href=\"https:\/\/glasswaremanufacturers.com\/fr\/fabricants-de-gobelets-en-verre-en-australie\/\" target=\"_blank\">fabricants de gobelets en verre en australie<\/a><\/li>\n<li><a href=\"https:\/\/glasswaremanufacturers.com\/fr\/glass-cup-manufacturers-in-poland\/\" target=\"_blank\">Fabrication de gobelets en verre en Pologne<\/a><\/li>\n<\/ul>","protected":false},"featured_media":5180,"parent":0,"template":"","meta":{"_acf_changed":false,"_seopress_robots_primary_cat":"","_seopress_titles_title":"","_seopress_titles_desc":"","_seopress_robots_index":""},"categories":[12],"class_list":["post-5181","product","type-product","status-publish","has-post-thumbnail","hentry","category-glass-cup-manufacturers"],"acf":{"product_maidian":"<li>Durable double wall design enhances thermal insulation.<\/li>\r\n<li>Borosilicate glass ensures high resistance to temperature changes.<\/li>\r\n<li>Lightweight and easy to handle for everyday use.<\/li>\r\n<li>Stylish and modern aesthetic fits any setting.<\/li>\r\n<li>Eco-friendly material promotes sustainability.<\/li>\r\n<li>Microwave and dishwasher safe for convenience.<\/li>\r\n<li>Prevents condensation, keeping surfaces dry.<\/li>\r\n<li>Perfect for both hot and cold beverages.<\/li>"},"_links":{"self":[{"href":"https:\/\/glasswaremanufacturers.com\/fr\/wp-json\/wp\/v2\/product\/5181","targetHints":{"allow":["GET"]}}],"collection":[{"href":"https:\/\/glasswaremanufacturers.com\/fr\/wp-json\/wp\/v2\/product"}],"about":[{"href":"https:\/\/glasswaremanufacturers.com\/fr\/wp-json\/wp\/v2\/types\/product"}],"wp:featuredmedia":[{"embeddable":true,"href":"https:\/\/glasswaremanufacturers.com\/fr\/wp-json\/wp\/v2\/media\/5180"}],"wp:attachment":[{"href":"https:\/\/glasswaremanufacturers.com\/fr\/wp-json\/wp\/v2\/media?parent=5181"}],"wp:term":[{"taxonomy":"category","embeddable":true,"href":"https:\/\/glasswaremanufacturers.com\/fr\/wp-json\/wp\/v2\/categories?post=5181"}],"curies":[{"name":"wp","href":"https:\/\/api.w.org\/{rel}","templated":true}]}}