{"id":5185,"date":"2026-04-19T11:47:14","date_gmt":"2026-04-19T03:47:14","guid":{"rendered":"https:\/\/glasswaremanufacturers.com\/product\/double-wall-coffee-glass-cup\/"},"modified":"2026-04-19T11:47:14","modified_gmt":"2026-04-19T03:47:14","slug":"tasse-a-cafe-en-verre-a-double-paroi-2","status":"publish","type":"product","link":"https:\/\/glasswaremanufacturers.com\/fr\/product\/double-wall-coffee-glass-cup\/","title":{"rendered":"Tasse \u00e0 caf\u00e9 en verre \u00e0 double paroi"},"content":{"rendered":"<h2>D\u00e9tails des produits<\/h2>\n<div class=\"product-table\">\n<div class=\"row\">\n<div class=\"cell label\">mat\u00e9riel<\/div>\n<div class=\"cell value\">haute teneur en borosilicate<\/div>\n<\/div>\n<div class=\"row\">\n<div class=\"cell label\">type<\/div>\n<div class=\"cell value\">verre \u00e0 boire<\/div>\n<\/div>\n<div class=\"row\">\n<div class=\"cell label\">Fonctionnalit\u00e9<\/div>\n<div class=\"cell value\">Respect de l'environnement<\/div>\n<\/div>\n<div class=\"row\">\n<div class=\"cell label\">Application<\/div>\n<div class=\"cell value\">Accueil<\/div>\n<\/div>\n<div class=\"row\">\n<div class=\"cell label\">style<\/div>\n<div class=\"cell value\">Moderne<\/div>\n<\/div>\n<div class=\"row\">\n<div class=\"cell label\">occasion<\/div>\n<div class=\"cell value\">Cadeaux<\/div>\n<\/div>\n<div class=\"row\">\n<div class=\"cell label\">Emballage<\/div>\n<div class=\"cell value\">Bo\u00eete blanche<\/div>\n<\/div>\n<div class=\"row\">\n<div class=\"cell label\">Mat\u00e9riau<\/div>\n<div class=\"cell value\">Haute teneur en borosilicate<\/div>\n<\/div>\n<div class=\"row\">\n<div class=\"cell label\">Fusion<\/div>\n<div class=\"cell value\">boire du th\u00e9, du caf\u00e9, de l'eau<\/div>\n<\/div>\n<div class=\"row\">\n<div class=\"cell label\">March\u00e9<\/div>\n<div class=\"cell value\">Europe, Asie<\/div>\n<\/div>\n<div class=\"row\">\n<div class=\"cell label\">Couleur<\/div>\n<div class=\"cell value\">transparent<\/div>\n<\/div>\n<div class=\"row\">\n<div class=\"cell label\">Instructions d'entretien<\/div>\n<div class=\"cell value\">Lavage \u00e0 la main uniquement<\/div>\n<\/div>\n<div class=\"row\">\n<div class=\"cell label\">Paquet<\/div>\n<div class=\"cell value\">4pcs\/inner, 24pcs\/carton<\/div>\n<\/div>\n<div class=\"row\">\n<div class=\"cell label\">capacit\u00e9<\/div>\n<div class=\"cell value\">300ml<\/div>\n<\/div>\n<div class=\"row\">\n<div class=\"cell label\">Style<\/div>\n<div class=\"cell value\">Moderne<\/div>\n<\/div>\n<div class=\"row\">\n<div class=\"cell label\">MOQ<\/div>\n<div class=\"cell value\">1000 pi\u00e8ces<\/div>\n<\/div>\n<div class=\"row\">\n<div class=\"cell label\">Utilisation<\/div>\n<div class=\"cell value\">Arts de la table Bar Home<\/div>\n<\/div>\n<div class=\"row\">\n<div class=\"cell label\">Unit\u00e9s de vente<\/div>\n<div class=\"cell value\">Article unique<\/div>\n<\/div>\n<div class=\"row\">\n<div class=\"cell label\">Taille de l'emballage unique<\/div>\n<div class=\"cell value\">53X53X20 cm<\/div>\n<\/div>\n<div class=\"row\">\n<div class=\"cell label\">Poids brut unique<\/div>\n<div class=\"cell value\">6.000 kg<\/div>\n<\/div>\n<\/div>\n<p>\n<img decoding=\"async\" src=\"https:\/\/glasswaremanufacturers.com\/wp-content\/uploads\/Double_Wall_Coffee_Glass_Cup.webp\" alt=\"Tasse \u00e0 caf\u00e9 en verre \u00e0 double paroi\" title=\"Tasse \u00e0 caf\u00e9 en verre \u00e0 double paroi\"><\/p>\n<h2>FAQ<\/h2>\n<p><strong>1. Qu'est-ce qui rend le gobelet en verre \u00e0 double paroi unique ?<\/strong><br \/>La double paroi permet de maintenir la temp\u00e9rature des boissons tout en \u00e9vitant la condensation.<\/p>\n<p><strong>2. Le gobelet en verre peut-il \u00eatre utilis\u00e9 pour des boissons chaudes ?<\/strong><br \/>Oui, le verre borosilicat\u00e9 est r\u00e9sistant \u00e0 la chaleur et ne pr\u00e9sente aucun danger pour les boissons chaudes.<\/p>\n<p><strong>3. Le gobelet peut-il \u00eatre utilis\u00e9 pour des boissons froides ?<\/strong><br \/>Absolument, il est con\u00e7u pour conserver les boissons froides sans transpirer.<\/p>\n<p><strong>4. Le gobelet en verre peut-il \u00eatre lav\u00e9 au lave-vaisselle ?<\/strong><br \/>Oui, il passe au micro-ondes et au lave-vaisselle pour un nettoyage facile.<\/p>\n<p><strong>5. Le gobelet en verre existe-t-il en diff\u00e9rentes tailles ?<\/strong><br \/>Oui, il est disponible en plusieurs tailles pour r\u00e9pondre \u00e0 diff\u00e9rents besoins en mati\u00e8re de boissons.<\/p>\n<p><strong>6. Le gobelet en verre peut-il \u00eatre utilis\u00e9 au micro-ondes ?<\/strong><br \/>Oui, le verre borosilicat\u00e9 passe au micro-ondes.<\/p>\n<p><strong>7. Le gobelet en verre est-il \u00e9cologique ?<\/strong><br \/>Oui, il offre une alternative \u00e9cologique aux gobelets en plastique \u00e0 usage unique.<\/p>\n<p><strong>8. Quel est l'avantage de la conception ?<\/strong><br \/>Le design \u00e9l\u00e9gant n'est pas seulement esth\u00e9tique, il offre \u00e9galement une prise en main confortable.<\/p>\n<p><\/p>\n<h2>Blog r\u00e9cent<\/h2>","protected":false},"featured_media":5184,"parent":0,"template":"","meta":{"_acf_changed":false,"_seopress_robots_primary_cat":"","_seopress_titles_title":"","_seopress_titles_desc":"","_seopress_robots_index":""},"categories":[12],"class_list":["post-5185","product","type-product","status-publish","has-post-thumbnail","hentry","category-glass-cup-manufacturers"],"acf":{"product_maidian":"<li>Maintains optimal temperature for hot or cold beverages<\/li>\r\n<li>Durable and scratch-resistant borosilicate glass<\/li>\r\n<li>Stylish design enhances aesthetic appeal<\/li>\r\n<li>Comfortable grip reduces risk of spills<\/li>\r\n<li>Eco-friendly alternative to plastic cups<\/li>\r\n<li>Microwave and dishwasher safe for convenience<\/li>\r\n<li>Perfect for corporate gifts and promotions<\/li>\r\n<li>Available in multiple sizes for diverse needs<\/li>"},"_links":{"self":[{"href":"https:\/\/glasswaremanufacturers.com\/fr\/wp-json\/wp\/v2\/product\/5185","targetHints":{"allow":["GET"]}}],"collection":[{"href":"https:\/\/glasswaremanufacturers.com\/fr\/wp-json\/wp\/v2\/product"}],"about":[{"href":"https:\/\/glasswaremanufacturers.com\/fr\/wp-json\/wp\/v2\/types\/product"}],"wp:featuredmedia":[{"embeddable":true,"href":"https:\/\/glasswaremanufacturers.com\/fr\/wp-json\/wp\/v2\/media\/5184"}],"wp:attachment":[{"href":"https:\/\/glasswaremanufacturers.com\/fr\/wp-json\/wp\/v2\/media?parent=5185"}],"wp:term":[{"taxonomy":"category","embeddable":true,"href":"https:\/\/glasswaremanufacturers.com\/fr\/wp-json\/wp\/v2\/categories?post=5185"}],"curies":[{"name":"wp","href":"https:\/\/api.w.org\/{rel}","templated":true}]}}