{"id":5187,"date":"2026-04-19T11:47:15","date_gmt":"2026-04-19T03:47:15","guid":{"rendered":"https:\/\/glasswaremanufacturers.com\/product\/double-wall-espresso-glass\/"},"modified":"2026-04-19T11:47:15","modified_gmt":"2026-04-19T03:47:15","slug":"verre-espresso-a-double-paroi","status":"publish","type":"product","link":"https:\/\/glasswaremanufacturers.com\/fr\/product\/double-wall-espresso-glass\/","title":{"rendered":"Verre double paroi Espresso"},"content":{"rendered":"<h2>D\u00e9tails des produits<\/h2>\n<div class=\"product-table\">\n<div class=\"row\">\n<div class=\"cell label\">mat\u00e9riel<\/div>\n<div class=\"cell value\">Verre<\/div>\n<\/div>\n<div class=\"row\">\n<div class=\"cell label\">type<\/div>\n<div class=\"cell value\">Tasses \u00e0 caf\u00e9<\/div>\n<\/div>\n<div class=\"row\">\n<div class=\"cell label\">Construction de murs<\/div>\n<div class=\"cell value\">Double paroi<\/div>\n<\/div>\n<div class=\"row\">\n<div class=\"cell label\">Compatible avec le four \u00e0 micro-ondes<\/div>\n<div class=\"cell value\">Oui<\/div>\n<\/div>\n<div class=\"row\">\n<div class=\"cell label\">lavable au lave-vaisselle<\/div>\n<div class=\"cell value\">Oui<\/div>\n<\/div>\n<div class=\"row\">\n<div class=\"cell label\">Application<\/div>\n<div class=\"cell value\">Maison, H\u00f4tel, Bureau, Cadeau, Camping, Mariage, F\u00eate, boissons chaudes, boissons froides, Th\u00e9 de l'apr\u00e8s-midi<\/div>\n<\/div>\n<div class=\"row\">\n<div class=\"cell label\">caract\u00e9ristique<\/div>\n<div class=\"cell value\">R\u00e9utilisable, intelligent, double paroi, sans BPA, s\u00fbr pour les aliments, r\u00e9sistant \u00e0 la chaleur, isol\u00e9, vente \u00e0 chaud, transparent, r\u00e9utilisable<\/div>\n<\/div>\n<div class=\"row\">\n<div class=\"cell label\">style<\/div>\n<div class=\"cell value\">Mignon<\/div>\n<\/div>\n<div class=\"row\">\n<div class=\"cell label\">Mod\u00e8le<\/div>\n<div class=\"cell value\">logo<\/div>\n<\/div>\n<div class=\"row\">\n<div class=\"cell label\">Personnes concern\u00e9es<\/div>\n<div class=\"cell value\">Unisexe<\/div>\n<\/div>\n<div class=\"row\">\n<div class=\"cell label\">occasion<\/div>\n<div class=\"cell value\">Cadeaux d'affaires<\/div>\n<\/div>\n<div class=\"row\">\n<div class=\"cell label\">Mat\u00e9riau<\/div>\n<div class=\"cell value\">Verre borosilicat\u00e9<\/div>\n<\/div>\n<div class=\"row\">\n<div class=\"cell label\">Avantage<\/div>\n<div class=\"cell value\">Sans BPA ni plomb<\/div>\n<\/div>\n<div class=\"row\">\n<div class=\"cell label\">Artisanat<\/div>\n<div class=\"cell value\">100% fait \u00e0 la main, souffl\u00e9 \u00e0 la bouche<\/div>\n<\/div>\n<div class=\"row\">\n<div class=\"cell label\">capacit\u00e9<\/div>\n<div class=\"cell value\">150ML \/ 5oz.<\/div>\n<\/div>\n<div class=\"row\">\n<div class=\"cell label\">Logo<\/div>\n<div class=\"cell value\">Logo personnalis\u00e9 acceptable<\/div>\n<\/div>\n<div class=\"row\">\n<div class=\"cell label\">NW \/PC<\/div>\n<div class=\"cell value\">130 g<\/div>\n<\/div>\n<div class=\"row\">\n<div class=\"cell label\">Emballage<\/div>\n<div class=\"cell value\">96 PCS\/CTN<\/div>\n<\/div>\n<div class=\"row\">\n<div class=\"cell label\">Compatible avec le four \u00e0 micro-ondes<\/div>\n<div class=\"cell value\">Oui<\/div>\n<\/div>\n<div class=\"row\">\n<div class=\"cell label\">Dimension de la bo\u00eete<\/div>\n<div class=\"cell value\">19,2 * 19,2 * 8,8 CM<\/div>\n<\/div>\n<div class=\"row\">\n<div class=\"cell label\">Lavable au lave-vaisselle<\/div>\n<div class=\"cell value\">Oui<\/div>\n<\/div>\n<div class=\"row\">\n<div class=\"cell label\">Unit\u00e9s de vente<\/div>\n<div class=\"cell value\">Article unique<\/div>\n<\/div>\n<div class=\"row\">\n<div class=\"cell label\">Taille de l'emballage unique<\/div>\n<div class=\"cell value\">11X11X10 cm<\/div>\n<\/div>\n<div class=\"row\">\n<div class=\"cell label\">Poids brut unique<\/div>\n<div class=\"cell value\">0,200 kg<\/div>\n<\/div>\n<\/div>\n<p>\n<img decoding=\"async\" src=\"https:\/\/glasswaremanufacturers.com\/wp-content\/uploads\/Double_Wall_Espresso_Glass.webp\" alt=\"Verre double paroi Espresso\" title=\"Verre double paroi Espresso\"><\/p>\n<h2>FAQ<\/h2>\n<p><strong>1. Qu'est-ce qu'un verre \u00e0 espresso \u00e0 double paroi ?<\/strong><br \/>Le verre \u00e0 espresso \u00e0 double paroi est con\u00e7u pour garder les boissons chaudes ou froides plus longtemps tout en rehaussant leur saveur.<\/p>\n<p><strong>2. Ces lunettes peuvent-elles \u00eatre utilis\u00e9es dans un cadre commercial ?<\/strong><br \/>Oui, ils sont parfaits pour les caf\u00e9s, les restaurants et les bureaux gr\u00e2ce \u00e0 leur conception durable.<\/p>\n<p><strong>3. Ces verres peuvent-ils \u00eatre lav\u00e9s au lave-vaisselle ?<\/strong><br \/>Absolument, ils peuvent \u00eatre lav\u00e9s au lave-vaisselle pour un nettoyage facile.<\/p>\n<p><strong>4. Comment fonctionne la double paroi ?<\/strong><br \/>La double paroi isole la boisson, pr\u00e9servant la temp\u00e9rature et la saveur.<\/p>\n<p><strong>5. Le verre borosilicat\u00e9 est-il durable ?<\/strong><br \/>Oui, le verre borosilicat\u00e9 est connu pour sa solidit\u00e9 et sa r\u00e9sistance aux rayures.<\/p>\n<p><strong>6. Le verre emp\u00eache-t-il la condensation ?<\/strong><br \/>Oui, la construction \u00e0 double paroi r\u00e9duit la condensation pour une exp\u00e9rience plus propre.<\/p>\n<p><strong>7. Quelle taille d'espresso ces verres peuvent-ils contenir ?<\/strong><br \/>Elles sont id\u00e9ales pour les portions d'espresso standard, g\u00e9n\u00e9ralement de 2 \u00e0 3 onces.<\/p>\n<p><strong>8. Ces verres peuvent-ils supporter des changements de temp\u00e9rature ?<\/strong><br \/>Oui, les lunettes sont con\u00e7ues pour r\u00e9sister \u00e0 de brusques variations de temp\u00e9rature.<\/p>\n<p><\/p>\n<h2>Blog r\u00e9cent<\/h2>","protected":false},"featured_media":5186,"parent":0,"template":"","meta":{"_acf_changed":false,"_seopress_robots_primary_cat":"","_seopress_titles_title":"","_seopress_titles_desc":"","_seopress_robots_index":""},"categories":[12],"class_list":["post-5187","product","type-product","status-publish","has-post-thumbnail","hentry","category-glass-cup-manufacturers"],"acf":{"product_maidian":"<li>Enhances espresso flavor with double-wall insulation.<\/li>\r\n<li>Maintains the perfect temperature for longer periods.<\/li>\r\n<li>Elegant design complements professional settings.<\/li>\r\n<li>Durable and scratch-resistant borosilicate glass.<\/li>\r\n<li>Comfortable grip for easy handling.<\/li>\r\n<li>Ideal for cafes, restaurants, and office use.<\/li>\r\n<li>Reduces condensation for a clean surface.<\/li>\r\n<li>Dishwasher safe for hassle-free maintenance.<\/li>"},"_links":{"self":[{"href":"https:\/\/glasswaremanufacturers.com\/fr\/wp-json\/wp\/v2\/product\/5187","targetHints":{"allow":["GET"]}}],"collection":[{"href":"https:\/\/glasswaremanufacturers.com\/fr\/wp-json\/wp\/v2\/product"}],"about":[{"href":"https:\/\/glasswaremanufacturers.com\/fr\/wp-json\/wp\/v2\/types\/product"}],"wp:featuredmedia":[{"embeddable":true,"href":"https:\/\/glasswaremanufacturers.com\/fr\/wp-json\/wp\/v2\/media\/5186"}],"wp:attachment":[{"href":"https:\/\/glasswaremanufacturers.com\/fr\/wp-json\/wp\/v2\/media?parent=5187"}],"wp:term":[{"taxonomy":"category","embeddable":true,"href":"https:\/\/glasswaremanufacturers.com\/fr\/wp-json\/wp\/v2\/categories?post=5187"}],"curies":[{"name":"wp","href":"https:\/\/api.w.org\/{rel}","templated":true}]}}