{"id":5941,"date":"2026-05-06T23:28:42","date_gmt":"2026-05-06T15:28:42","guid":{"rendered":"https:\/\/glasswaremanufacturers.com\/product\/double-wall-heat-resistant-glass\/"},"modified":"2026-05-06T23:28:42","modified_gmt":"2026-05-06T15:28:42","slug":"verre-a-double-paroi-resistant-a-la-chaleur","status":"publish","type":"product","link":"https:\/\/glasswaremanufacturers.com\/fr\/product\/double-wall-heat-resistant-glass\/","title":{"rendered":"Verre r\u00e9sistant \u00e0 la chaleur \u00e0 double paroi"},"content":{"rendered":"<h2>D\u00e9tails des produits<\/h2>\n<div class=\"product-table\">\n<div class=\"row\">\n<div class=\"cell label\">mat\u00e9riel<\/div>\n<div class=\"cell value\">Verre<\/div>\n<\/div>\n<div class=\"row\">\n<div class=\"cell label\">type<\/div>\n<div class=\"cell value\">tasse \u00e0 caf\u00e9<\/div>\n<\/div>\n<div class=\"row\">\n<div class=\"cell label\">style<\/div>\n<div class=\"cell value\">Traditionnel, d\u00e9contract\u00e9, classique, moderne<\/div>\n<\/div>\n<div class=\"row\">\n<div class=\"cell label\">occasion<\/div>\n<div class=\"cell value\">Camping, Voyage, F\u00eate<\/div>\n<\/div>\n<div class=\"row\">\n<div class=\"cell label\">Mat\u00e9riau<\/div>\n<div class=\"cell value\">Verre<\/div>\n<\/div>\n<div class=\"row\">\n<div class=\"cell label\">Nom du produit<\/div>\n<div class=\"cell value\">Coupe en verre \u00e0 double paroi<\/div>\n<\/div>\n<div class=\"row\">\n<div class=\"cell label\">Utilisation<\/div>\n<div class=\"cell value\">Caf\u00e9. Th\u00e9. Bi\u00e8re. Eau<\/div>\n<\/div>\n<div class=\"row\">\n<div class=\"cell label\">Type<\/div>\n<div class=\"cell value\">Verres \u00e0 boire<\/div>\n<\/div>\n<div class=\"row\">\n<div class=\"cell label\">Couleur<\/div>\n<div class=\"cell value\">Transparent<\/div>\n<\/div>\n<div class=\"row\">\n<div class=\"cell label\">Capacit\u00e9<\/div>\n<div class=\"cell value\">300ml<\/div>\n<\/div>\n<div class=\"row\">\n<div class=\"cell label\">Mot-cl\u00e9<\/div>\n<div class=\"cell value\">Tasse \u00e0 caf\u00e9 double paroi<\/div>\n<\/div>\n<div class=\"row\">\n<div class=\"cell label\">Logo<\/div>\n<div class=\"cell value\">Logo personnalis\u00e9 acceptable<\/div>\n<\/div>\n<div class=\"row\">\n<div class=\"cell label\">Description<\/div>\n<div class=\"cell value\">Sans danger pour les aliments<\/div>\n<\/div>\n<div class=\"row\">\n<div class=\"cell label\">Style<\/div>\n<div class=\"cell value\">Classique<\/div>\n<\/div>\n<div class=\"row\">\n<div class=\"cell label\">D\u00e9tails de l'emballage<\/div>\n<div class=\"cell value\">Emballage de s\u00e9curit\u00e9 ou selon votre demande, emballage \u00e0 bulles, papier de soie, papier ondul\u00e9, polyfoam, bo\u00eete \u00e0 fen\u00eatre, bo\u00eete en PVC et bo\u00eete d'impression.<\/div>\n<\/div>\n<div class=\"row\">\n<div class=\"cell label\">Unit\u00e9s de vente<\/div>\n<div class=\"cell value\">Article unique<\/div>\n<\/div>\n<div class=\"row\">\n<div class=\"cell label\">Taille de l'emballage unique<\/div>\n<div class=\"cell value\">16X10,5X17,6 cm<\/div>\n<\/div>\n<div class=\"row\">\n<div class=\"cell label\">Poids brut unique<\/div>\n<div class=\"cell value\">0,695 kg<\/div>\n<\/div>\n<\/div>\n<p>\n<img decoding=\"async\" src=\"https:\/\/glasswaremanufacturers.com\/wp-content\/uploads\/Double_Wall_Heat_Resistant_Glass.webp\" alt=\"Verre r\u00e9sistant \u00e0 la chaleur \u00e0 double paroi\" title=\"Verre r\u00e9sistant \u00e0 la chaleur \u00e0 double paroi\"><\/p>\n<h2>FAQ<\/h2>\n<p><strong>1. Qu'est-ce que le verre \u00e0 double paroi ?<\/strong><br \/>Le verre \u00e0 double paroi est compos\u00e9 de deux couches pour une meilleure r\u00e9sistance \u00e0 la chaleur et une meilleure isolation.<\/p>\n<p><strong>2. Comment r\u00e9siste-t-il \u00e0 la chaleur ?<\/strong><br \/>La double paroi cr\u00e9e une poche d'air qui r\u00e9duit le transfert de chaleur.<\/p>\n<p><strong>3. Peut-il \u00eatre utilis\u00e9 pour des boissons chaudes ?<\/strong><br \/>Oui, le verre \u00e0 double paroi est con\u00e7u pour accueillir des boissons chaudes et froides en toute s\u00e9curit\u00e9.<\/p>\n<p><strong>4. Peut-on l'utiliser dans le lave-vaisselle ?<\/strong><br \/>La plupart des produits en verre \u00e0 double paroi peuvent \u00eatre lav\u00e9s au lave-vaisselle pour faciliter le nettoyage.<\/p>\n<p><strong>5. Emp\u00eache-t-il la condensation ?<\/strong><br \/>Oui, la structure \u00e0 double paroi minimise la condensation sur la surface.<\/p>\n<p><strong>6. Est-il respectueux de l'environnement ?<\/strong><br \/>Le verre \u00e0 double paroi utilise des mat\u00e9riaux \u00e9cologiques, ce qui r\u00e9duit l'impact sur l'environnement.<\/p>\n<p><strong>7. Quelles sont les tailles disponibles ?<\/strong><br \/>Le verre \u00e0 double paroi est disponible en diff\u00e9rentes tailles pour r\u00e9pondre aux diff\u00e9rents besoins en mati\u00e8re de boissons.<\/p>\n<p><strong>8. Est-il adapt\u00e9 \u00e0 un usage commercial ?<\/strong><br \/>Oui, sa durabilit\u00e9 et son esth\u00e9tique en font un produit id\u00e9al pour les environnements commerciaux.<\/p>\n<p><\/p>\n<h2>Blog r\u00e9cent<\/h2>","protected":false},"featured_media":5940,"parent":0,"template":"","meta":{"_acf_changed":false,"_seopress_robots_primary_cat":"","_seopress_titles_title":"","_seopress_titles_desc":"","_seopress_robots_index":""},"categories":[12],"class_list":["post-5941","product","type-product","status-publish","has-post-thumbnail","hentry","category-glass-cup-manufacturers"],"acf":{"product_maidian":"<li>Enhances thermal insulation for optimal beverage temperature.<\/li>\r\n<li>Durable design with scratch-resistant properties.<\/li>\r\n<li>Ergonomic shape for comfortable grip and handling.<\/li>\r\n<li>Stylish and modern aesthetic to complement any setting.<\/li>\r\n<li>Prevents condensation for a clean and dry surface.<\/li>\r\n<li>Eco-friendly material minimizes environmental impact.<\/li>\r\n<li>Versatile use for hot and cold beverages.<\/li>\r\n<li>Easy to clean and maintain for long-lasting use.<\/li>"},"_links":{"self":[{"href":"https:\/\/glasswaremanufacturers.com\/fr\/wp-json\/wp\/v2\/product\/5941","targetHints":{"allow":["GET"]}}],"collection":[{"href":"https:\/\/glasswaremanufacturers.com\/fr\/wp-json\/wp\/v2\/product"}],"about":[{"href":"https:\/\/glasswaremanufacturers.com\/fr\/wp-json\/wp\/v2\/types\/product"}],"wp:featuredmedia":[{"embeddable":true,"href":"https:\/\/glasswaremanufacturers.com\/fr\/wp-json\/wp\/v2\/media\/5940"}],"wp:attachment":[{"href":"https:\/\/glasswaremanufacturers.com\/fr\/wp-json\/wp\/v2\/media?parent=5941"}],"wp:term":[{"taxonomy":"category","embeddable":true,"href":"https:\/\/glasswaremanufacturers.com\/fr\/wp-json\/wp\/v2\/categories?post=5941"}],"curies":[{"name":"wp","href":"https:\/\/api.w.org\/{rel}","templated":true}]}}