{"id":5943,"date":"2026-05-06T23:28:44","date_gmt":"2026-05-06T15:28:44","guid":{"rendered":"https:\/\/glasswaremanufacturers.com\/product\/egg-shape-double-wall-glass\/"},"modified":"2026-05-06T23:28:44","modified_gmt":"2026-05-06T15:28:44","slug":"verre-a-double-paroi-en-forme-doeuf","status":"publish","type":"product","link":"https:\/\/glasswaremanufacturers.com\/fr\/product\/egg-shape-double-wall-glass\/","title":{"rendered":"Verre \u00e0 double paroi en forme d'\u0153uf"},"content":{"rendered":"<h2>D\u00e9tails des produits<\/h2>\n<div class=\"product-table\">\n<div class=\"row\">\n<div class=\"cell label\">mat\u00e9riel<\/div>\n<div class=\"cell value\">Verre<\/div>\n<\/div>\n<div class=\"row\">\n<div class=\"cell label\">type<\/div>\n<div class=\"cell value\">gobelet en verre<\/div>\n<\/div>\n<div class=\"row\">\n<div class=\"cell label\">Application<\/div>\n<div class=\"cell value\">Accueil<\/div>\n<\/div>\n<div class=\"row\">\n<div class=\"cell label\">caract\u00e9ristique<\/div>\n<div class=\"cell value\">Double paroi<\/div>\n<\/div>\n<div class=\"row\">\n<div class=\"cell label\">style<\/div>\n<div class=\"cell value\">Moderne<\/div>\n<\/div>\n<div class=\"row\">\n<div class=\"cell label\">Unit\u00e9s de vente<\/div>\n<div class=\"cell value\">Article unique<\/div>\n<\/div>\n<\/div>\n<p>\n<img decoding=\"async\" src=\"https:\/\/glasswaremanufacturers.com\/wp-content\/uploads\/Egg_Shape_Double_Wall_Glass.webp\" alt=\"Verre \u00e0 double paroi en forme d&#039;\u0153uf\" title=\"Verre \u00e0 double paroi en forme d&#039;\u0153uf\"><\/p>\n<h2>FAQ<\/h2>\n<p><strong>1. Quelle est la capacit\u00e9 du verre ?<\/strong><br \/>Le verre double paroi en forme d'\u0153uf a une capacit\u00e9 de 250 ml.<\/p>\n<p><strong>2. Le verre passe-t-il au micro-ondes ?<\/strong><br \/>Oui, le verre borosilicat\u00e9 passe au micro-ondes.<\/p>\n<p><strong>3. Peut-il \u00eatre utilis\u00e9 pour les boissons chaudes et froides ?<\/strong><br \/>Absolument, la conception \u00e0 double paroi maintient la temp\u00e9rature pour les boissons chaudes et froides.<\/p>\n<p><strong>4. Quel est l'avantage de la double paroi pour le verre ?<\/strong><br \/>La double paroi permet d'isoler les boissons et de les maintenir \u00e0 la temp\u00e9rature souhait\u00e9e plus longtemps.<\/p>\n<p><strong>5. Le verre est-il fragile ?<\/strong><br \/>Le verre borosilicat\u00e9 est con\u00e7u pour \u00eatre durable et r\u00e9sistant aux chocs thermiques.<\/p>\n<p><strong>6. Puis-je l'utiliser dans un lave-vaisselle ?<\/strong><br \/>Oui, le verre passe au lave-vaisselle pour un nettoyage facile.<\/p>\n<p><strong>7. Qu'est-ce qui rend le dessin ou mod\u00e8le unique ?<\/strong><br \/>Son design en forme d'\u0153uf ajoute une touche de modernit\u00e9 \u00e0 tout d\u00e9cor.<\/p>\n<p><strong>8. Ce verre est-il adapt\u00e9 \u00e0 un usage commercial ?<\/strong><br \/>Id\u00e9al pour les caf\u00e9s et les restaurants \u00e0 la recherche d'une vaisselle unique.<\/p>\n<p><\/p>\n<h2>Blog r\u00e9cent<\/h2>","protected":false},"featured_media":5942,"parent":0,"template":"","meta":{"_acf_changed":false,"_seopress_robots_primary_cat":"","_seopress_titles_title":"","_seopress_titles_desc":"","_seopress_robots_index":""},"categories":[12],"class_list":["post-5943","product","type-product","status-publish","has-post-thumbnail","hentry","category-glass-cup-manufacturers"],"acf":{"product_maidian":"<li>Innovative egg-shaped design enhances aesthetic appeal.<\/li>\r\n<li>Double wall construction offers superior insulation.<\/li>\r\n<li>Durable borosilicate glass ensures longevity.<\/li>\r\n<li>Maintains temperature for both hot and cold beverages.<\/li>\r\n<li>Comfortable grip provides ease of use.<\/li>\r\n<li>Ideal for cafes and restaurants seeking unique serveware.<\/li>\r\n<li>Dishwasher safe for convenient cleaning.<\/li>\r\n<li>Lightweight design facilitates effortless handling.<\/li>"},"_links":{"self":[{"href":"https:\/\/glasswaremanufacturers.com\/fr\/wp-json\/wp\/v2\/product\/5943","targetHints":{"allow":["GET"]}}],"collection":[{"href":"https:\/\/glasswaremanufacturers.com\/fr\/wp-json\/wp\/v2\/product"}],"about":[{"href":"https:\/\/glasswaremanufacturers.com\/fr\/wp-json\/wp\/v2\/types\/product"}],"wp:featuredmedia":[{"embeddable":true,"href":"https:\/\/glasswaremanufacturers.com\/fr\/wp-json\/wp\/v2\/media\/5942"}],"wp:attachment":[{"href":"https:\/\/glasswaremanufacturers.com\/fr\/wp-json\/wp\/v2\/media?parent=5943"}],"wp:term":[{"taxonomy":"category","embeddable":true,"href":"https:\/\/glasswaremanufacturers.com\/fr\/wp-json\/wp\/v2\/categories?post=5943"}],"curies":[{"name":"wp","href":"https:\/\/api.w.org\/{rel}","templated":true}]}}