{"id":5945,"date":"2026-05-06T23:28:46","date_gmt":"2026-05-06T15:28:46","guid":{"rendered":"https:\/\/glasswaremanufacturers.com\/product\/elegant-glass-tea-mug\/"},"modified":"2026-05-06T23:28:46","modified_gmt":"2026-05-06T15:28:46","slug":"elegante-tasse-a-the-en-verre","status":"publish","type":"product","link":"https:\/\/glasswaremanufacturers.com\/fr\/product\/elegant-glass-tea-mug\/","title":{"rendered":"Tasse \u00e0 th\u00e9 \u00e9l\u00e9gante en verre"},"content":{"rendered":"<h2>D\u00e9tails des produits<\/h2>\n<div class=\"product-table\">\n<div class=\"row\">\n<div class=\"cell label\">mat\u00e9riel<\/div>\n<div class=\"cell value\">Verre<\/div>\n<\/div>\n<div class=\"row\">\n<div class=\"cell label\">volume<\/div>\n<div class=\"cell value\">200 ml, 90 ml, 150 ml, 180 ml<\/div>\n<\/div>\n<div class=\"row\">\n<div class=\"cell label\">caract\u00e9ristique<\/div>\n<div class=\"cell value\">Respectueux de l'environnement, Stock\u00e9<\/div>\n<\/div>\n<div class=\"row\">\n<div class=\"cell label\">style<\/div>\n<div class=\"cell value\">Style am\u00e9ricain<\/div>\n<\/div>\n<div class=\"row\">\n<div class=\"cell label\">Forme<\/div>\n<div class=\"cell value\">Rond<\/div>\n<\/div>\n<div class=\"row\">\n<div class=\"cell label\">occasion<\/div>\n<div class=\"cell value\">parti<\/div>\n<\/div>\n<div class=\"row\">\n<div class=\"cell label\">Type de boisson<\/div>\n<div class=\"cell value\">Tasses et soucoupes<\/div>\n<\/div>\n<div class=\"row\">\n<div class=\"cell label\">Nom du produit<\/div>\n<div class=\"cell value\">Tasses \u00e0 caf\u00e9 et \u00e0 lait<\/div>\n<\/div>\n<div class=\"row\">\n<div class=\"cell label\">Mat\u00e9riau<\/div>\n<div class=\"cell value\">Verre<\/div>\n<\/div>\n<div class=\"row\">\n<div class=\"cell label\">Couleur<\/div>\n<div class=\"cell value\">Transparent<\/div>\n<\/div>\n<div class=\"row\">\n<div class=\"cell label\">Emballage<\/div>\n<div class=\"cell value\">Bo\u00eete brune<\/div>\n<\/div>\n<div class=\"row\">\n<div class=\"cell label\">Utilisation<\/div>\n<div class=\"cell value\">Caf\u00e9. Th\u00e9. Bi\u00e8re. Eau<\/div>\n<\/div>\n<div class=\"row\">\n<div class=\"cell label\">Unit\u00e9s de vente<\/div>\n<div class=\"cell value\">Article unique<\/div>\n<\/div>\n<div class=\"row\">\n<div class=\"cell label\">Taille de l'emballage unique<\/div>\n<div class=\"cell value\">20X15X15 cm<\/div>\n<\/div>\n<div class=\"row\">\n<div class=\"cell label\">Poids brut unique<\/div>\n<div class=\"cell value\">0,500 kg<\/div>\n<\/div>\n<\/div>\n<p>\n<img decoding=\"async\" src=\"https:\/\/glasswaremanufacturers.com\/wp-content\/uploads\/Elegant_Glass_Tea_Mug.webp\" alt=\"Tasse \u00e0 th\u00e9 \u00e9l\u00e9gante en verre\" title=\"Tasse \u00e0 th\u00e9 \u00e9l\u00e9gante en verre\"><\/p>\n<h2>FAQ<\/h2>\n<p><strong>1. La tasse \u00e0 th\u00e9 en verre passe-t-elle au micro-ondes ?<\/strong><br \/>Oui, l'Elegant Glass Tea Mug passe au micro-ondes pour r\u00e9chauffer les boissons.<\/p>\n<p><strong>2. Le mug a-t-il un couvercle ?<\/strong><br \/>Non, l'Elegant Glass Tea Mug n'est pas livr\u00e9 avec un couvercle.<\/p>\n<p><strong>3. Quelle est la capacit\u00e9 de la tasse ?<\/strong><br \/>La tasse \u00e0 th\u00e9 en verre \u00e9l\u00e9gante a une capacit\u00e9 de 8 onces.<\/p>\n<p><strong>4. Puis-je utiliser cette tasse pour le caf\u00e9 ?<\/strong><br \/>Oui, l'Elegant Glass Tea Mug convient au caf\u00e9 et \u00e0 d'autres boissons chaudes.<\/p>\n<p><strong>5. Le mug est-il exempt de BPA ?<\/strong><br \/>Oui, l'Elegant Glass Tea Mug est fabriqu\u00e9 \u00e0 partir de mat\u00e9riaux sans BPA.<\/p>\n<p><strong>6. Comment nettoyer le mug ?<\/strong><br \/>La tasse \u00e0 th\u00e9 en verre \u00e9l\u00e9gante est lavable au lave-vaisselle pour un nettoyage facile.<\/p>\n<p><strong>7. Le mug r\u00e9siste-t-il aux chocs thermiques ?<\/strong><br \/>Oui, la conception \u00e0 double paroi permet de r\u00e9sister aux chocs thermiques.<\/p>\n<p><strong>8. Le mug s'adapte-t-il aux porte-gobelets standard ?<\/strong><br \/>L'Elegant Glass Tea Mug peut ne pas s'adapter \u00e0 tous les porte-gobelets en raison de la forme de sa poign\u00e9e.<\/p>\n<p><\/p>\n<h2>Blog r\u00e9cent<\/h2>","protected":false},"featured_media":5944,"parent":0,"template":"","meta":{"_acf_changed":false,"_seopress_robots_primary_cat":"","_seopress_titles_title":"","_seopress_titles_desc":"","_seopress_robots_index":""},"categories":[12],"class_list":["post-5945","product","type-product","status-publish","has-post-thumbnail","hentry","category-glass-cup-manufacturers"],"acf":{"product_maidian":"<li>Premium glass construction ensures durability and elegance.<\/li>\r\n<li>Double-walled design keeps beverages hot or cold longer.<\/li>\r\n<li>Ergonomic handle offers comfort and ease of use.<\/li>\r\n<li>Perfect size for office or home tea enjoyment.<\/li>\r\n<li>Transparent body showcases the beauty of your tea.<\/li>\r\n<li>Easy to clean and dishwasher safe for convenience.<\/li>\r\n<li>Eco-friendly materials contribute to sustainability.<\/li>"},"_links":{"self":[{"href":"https:\/\/glasswaremanufacturers.com\/fr\/wp-json\/wp\/v2\/product\/5945","targetHints":{"allow":["GET"]}}],"collection":[{"href":"https:\/\/glasswaremanufacturers.com\/fr\/wp-json\/wp\/v2\/product"}],"about":[{"href":"https:\/\/glasswaremanufacturers.com\/fr\/wp-json\/wp\/v2\/types\/product"}],"wp:featuredmedia":[{"embeddable":true,"href":"https:\/\/glasswaremanufacturers.com\/fr\/wp-json\/wp\/v2\/media\/5944"}],"wp:attachment":[{"href":"https:\/\/glasswaremanufacturers.com\/fr\/wp-json\/wp\/v2\/media?parent=5945"}],"wp:term":[{"taxonomy":"category","embeddable":true,"href":"https:\/\/glasswaremanufacturers.com\/fr\/wp-json\/wp\/v2\/categories?post=5945"}],"curies":[{"name":"wp","href":"https:\/\/api.w.org\/{rel}","templated":true}]}}