{"id":5947,"date":"2026-05-06T23:28:48","date_gmt":"2026-05-06T15:28:48","guid":{"rendered":"https:\/\/glasswaremanufacturers.com\/product\/embossed-flower-glass-wine-cup\/"},"modified":"2026-05-06T23:28:48","modified_gmt":"2026-05-06T15:28:48","slug":"verre-a-vin-avec-fleur-gaufree","status":"publish","type":"product","link":"https:\/\/glasswaremanufacturers.com\/fr\/product\/embossed-flower-glass-wine-cup\/","title":{"rendered":"Verre \u00e0 vin avec fleur gaufr\u00e9e"},"content":{"rendered":"<h2>D\u00e9tails des produits<\/h2>\n<div class=\"product-table\">\n<div class=\"row\">\n<div class=\"cell label\">type de verre<\/div>\n<div class=\"cell value\">VERRE \u00c0 VIN<\/div>\n<\/div>\n<div class=\"row\">\n<div class=\"cell label\">capacit\u00e9<\/div>\n<div class=\"cell value\">260ml<\/div>\n<\/div>\n<div class=\"row\">\n<div class=\"cell label\">mat\u00e9riel<\/div>\n<div class=\"cell value\">Verre<\/div>\n<\/div>\n<div class=\"row\">\n<div class=\"cell label\">caract\u00e9ristique<\/div>\n<div class=\"cell value\">Lavable au lave-vaisselle, nouveau design, gaufr\u00e9, \u00e9cologique, durable<\/div>\n<\/div>\n<div class=\"row\">\n<div class=\"cell label\">Artisanat<\/div>\n<div class=\"cell value\">Fait \u00e0 la main<\/div>\n<\/div>\n<div class=\"row\">\n<div class=\"cell label\">style<\/div>\n<div class=\"cell value\">Fleur<\/div>\n<\/div>\n<div class=\"row\">\n<div class=\"cell label\">utiliser<\/div>\n<div class=\"cell value\">Le vin<\/div>\n<\/div>\n<div class=\"row\">\n<div class=\"cell label\">occasion<\/div>\n<div class=\"cell value\">Parti<\/div>\n<\/div>\n<div class=\"row\">\n<div class=\"cell label\">type de m\u00e9tal<\/div>\n<div class=\"cell value\">Non Mental<\/div>\n<\/div>\n<div class=\"row\">\n<div class=\"cell label\">type de plastique<\/div>\n<div class=\"cell value\">pas de plastique<\/div>\n<\/div>\n<div class=\"row\">\n<div class=\"cell label\">type de c\u00e9ramique<\/div>\n<div class=\"cell value\">Pas de c\u00e9ramique<\/div>\n<\/div>\n<div class=\"row\">\n<div class=\"cell label\">Mati\u00e8re<\/div>\n<div class=\"cell value\">Verre<\/div>\n<\/div>\n<div class=\"row\">\n<div class=\"cell label\">Unit\u00e9s de vente<\/div>\n<div class=\"cell value\">Multiple de 100<\/div>\n<\/div>\n<div class=\"row\">\n<div class=\"cell label\">Taille de l'emballage par lot<\/div>\n<div class=\"cell value\">28,1X37,2X40,8 cm<\/div>\n<\/div>\n<div class=\"row\">\n<div class=\"cell label\">Poids brut par lot<\/div>\n<div class=\"cell value\">9,290 kg<\/div>\n<\/div>\n<\/div>\n<p>\n<img decoding=\"async\" src=\"https:\/\/glasswaremanufacturers.com\/wp-content\/uploads\/Embossed_Flower_Glass_Wine_Cup.webp\" alt=\"Verre \u00e0 vin avec fleur gaufr\u00e9e\" title=\"Verre \u00e0 vin avec fleur gaufr\u00e9e\"><\/p>\n<h2>FAQ<\/h2>\n<p><strong>1. Quelle est la capacit\u00e9 de la coupe \u00e0 vin ?<\/strong><br \/>La capacit\u00e9 varie, offrant des options adapt\u00e9es aux diff\u00e9rentes pr\u00e9f\u00e9rences.<\/p>\n<p><strong>2. Le verre passe-t-il au lave-vaisselle ?<\/strong><br \/>Oui, la coupe \u00e0 vin en verre \u00e0 fleurs gaufr\u00e9es peut \u00eatre lav\u00e9e au lave-vaisselle.<\/p>\n<p><strong>3. Le gobelet \u00e0 vin peut-il \u00eatre personnalis\u00e9 avec des logos ?<\/strong><br \/>Des options de personnalisation sont disponibles pour l'image de marque de l'entreprise.<\/p>\n<p><strong>4. Le motif gaufr\u00e9 affecte-t-il le go\u00fbt du vin ?<\/strong><br \/>Le design renforce l'ar\u00f4me sans alt\u00e9rer le go\u00fbt du vin.<\/p>\n<p><strong>5. Quel est le mat\u00e9riau utilis\u00e9 pour la coupe \u00e0 vin ?<\/strong><br \/>Il est fabriqu\u00e9 en verre durable de haute qualit\u00e9.<\/p>\n<p><strong>6. Est-il possible de passer des commandes en gros ?<\/strong><br \/>Oui, les commandes en gros peuvent \u00eatre accept\u00e9es pour les besoins de l'entreprise.<\/p>\n<p><strong>7. La coupe \u00e0 vin convient-elle pour le vin rouge et le vin blanc ?<\/strong><br \/>Le design est polyvalent et convient aussi bien aux vins rouges qu'aux vins blancs.<\/p>\n<p><strong>8. Quel est l'int\u00e9r\u00eat de la conception pour la pr\u00e9sentation du vin ?<\/strong><br \/>Le design \u00e9l\u00e9gant rehausse l'attrait visuel des services \u00e0 vin.<\/p>\n<p><\/p>\n<h2>Blog r\u00e9cent<\/h2>","protected":false},"featured_media":5946,"parent":0,"template":"","meta":{"_acf_changed":false,"_seopress_robots_primary_cat":"","_seopress_titles_title":"","_seopress_titles_desc":"","_seopress_robots_index":""},"categories":[12],"class_list":["post-5947","product","type-product","status-publish","has-post-thumbnail","hentry","category-glass-cup-manufacturers"],"acf":{"product_maidian":"<li>Elegant design enhances wine presentation.<\/li>\r\n<li>Embossed flowers add a touch of sophistication.<\/li>\r\n<li>Durable glass ensures long-lasting use.<\/li>\r\n<li>Perfect for corporate events and gatherings.<\/li>\r\n<li>Easy to clean and maintain.<\/li>\r\n<li>Enhances the aroma and taste of wines.<\/li>\r\n<li>Ideal for gifting to clients and partners.<\/li>\r\n<li>Available in various sizes for different needs.<\/li>"},"_links":{"self":[{"href":"https:\/\/glasswaremanufacturers.com\/fr\/wp-json\/wp\/v2\/product\/5947","targetHints":{"allow":["GET"]}}],"collection":[{"href":"https:\/\/glasswaremanufacturers.com\/fr\/wp-json\/wp\/v2\/product"}],"about":[{"href":"https:\/\/glasswaremanufacturers.com\/fr\/wp-json\/wp\/v2\/types\/product"}],"wp:featuredmedia":[{"embeddable":true,"href":"https:\/\/glasswaremanufacturers.com\/fr\/wp-json\/wp\/v2\/media\/5946"}],"wp:attachment":[{"href":"https:\/\/glasswaremanufacturers.com\/fr\/wp-json\/wp\/v2\/media?parent=5947"}],"wp:term":[{"taxonomy":"category","embeddable":true,"href":"https:\/\/glasswaremanufacturers.com\/fr\/wp-json\/wp\/v2\/categories?post=5947"}],"curies":[{"name":"wp","href":"https:\/\/api.w.org\/{rel}","templated":true}]}}