{"id":5995,"date":"2026-05-12T23:16:16","date_gmt":"2026-05-12T15:16:16","guid":{"rendered":"https:\/\/glasswaremanufacturers.com\/product\/glass-cup-with-straw-lid\/"},"modified":"2026-05-12T23:16:16","modified_gmt":"2026-05-12T15:16:16","slug":"gobelet-en-verre-avec-couvercle-en-forme-de-paille","status":"publish","type":"product","link":"https:\/\/glasswaremanufacturers.com\/fr\/product\/glass-cup-with-straw-lid\/","title":{"rendered":"Tasse en verre avec couvercle en paille"},"content":{"rendered":"<h2>D\u00e9tails des produits<\/h2>\n<div class=\"product-table\">\n<div class=\"row\">\n<div class=\"cell label\">mat\u00e9riel<\/div>\n<div class=\"cell value\">Verre borosilicate r\u00e9sistant \u00e0 la chaleur<\/div>\n<\/div>\n<div class=\"row\">\n<div class=\"cell label\">type<\/div>\n<div class=\"cell value\">Gobelet<\/div>\n<\/div>\n<div class=\"row\">\n<div class=\"cell label\">Construction de murs<\/div>\n<div class=\"cell value\">Mur simple<\/div>\n<\/div>\n<div class=\"row\">\n<div class=\"cell label\">Compatible avec le four \u00e0 micro-ondes<\/div>\n<div class=\"cell value\">Oui<\/div>\n<\/div>\n<div class=\"row\">\n<div class=\"cell label\">lavable au lave-vaisselle<\/div>\n<div class=\"cell value\">Oui<\/div>\n<\/div>\n<div class=\"row\">\n<div class=\"cell label\">Application<\/div>\n<div class=\"cell value\">Accueil<\/div>\n<\/div>\n<div class=\"row\">\n<div class=\"cell label\">caract\u00e9ristique<\/div>\n<div class=\"cell value\">R\u00e9utilisable, \u00e9tanche<\/div>\n<\/div>\n<div class=\"row\">\n<div class=\"cell label\">style<\/div>\n<div class=\"cell value\">Moderne<\/div>\n<\/div>\n<div class=\"row\">\n<div class=\"cell label\">Personnes concern\u00e9es<\/div>\n<div class=\"cell value\">Unisexe<\/div>\n<\/div>\n<div class=\"row\">\n<div class=\"cell label\">occasion<\/div>\n<div class=\"cell value\">partout<\/div>\n<\/div>\n<div class=\"row\">\n<div class=\"cell label\">Nom du produit<\/div>\n<div class=\"cell value\">Coupe en verre sublim\u00e9<\/div>\n<\/div>\n<div class=\"row\">\n<div class=\"cell label\">type<\/div>\n<div class=\"cell value\">Gobelet \u00e0 boisson<\/div>\n<\/div>\n<div class=\"row\">\n<div class=\"cell label\">logo<\/div>\n<div class=\"cell value\">Logo personnalis\u00e9 acceptable<\/div>\n<\/div>\n<div class=\"row\">\n<div class=\"cell label\">paquet<\/div>\n<div class=\"cell value\">1pcs\/bo\u00eete int\u00e9rieure<\/div>\n<\/div>\n<div class=\"row\">\n<div class=\"cell label\">Mat\u00e9riau<\/div>\n<div class=\"cell value\">Verre \u00e0 haute teneur en borosilicate<\/div>\n<\/div>\n<div class=\"row\">\n<div class=\"cell label\">Utilisation<\/div>\n<div class=\"cell value\">Caf\u00e9. Th\u00e9. Bi\u00e8re. Eau<\/div>\n<\/div>\n<div class=\"row\">\n<div class=\"cell label\">Couleur<\/div>\n<div class=\"cell value\">Couleur personnalis\u00e9e<\/div>\n<\/div>\n<div class=\"row\">\n<div class=\"cell label\">Capacit\u00e9<\/div>\n<div class=\"cell value\">16oz<\/div>\n<\/div>\n<div class=\"row\">\n<div class=\"cell label\">MOQ<\/div>\n<div class=\"cell value\">50 pi\u00e8ces<\/div>\n<\/div>\n<div class=\"row\">\n<div class=\"cell label\">Unit\u00e9s de vente<\/div>\n<div class=\"cell value\">Article unique<\/div>\n<\/div>\n<div class=\"row\">\n<div class=\"cell label\">Taille de l'emballage unique<\/div>\n<div class=\"cell value\">10X10X17 cm<\/div>\n<\/div>\n<div class=\"row\">\n<div class=\"cell label\">Poids brut unique<\/div>\n<div class=\"cell value\">0,260 kg<\/div>\n<\/div>\n<\/div>\n<p>\n<img decoding=\"async\" src=\"https:\/\/glasswaremanufacturers.com\/wp-content\/uploads\/Glass_Cup_with_Straw_Lid.webp\" alt=\"Tasse en verre avec couvercle en paille\" title=\"Tasse en verre avec couvercle en paille\"><\/p>\n<h2>FAQ<\/h2>\n<p><strong>1. Le gobelet en verre peut-il \u00eatre lav\u00e9 au lave-vaisselle ?<\/strong><br \/>Oui, la tasse en verre peut \u00eatre lav\u00e9e au lave-vaisselle pour un nettoyage facile.<\/p>\n<p><strong>2. Puis-je utiliser le gobelet pour des boissons chaudes ?<\/strong><br \/>Absolument, le gobelet en verre est con\u00e7u pour les boissons chaudes et froides.<\/p>\n<p><strong>3. Le couvercle \u00e0 paille emp\u00eache-t-il les d\u00e9versements ?<\/strong><br \/>Oui, le couvercle en forme de paille est con\u00e7u pour minimiser les d\u00e9versements pendant l'utilisation.<\/p>\n<p><strong>4. Quelles sont les tailles disponibles ?<\/strong><br \/>Le gobelet en verre est disponible en diff\u00e9rentes tailles pour r\u00e9pondre aux pr\u00e9f\u00e9rences de chacun.<\/p>\n<p><strong>5. Le mat\u00e9riau est-il \u00e9cologique ?<\/strong><br \/>Oui, le gobelet en verre est fabriqu\u00e9 \u00e0 partir de mat\u00e9riaux respectueux de l'environnement.<\/p>\n<p><strong>6. Quelle est la durabilit\u00e9 du gobelet en verre ?<\/strong><br \/>Le gobelet en verre est con\u00e7u pour garantir une longue dur\u00e9e de vie.<\/p>\n<p><strong>7. Puis-je acheter des couvercles ou des pailles de rechange ?<\/strong><br \/>Oui, des couvercles et des pailles de remplacement sont disponibles \u00e0 l'achat.<\/p>\n<p><strong>8. Le gobelet est-il ergonomique ?<\/strong><br \/>Oui, le gobelet en verre pr\u00e9sente une forme ergonomique pour une prise en main confortable.<\/p>\n<p><\/p>\n<h2>Blog r\u00e9cent<\/h2>","protected":false},"featured_media":5994,"parent":0,"template":"","meta":{"_acf_changed":false,"_seopress_robots_primary_cat":"","_seopress_titles_title":"","_seopress_titles_desc":"","_seopress_robots_index":"","_seopress_analysis_target_kw":""},"categories":[12],"class_list":["post-5995","product","type-product","status-publish","has-post-thumbnail","hentry","category-glass-cup-manufacturers"],"acf":{"product_maidian":"<li>Durable glass construction ensures longevity.<\/li>\r\n<li>Straw lid design facilitates spill-free sipping.<\/li>\r\n<li>Eco-friendly materials promote sustainable use.<\/li>\r\n<li>Ergonomic shape offers comfortable handling.<\/li>\r\n<li>Easy to clean with dishwasher-safe components.<\/li>\r\n<li>Ideal for both hot and cold beverages.<\/li>\r\n<li>Sleek design enhances drink presentation.<\/li>\r\n<li>Available in various sizes to suit different needs.<\/li>"},"_links":{"self":[{"href":"https:\/\/glasswaremanufacturers.com\/fr\/wp-json\/wp\/v2\/product\/5995","targetHints":{"allow":["GET"]}}],"collection":[{"href":"https:\/\/glasswaremanufacturers.com\/fr\/wp-json\/wp\/v2\/product"}],"about":[{"href":"https:\/\/glasswaremanufacturers.com\/fr\/wp-json\/wp\/v2\/types\/product"}],"wp:featuredmedia":[{"embeddable":true,"href":"https:\/\/glasswaremanufacturers.com\/fr\/wp-json\/wp\/v2\/media\/5994"}],"wp:attachment":[{"href":"https:\/\/glasswaremanufacturers.com\/fr\/wp-json\/wp\/v2\/media?parent=5995"}],"wp:term":[{"taxonomy":"category","embeddable":true,"href":"https:\/\/glasswaremanufacturers.com\/fr\/wp-json\/wp\/v2\/categories?post=5995"}],"curies":[{"name":"wp","href":"https:\/\/api.w.org\/{rel}","templated":true}]}}