{"id":5999,"date":"2026-05-12T23:16:20","date_gmt":"2026-05-12T15:16:20","guid":{"rendered":"https:\/\/glasswaremanufacturers.com\/product\/glass-tea-cup-with-handle\/"},"modified":"2026-05-12T23:16:20","modified_gmt":"2026-05-12T15:16:20","slug":"tasse-a-the-en-verre-avec-anse","status":"publish","type":"product","link":"https:\/\/glasswaremanufacturers.com\/fr\/product\/glass-tea-cup-with-handle\/","title":{"rendered":"Tasse \u00e0 th\u00e9 en verre avec anse"},"content":{"rendered":"<h2>D\u00e9tails des produits<\/h2>\n<div class=\"product-table\">\n<div class=\"row\">\n<div class=\"cell label\">volume<\/div>\n<div class=\"cell value\">420ml<\/div>\n<\/div>\n<div class=\"row\">\n<div class=\"cell label\">style<\/div>\n<div class=\"cell value\">Style am\u00e9ricain<\/div>\n<\/div>\n<div class=\"row\">\n<div class=\"cell label\">occasion<\/div>\n<div class=\"cell value\">Cadeaux d'affaires<\/div>\n<\/div>\n<div class=\"row\">\n<div class=\"cell label\">Type de boisson<\/div>\n<div class=\"cell value\">Tasses et soucoupes<\/div>\n<\/div>\n<div class=\"row\">\n<div class=\"cell label\">Nom du produit<\/div>\n<div class=\"cell value\">Tasse \u00e0 th\u00e9 de 14oz en verre borosilicate avec poign\u00e9e pour boire<\/div>\n<\/div>\n<div class=\"row\">\n<div class=\"cell label\">Utilisation<\/div>\n<div class=\"cell value\">boire du th\u00e9<\/div>\n<\/div>\n<div class=\"row\">\n<div class=\"cell label\">Mat\u00e9riau<\/div>\n<div class=\"cell value\">Verre borosilicat\u00e9<\/div>\n<\/div>\n<div class=\"row\">\n<div class=\"cell label\">Capacit\u00e9<\/div>\n<div class=\"cell value\">14oz\/420 ml<\/div>\n<\/div>\n<div class=\"row\">\n<div class=\"cell label\">Forme<\/div>\n<div class=\"cell value\">Rond avec poign\u00e9e<\/div>\n<\/div>\n<div class=\"row\">\n<div class=\"cell label\">Logo<\/div>\n<div class=\"cell value\">Accepter l'impression de logos OEM<\/div>\n<\/div>\n<div class=\"row\">\n<div class=\"cell label\">Artisanat<\/div>\n<div class=\"cell value\">fait \u00e0 la main<\/div>\n<\/div>\n<div class=\"row\">\n<div class=\"cell label\">Taille<\/div>\n<div class=\"cell value\">70*150mm<\/div>\n<\/div>\n<div class=\"row\">\n<div class=\"cell label\">MOQ<\/div>\n<div class=\"cell value\">100pcs<\/div>\n<\/div>\n<div class=\"row\">\n<div class=\"cell label\">Emballage<\/div>\n<div class=\"cell value\">Bo\u00eete blanche<\/div>\n<\/div>\n<div class=\"row\">\n<div class=\"cell label\">Unit\u00e9s de vente<\/div>\n<div class=\"cell value\">Article unique<\/div>\n<\/div>\n<div class=\"row\">\n<div class=\"cell label\">Taille de l'emballage unique<\/div>\n<div class=\"cell value\">8X8X17 cm<\/div>\n<\/div>\n<div class=\"row\">\n<div class=\"cell label\">Poids brut unique<\/div>\n<div class=\"cell value\">0,500 kg<\/div>\n<\/div>\n<\/div>\n<p>\n<img decoding=\"async\" src=\"https:\/\/glasswaremanufacturers.com\/wp-content\/uploads\/Glass_Tea_Cup_with_Handle.webp\" alt=\"Tasse \u00e0 th\u00e9 en verre avec anse\" title=\"Tasse \u00e0 th\u00e9 en verre avec anse\"><\/p>\n<h2>FAQ<\/h2>\n<p><strong>1. La tasse \u00e0 th\u00e9 en verre passe-t-elle au micro-ondes ?<\/strong><br \/>Oui, notre tasse \u00e0 th\u00e9 en verre passe au micro-ondes, ce qui permet de r\u00e9chauffer facilement les boissons.<\/p>\n<p><strong>2. La tasse \u00e0 th\u00e9 en verre peut-elle \u00eatre utilis\u00e9e pour des boissons froides ?<\/strong><br \/>Absolument, la tasse \u00e0 th\u00e9 en verre convient aussi bien aux boissons chaudes qu'aux boissons froides.<\/p>\n<p><strong>3. La poign\u00e9e chauffe-t-elle lorsqu'elle est remplie de th\u00e9 chaud ?<\/strong><br \/>Non, la poign\u00e9e est con\u00e7ue pour rester froide, ce qui garantit une prise en main confortable.<\/p>\n<p><strong>4. Comment nettoyer la tasse \u00e0 th\u00e9 en verre ?<\/strong><br \/>La tasse \u00e0 th\u00e9 en verre peut \u00eatre lav\u00e9e au lave-vaisselle.<\/p>\n<p><strong>5. La tasse \u00e0 th\u00e9 en verre peut-elle \u00eatre utilis\u00e9e \u00e0 des fins commerciales ?<\/strong><br \/>Oui, il est parfait pour les caf\u00e9s et les restaurants, offrant durabilit\u00e9 et style.<\/p>\n<p><strong>6. Quelle est la capacit\u00e9 de la tasse \u00e0 th\u00e9 en verre ?<\/strong><br \/>La tasse \u00e0 th\u00e9 en verre contient une portion standard, id\u00e9ale pour un usage personnel.<\/p>\n<p><strong>7. La tasse \u00e0 th\u00e9 en verre peut-elle \u00eatre empil\u00e9e ?<\/strong><br \/>Oui, la conception permet un empilage efficace, ce qui \u00e9conomise de l'espace de stockage.<\/p>\n<p><strong>8. La tasse \u00e0 th\u00e9 en verre est-elle munie d'une base antid\u00e9rapante ?<\/strong><br \/>Oui, il dispose d'une base stable pour \u00e9viter les d\u00e9versements et les accidents.<\/p>\n<p><\/p>\n<h2>Blog r\u00e9cent<\/h2>","protected":false},"featured_media":5998,"parent":0,"template":"","meta":{"_acf_changed":false,"_seopress_robots_primary_cat":"","_seopress_titles_title":"","_seopress_titles_desc":"","_seopress_robots_index":"","_seopress_analysis_target_kw":""},"categories":[12],"class_list":["post-5999","product","type-product","status-publish","has-post-thumbnail","hentry","category-glass-cup-manufacturers"],"acf":{"product_maidian":"<li>Durable glass construction for long-lasting use.<\/li>\r\n<li>Elegant design enhances any beverage experience.<\/li>\r\n<li>Comfortable handle for easy grip and pouring.<\/li>\r\n<li>Temperature-resistant glass suitable for hot beverages.<\/li>\r\n<li>Easy to clean and maintain for busy environments.<\/li>\r\n<li>Perfect size for serving individual tea portions.<\/li>\r\n<li>Crystal-clear glass showcases tea's natural colors.<\/li>\r\n<li>Ideal for cafes, restaurants, and office settings.<\/li>"},"_links":{"self":[{"href":"https:\/\/glasswaremanufacturers.com\/fr\/wp-json\/wp\/v2\/product\/5999","targetHints":{"allow":["GET"]}}],"collection":[{"href":"https:\/\/glasswaremanufacturers.com\/fr\/wp-json\/wp\/v2\/product"}],"about":[{"href":"https:\/\/glasswaremanufacturers.com\/fr\/wp-json\/wp\/v2\/types\/product"}],"wp:featuredmedia":[{"embeddable":true,"href":"https:\/\/glasswaremanufacturers.com\/fr\/wp-json\/wp\/v2\/media\/5998"}],"wp:attachment":[{"href":"https:\/\/glasswaremanufacturers.com\/fr\/wp-json\/wp\/v2\/media?parent=5999"}],"wp:term":[{"taxonomy":"category","embeddable":true,"href":"https:\/\/glasswaremanufacturers.com\/fr\/wp-json\/wp\/v2\/categories?post=5999"}],"curies":[{"name":"wp","href":"https:\/\/api.w.org\/{rel}","templated":true}]}}