{"id":6001,"date":"2026-05-12T23:16:22","date_gmt":"2026-05-12T15:16:22","guid":{"rendered":"https:\/\/glasswaremanufacturers.com\/product\/gradient-glass-mason-cup\/"},"modified":"2026-05-12T23:16:22","modified_gmt":"2026-05-12T15:16:22","slug":"gobelet-mason-en-verre-degrade","status":"publish","type":"product","link":"https:\/\/glasswaremanufacturers.com\/fr\/product\/gradient-glass-mason-cup\/","title":{"rendered":"Coupe Mason en verre d\u00e9grad\u00e9"},"content":{"rendered":"<h2>D\u00e9tails des produits<\/h2>\n<div class=\"product-table\">\n<div class=\"row\">\n<div class=\"cell label\">mat\u00e9riel<\/div>\n<div class=\"cell value\">Verre<\/div>\n<\/div>\n<div class=\"row\">\n<div class=\"cell label\">volume<\/div>\n<div class=\"cell value\">420ml<\/div>\n<\/div>\n<div class=\"row\">\n<div class=\"cell label\">caract\u00e9ristique<\/div>\n<div class=\"cell value\">Stock\u00e9<\/div>\n<\/div>\n<div class=\"row\">\n<div class=\"cell label\">style<\/div>\n<div class=\"cell value\">Classique<\/div>\n<\/div>\n<div class=\"row\">\n<div class=\"cell label\">occasion<\/div>\n<div class=\"cell value\">Cadeaux d'affaires<\/div>\n<\/div>\n<div class=\"row\">\n<div class=\"cell label\">Type de boisson<\/div>\n<div class=\"cell value\">Tasses et soucoupes<\/div>\n<\/div>\n<div class=\"row\">\n<div class=\"cell label\">Nom du produit<\/div>\n<div class=\"cell value\">Coupe en verre<\/div>\n<\/div>\n<div class=\"row\">\n<div class=\"cell label\">Mat\u00e9riau<\/div>\n<div class=\"cell value\">Verre<\/div>\n<\/div>\n<div class=\"row\">\n<div class=\"cell label\">Couleur<\/div>\n<div class=\"cell value\">Transparent<\/div>\n<\/div>\n<div class=\"row\">\n<div class=\"cell label\">Capacit\u00e9<\/div>\n<div class=\"cell value\">480ml<\/div>\n<\/div>\n<div class=\"row\">\n<div class=\"cell label\">Taille<\/div>\n<div class=\"cell value\">10,6*13,2 cm<\/div>\n<\/div>\n<div class=\"row\">\n<div class=\"cell label\">Contenu<\/div>\n<div class=\"cell value\">tasse+couvercle+paille<\/div>\n<\/div>\n<div class=\"row\">\n<div class=\"cell label\">Utilisation<\/div>\n<div class=\"cell value\">Caf\u00e9. Th\u00e9. Bi\u00e8re. Eau<\/div>\n<\/div>\n<div class=\"row\">\n<div class=\"cell label\">Mot-cl\u00e9<\/div>\n<div class=\"cell value\">Tasse \u00e0 caf\u00e9 en c\u00e9ramique et porcelaine<\/div>\n<\/div>\n<div class=\"row\">\n<div class=\"cell label\">Style<\/div>\n<div class=\"cell value\">Set de tasses \u00e0 caf\u00e9 expresso<\/div>\n<\/div>\n<div class=\"row\">\n<div class=\"cell label\">Fonction<\/div>\n<div class=\"cell value\">Respect de l'environnement. Environnement<\/div>\n<\/div>\n<div class=\"row\">\n<div class=\"cell label\">Unit\u00e9s de vente<\/div>\n<div class=\"cell value\">Article unique<\/div>\n<\/div>\n<div class=\"row\">\n<div class=\"cell label\">Taille de l'emballage unique<\/div>\n<div class=\"cell value\">13X13X15,2 cm<\/div>\n<\/div>\n<div class=\"row\">\n<div class=\"cell label\">Poids brut unique<\/div>\n<div class=\"cell value\">0,300 kg<\/div>\n<\/div>\n<\/div>\n<p>\n<img decoding=\"async\" src=\"https:\/\/glasswaremanufacturers.com\/wp-content\/uploads\/Gradient_Glass_Mason_Cup.webp\" alt=\"Coupe Mason en verre d\u00e9grad\u00e9\" title=\"Coupe Mason en verre d\u00e9grad\u00e9\"><\/p>\n<h2>FAQ<\/h2>\n<p><strong>1. De quoi est fait le gobelet Mason en verre d\u00e9grad\u00e9 ?<\/strong><br \/>Le gobelet Mason en verre d\u00e9grad\u00e9 est fabriqu\u00e9 en verre de haute qualit\u00e9 pour une plus grande durabilit\u00e9.<\/p>\n<p><strong>2. Le gobelet Mason en verre d\u00e9grad\u00e9 peut-il contenir des boissons chaudes ?<\/strong><br \/>Oui, le gobelet Mason en verre d\u00e9grad\u00e9 est con\u00e7u pour contenir en toute s\u00e9curit\u00e9 des boissons chaudes et froides.<\/p>\n<p><strong>3. Existe-t-il diff\u00e9rentes couleurs pour le gobelet Mason en verre d\u00e9grad\u00e9 ?<\/strong><br \/>Le gobelet est disponible en plusieurs couleurs d\u00e9grad\u00e9es pour correspondre \u00e0 votre marque ou \u00e0 vos pr\u00e9f\u00e9rences personnelles.<\/p>\n<p><strong>4. Le gobelet Mason en verre d\u00e9grad\u00e9 est-il \u00e9cologique ?<\/strong><br \/>Oui, il est fabriqu\u00e9 \u00e0 partir de mat\u00e9riaux durables, ce qui en fait un choix respectueux de l'environnement.<\/p>\n<p><strong>5. Comment nettoyer le gobelet Mason en verre d\u00e9grad\u00e9 ?<\/strong><br \/>La surface du gobelet est facile \u00e0 nettoyer, ce qui est id\u00e9al pour respecter les normes d'hygi\u00e8ne.<\/p>\n<p><strong>6. Le couvercle du gobelet Mason en verre d\u00e9grad\u00e9 est-il bien fix\u00e9 ?<\/strong><br \/>Le couvercle est con\u00e7u pour \u00e9viter les d\u00e9versements et les fuites, garantissant ainsi un transport en toute s\u00e9curit\u00e9.<\/p>\n<p><strong>7. Quelles sont les dimensions du gobelet Mason en verre d\u00e9grad\u00e9 ?<\/strong><br \/>Le gobelet est con\u00e7u de mani\u00e8re ergonomique pour une prise en main confortable et une manipulation ais\u00e9e.<\/p>\n<p><strong>8. Puis-je utiliser le gobelet Mason en verre d\u00e9grad\u00e9 pour des \u00e9v\u00e9nements promotionnels ?<\/strong><br \/>Oui, son design \u00e9l\u00e9gant en fait un outil id\u00e9al pour les activit\u00e9s de marquage et de promotion.<\/p>\n<p><\/p>\n<h2>Blog r\u00e9cent<\/h2>","protected":false},"featured_media":6000,"parent":0,"template":"","meta":{"_acf_changed":false,"_seopress_robots_primary_cat":"","_seopress_titles_title":"","_seopress_titles_desc":"","_seopress_robots_index":"","_seopress_analysis_target_kw":""},"categories":[12],"class_list":["post-6001","product","type-product","status-publish","has-post-thumbnail","hentry","category-glass-cup-manufacturers"],"acf":{"product_maidian":"<li>Stylishly designed for modern workplaces.<\/li>\r\n<li>Durable glass construction ensures longevity.<\/li>\r\n<li>Easy-to-clean surface maintains hygiene standards.<\/li>\r\n<li>Available in multiple gradient colors for personalization.<\/li>\r\n<li>Perfect for both hot and cold beverages.<\/li>\r\n<li>Eco-friendly materials support sustainability goals.<\/li>\r\n<li>Lightweight design for easy transport.<\/li>\r\n<li>Secure lid prevents spills and leaks.<\/li>"},"_links":{"self":[{"href":"https:\/\/glasswaremanufacturers.com\/fr\/wp-json\/wp\/v2\/product\/6001","targetHints":{"allow":["GET"]}}],"collection":[{"href":"https:\/\/glasswaremanufacturers.com\/fr\/wp-json\/wp\/v2\/product"}],"about":[{"href":"https:\/\/glasswaremanufacturers.com\/fr\/wp-json\/wp\/v2\/types\/product"}],"wp:featuredmedia":[{"embeddable":true,"href":"https:\/\/glasswaremanufacturers.com\/fr\/wp-json\/wp\/v2\/media\/6000"}],"wp:attachment":[{"href":"https:\/\/glasswaremanufacturers.com\/fr\/wp-json\/wp\/v2\/media?parent=6001"}],"wp:term":[{"taxonomy":"category","embeddable":true,"href":"https:\/\/glasswaremanufacturers.com\/fr\/wp-json\/wp\/v2\/categories?post=6001"}],"curies":[{"name":"wp","href":"https:\/\/api.w.org\/{rel}","templated":true}]}}